{"id":4142,"date":"2024-07-24T21:07:03","date_gmt":"2024-07-24T19:07:03","guid":{"rendered":"https:\/\/www.sarabadrschmidt.com\/?page_id=4142"},"modified":"2024-07-24T21:08:09","modified_gmt":"2024-07-24T19:08:09","slug":"les-limites-de-la-memoire","status":"publish","type":"page","link":"https:\/\/www.sarabadrschmidt.com\/fr\/les-limites-de-la-memoire\/","title":{"rendered":"Les limites de la m\u00e9moire"},"content":{"rendered":"<div class=\"wpb-content-wrapper\"><p>[vc_row][vc_column width=\u00a0\u00bb2\/3&Prime;][vc_column_text css_animation=\u00a0\u00bbleft-to-right\u00a0\u00bb]\u00c9crire sur le lieu qui est devenu un non-lieu ; \u00e9crire sur les limites de la m\u00e9moire, sur l&rsquo;appel \u00e0 transmettre, \u00e0 v\u00e9hiculer&#8230; ce type d&rsquo;\u00e9criture est par essence une forme de gu\u00e9rison&#8230;<span class=\"Apple-converted-space\">\u00a0<\/span><\/p>\n<p>Briser les tabous qui d\u00e9clarent l&rsquo;inutilit\u00e9 des lieux lorsqu&rsquo;ils disparaissent ; l&rsquo;agonie de la s\u00e9paration, de la rupture, de l&rsquo;\u00e9loignement&#8230;<span class=\"Apple-converted-space\">\u00a0<\/span><\/p>\n<p>Donner un nom \u00e0 ce sentiment angoissant d&rsquo;\u00eatre dans un lieu autre que chez soi, \u00e0 la fois imm\u00e9diat et brut&#8230;<span class=\"Apple-converted-space\">\u00a0<\/span><\/p>\n<p>Donner un nom \u00e0 une \u00e9motion : \u00ab\u00a0Laila\u00a0\u00bb, une m\u00e8re, ma m\u00e8re ; une caresse, une \u00e9treinte ;<span class=\"Apple-converted-space\">\u00a0<\/span><\/p>\n<p>l&rsquo;insistance d&rsquo;une odeur de maison perdue. \u00ab\u00a0Laila\u00a0\u00bb, ou le d\u00e9but de tout, la main qui moule, l&rsquo; \u00ab\u00a0abri\u00a0\u00bb. Pourtant, dans notre m\u00e9moire douloureuse, les abris convoquent l&rsquo;odeur de la peur, de la poudre \u00e0 canon dans les couleurs conformes de l&rsquo;obscurit\u00e9.<span class=\"Apple-converted-space\">\u00a0<\/span><\/p>\n<p>Mais \u00ab\u00a0Laila\u00a0\u00bb n&rsquo;est pas une. Elle est multiple. La coupure am\u00e8re dans une mer de nostalgie transfigur\u00e9e ; un espace dans le d\u00e9ni ; totalement hors de la conscience ; un pass\u00e9 entier annihil\u00e9. En elle, il y a le salut, la beaut\u00e9, l&rsquo;amour et la vie. Et dans le non-lieu, il y a le bruit, le chaos et la soif de n\u00e9ant. L&rsquo;inconnu n&rsquo;est pas confin\u00e9 \u00e0 un lieu pr\u00e9cis. Il s&rsquo;\u00e9tend aux nations qui s&rsquo;effondrent ou est lui-m\u00eame un effondrement national en cours.<span class=\"Apple-converted-space\">\u00a0<\/span><\/p>\n<p>La plupart d&rsquo;entre nous, je le crains, sont d\u00e9chir\u00e9s entre une maison \u00e0 \u00eatre et une autre, qui est nous.<span class=\"Apple-converted-space\">\u00a0<\/span><\/p>\n<p>Dans les champs de doutes qui tournent en rond, aucune Cour supr\u00eame ne peut triompher d&rsquo;un chagrin infini.<\/p>\n<h5><strong>Lamia Moubayed, auteur et analyste, D\u00e9cembre 2023<\/strong><\/h5>\n<p>[\/vc_column_text][\/vc_column][vc_column width=\u00a0\u00bb1\/3&Prime;][\/vc_column][\/vc_row]<\/p>\n<\/div>","protected":false},"excerpt":{"rendered":"<p>[vc_row][vc_column width=\u00a0\u00bb2\/3&Prime;][vc_column_text css_animation=\u00a0\u00bbleft-to-right\u00a0\u00bb]\u00c9crire sur le lieu qui est devenu un non-lieu ; \u00e9crire sur les limites de la m\u00e9moire, sur l&rsquo;appel \u00e0 transmettre, \u00e0 v\u00e9hiculer&#8230; ce type d&rsquo;\u00e9criture est par essence une forme de gu\u00e9rison&#8230;\u00a0 Briser les tabous qui d\u00e9clarent&hellip; <\/p>\n","protected":false},"author":3,"featured_media":0,"parent":0,"menu_order":0,"comment_status":"closed","ping_status":"closed","template":"","meta":{"footnotes":""},"class_list":["post-4142","page","type-page","status-publish","hentry"],"yoast_head":"<!-- This site is optimized with the Yoast SEO plugin v26.7 - https:\/\/yoast.com\/wordpress\/plugins\/seo\/ -->\n<title>Les limites de la m\u00e9moire - Sara Badr Schmidt<\/title>\n<meta name=\"robots\" content=\"index, follow, max-snippet:-1, max-image-preview:large, max-video-preview:-1\" \/>\n<link rel=\"canonical\" href=\"https:\/\/www.sarabadrschmidt.com\/fr\/les-limites-de-la-memoire\/\" \/>\n<meta property=\"og:locale\" content=\"fr_FR\" \/>\n<meta property=\"og:type\" content=\"article\" \/>\n<meta property=\"og:title\" content=\"Les limites de la m\u00e9moire - Sara Badr Schmidt\" \/>\n<meta property=\"og:description\" content=\"[vc_row][vc_column width=\u00a0\u00bb2\/3&Prime;][vc_column_text css_animation=\u00a0\u00bbleft-to-right\u00a0\u00bb]\u00c9crire sur le lieu qui est devenu un non-lieu ; \u00e9crire sur les limites de la m\u00e9moire, sur l&rsquo;appel \u00e0 transmettre, \u00e0 v\u00e9hiculer&#8230; ce type d&rsquo;\u00e9criture est par essence une forme de gu\u00e9rison&#8230;\u00a0 Briser les tabous qui d\u00e9clarent&hellip;\" \/>\n<meta property=\"og:url\" content=\"https:\/\/www.sarabadrschmidt.com\/fr\/les-limites-de-la-memoire\/\" \/>\n<meta property=\"og:site_name\" content=\"Sara Badr Schmidt\" \/>\n<meta property=\"article:modified_time\" content=\"2024-07-24T19:08:09+00:00\" \/>\n<meta name=\"twitter:card\" content=\"summary_large_image\" \/>\n<meta name=\"twitter:label1\" content=\"Dur\u00e9e de lecture estim\u00e9e\" \/>\n\t<meta name=\"twitter:data1\" content=\"2 minutes\" \/>\n<script type=\"application\/ld+json\" class=\"yoast-schema-graph\">{\"@context\":\"https:\/\/schema.org\",\"@graph\":[{\"@type\":\"WebPage\",\"@id\":\"https:\/\/www.sarabadrschmidt.com\/fr\/les-limites-de-la-memoire\/\",\"url\":\"https:\/\/www.sarabadrschmidt.com\/fr\/les-limites-de-la-memoire\/\",\"name\":\"Les limites de la m\u00e9moire - Sara Badr Schmidt\",\"isPartOf\":{\"@id\":\"https:\/\/www.sarabadrschmidt.com\/#website\"},\"datePublished\":\"2024-07-24T19:07:03+00:00\",\"dateModified\":\"2024-07-24T19:08:09+00:00\",\"breadcrumb\":{\"@id\":\"https:\/\/www.sarabadrschmidt.com\/fr\/les-limites-de-la-memoire\/#breadcrumb\"},\"inLanguage\":\"fr-FR\",\"potentialAction\":[{\"@type\":\"ReadAction\",\"target\":[\"https:\/\/www.sarabadrschmidt.com\/fr\/les-limites-de-la-memoire\/\"]}]},{\"@type\":\"BreadcrumbList\",\"@id\":\"https:\/\/www.sarabadrschmidt.com\/fr\/les-limites-de-la-memoire\/#breadcrumb\",\"itemListElement\":[{\"@type\":\"ListItem\",\"position\":1,\"name\":\"Accueil\",\"item\":\"https:\/\/www.sarabadrschmidt.com\/fr\/\"},{\"@type\":\"ListItem\",\"position\":2,\"name\":\"Les limites de la m\u00e9moire\"}]},{\"@type\":\"WebSite\",\"@id\":\"https:\/\/www.sarabadrschmidt.com\/#website\",\"url\":\"https:\/\/www.sarabadrschmidt.com\/\",\"name\":\"Sara Badr Schmidt\",\"description\":\"\",\"publisher\":{\"@id\":\"https:\/\/www.sarabadrschmidt.com\/#\/schema\/person\/6aac59e946ed87a065ccaa38260c57ca\"},\"potentialAction\":[{\"@type\":\"SearchAction\",\"target\":{\"@type\":\"EntryPoint\",\"urlTemplate\":\"https:\/\/www.sarabadrschmidt.com\/?s={search_term_string}\"},\"query-input\":{\"@type\":\"PropertyValueSpecification\",\"valueRequired\":true,\"valueName\":\"search_term_string\"}}],\"inLanguage\":\"fr-FR\"},{\"@type\":[\"Person\",\"Organization\"],\"@id\":\"https:\/\/www.sarabadrschmidt.com\/#\/schema\/person\/6aac59e946ed87a065ccaa38260c57ca\",\"name\":\"sara\",\"image\":{\"@type\":\"ImageObject\",\"inLanguage\":\"fr-FR\",\"@id\":\"https:\/\/www.sarabadrschmidt.com\/#\/schema\/person\/image\/\",\"url\":\"https:\/\/www.sarabadrschmidt.com\/wp-content\/uploads\/2020\/10\/sarabadrschmidt_logo.png\",\"contentUrl\":\"https:\/\/www.sarabadrschmidt.com\/wp-content\/uploads\/2020\/10\/sarabadrschmidt_logo.png\",\"width\":426,\"height\":50,\"caption\":\"sara\"},\"logo\":{\"@id\":\"https:\/\/www.sarabadrschmidt.com\/#\/schema\/person\/image\/\"},\"sameAs\":[\"https:\/\/www.sarabadrschmidt.com\",\"https:\/\/www.instagram.com\/SaraBadrSchmidt\/\"]}]}<\/script>\n<!-- \/ Yoast SEO plugin. -->","yoast_head_json":{"title":"Les limites de la m\u00e9moire - Sara Badr Schmidt","robots":{"index":"index","follow":"follow","max-snippet":"max-snippet:-1","max-image-preview":"max-image-preview:large","max-video-preview":"max-video-preview:-1"},"canonical":"https:\/\/www.sarabadrschmidt.com\/fr\/les-limites-de-la-memoire\/","og_locale":"fr_FR","og_type":"article","og_title":"Les limites de la m\u00e9moire - Sara Badr Schmidt","og_description":"[vc_row][vc_column width=\u00a0\u00bb2\/3&Prime;][vc_column_text css_animation=\u00a0\u00bbleft-to-right\u00a0\u00bb]\u00c9crire sur le lieu qui est devenu un non-lieu ; \u00e9crire sur les limites de la m\u00e9moire, sur l&rsquo;appel \u00e0 transmettre, \u00e0 v\u00e9hiculer&#8230; ce type d&rsquo;\u00e9criture est par essence une forme de gu\u00e9rison&#8230;\u00a0 Briser les tabous qui d\u00e9clarent&hellip;","og_url":"https:\/\/www.sarabadrschmidt.com\/fr\/les-limites-de-la-memoire\/","og_site_name":"Sara Badr Schmidt","article_modified_time":"2024-07-24T19:08:09+00:00","twitter_card":"summary_large_image","twitter_misc":{"Dur\u00e9e de lecture estim\u00e9e":"2 minutes"},"schema":{"@context":"https:\/\/schema.org","@graph":[{"@type":"WebPage","@id":"https:\/\/www.sarabadrschmidt.com\/fr\/les-limites-de-la-memoire\/","url":"https:\/\/www.sarabadrschmidt.com\/fr\/les-limites-de-la-memoire\/","name":"Les limites de la m\u00e9moire - Sara Badr Schmidt","isPartOf":{"@id":"https:\/\/www.sarabadrschmidt.com\/#website"},"datePublished":"2024-07-24T19:07:03+00:00","dateModified":"2024-07-24T19:08:09+00:00","breadcrumb":{"@id":"https:\/\/www.sarabadrschmidt.com\/fr\/les-limites-de-la-memoire\/#breadcrumb"},"inLanguage":"fr-FR","potentialAction":[{"@type":"ReadAction","target":["https:\/\/www.sarabadrschmidt.com\/fr\/les-limites-de-la-memoire\/"]}]},{"@type":"BreadcrumbList","@id":"https:\/\/www.sarabadrschmidt.com\/fr\/les-limites-de-la-memoire\/#breadcrumb","itemListElement":[{"@type":"ListItem","position":1,"name":"Accueil","item":"https:\/\/www.sarabadrschmidt.com\/fr\/"},{"@type":"ListItem","position":2,"name":"Les limites de la m\u00e9moire"}]},{"@type":"WebSite","@id":"https:\/\/www.sarabadrschmidt.com\/#website","url":"https:\/\/www.sarabadrschmidt.com\/","name":"Sara Badr Schmidt","description":"","publisher":{"@id":"https:\/\/www.sarabadrschmidt.com\/#\/schema\/person\/6aac59e946ed87a065ccaa38260c57ca"},"potentialAction":[{"@type":"SearchAction","target":{"@type":"EntryPoint","urlTemplate":"https:\/\/www.sarabadrschmidt.com\/?s={search_term_string}"},"query-input":{"@type":"PropertyValueSpecification","valueRequired":true,"valueName":"search_term_string"}}],"inLanguage":"fr-FR"},{"@type":["Person","Organization"],"@id":"https:\/\/www.sarabadrschmidt.com\/#\/schema\/person\/6aac59e946ed87a065ccaa38260c57ca","name":"sara","image":{"@type":"ImageObject","inLanguage":"fr-FR","@id":"https:\/\/www.sarabadrschmidt.com\/#\/schema\/person\/image\/","url":"https:\/\/www.sarabadrschmidt.com\/wp-content\/uploads\/2020\/10\/sarabadrschmidt_logo.png","contentUrl":"https:\/\/www.sarabadrschmidt.com\/wp-content\/uploads\/2020\/10\/sarabadrschmidt_logo.png","width":426,"height":50,"caption":"sara"},"logo":{"@id":"https:\/\/www.sarabadrschmidt.com\/#\/schema\/person\/image\/"},"sameAs":["https:\/\/www.sarabadrschmidt.com","https:\/\/www.instagram.com\/SaraBadrSchmidt\/"]}]}},"_links":{"self":[{"href":"https:\/\/www.sarabadrschmidt.com\/fr\/wp-json\/wp\/v2\/pages\/4142","targetHints":{"allow":["GET"]}}],"collection":[{"href":"https:\/\/www.sarabadrschmidt.com\/fr\/wp-json\/wp\/v2\/pages"}],"about":[{"href":"https:\/\/www.sarabadrschmidt.com\/fr\/wp-json\/wp\/v2\/types\/page"}],"author":[{"embeddable":true,"href":"https:\/\/www.sarabadrschmidt.com\/fr\/wp-json\/wp\/v2\/users\/3"}],"replies":[{"embeddable":true,"href":"https:\/\/www.sarabadrschmidt.com\/fr\/wp-json\/wp\/v2\/comments?post=4142"}],"version-history":[{"count":0,"href":"https:\/\/www.sarabadrschmidt.com\/fr\/wp-json\/wp\/v2\/pages\/4142\/revisions"}],"wp:attachment":[{"href":"https:\/\/www.sarabadrschmidt.com\/fr\/wp-json\/wp\/v2\/media?parent=4142"}],"curies":[{"name":"wp","href":"https:\/\/api.w.org\/{rel}","templated":true}]}}