{"id":4141,"date":"2024-07-24T20:55:26","date_gmt":"2024-07-24T18:55:26","guid":{"rendered":"https:\/\/www.sarabadrschmidt.com\/?page_id=4141"},"modified":"2024-07-24T20:56:09","modified_gmt":"2024-07-24T18:56:09","slug":"reconstruire-les-reves","status":"publish","type":"page","link":"https:\/\/www.sarabadrschmidt.com\/fr\/reconstruire-les-reves\/","title":{"rendered":"Reconstruire les r\u00eaves"},"content":{"rendered":"<div class=\"wpb-content-wrapper\"><p>[vc_row][vc_column width=\u00a0\u00bb2\/3&Prime;][vc_column_text css_animation=\u00a0\u00bbleft-to-right\u00a0\u00bb]Dans le monde de Sara Badr Schmidt, il y a des ciels, beaucoup de ciels, de beaux ciels qu\u2019elle nous tend comme autant de questions. Ils portent parfois des mots, nich\u00e9s dans leur bleu profond, ou alors ils se z\u00e8brent de nuages qui voilent certainement des secrets. Ce sont des ciels en voyage, saisis \u00e0 Beyrouth, \u00e0 Stockholm, \u00e0 Paris, ou ailleurs, qui surplombent des mondes invisibles et impalpables. On les croit l\u00e9gers. Ils sont graves, lourds de nos ignorances, de nos espoirs, peut-\u00eatre de nos souffrances. Sous certains de ces ciels, il y a des ruines, des corps qui pleurent, on entend des cris, des coups sourds, le sifflement des bombes, suivis de ce silence mena\u00e7ant qui ne dit pas la paix mais l\u2019angoisse de l\u2019attente. Sous d\u2019autres, il y a une enfant \u00e0 la peau sal\u00e9e qui danse sur une plage en s\u2019\u00e9claboussant joyeusement, des petits humains insouciants qui gigotent, d\u00e9risoires et bouleversants. Quand elle photographie, peint, tisse un ciel, Sara ne montre pas tous ces fant\u00f4mes, ni les bons, ni les m\u00e9chants. Mais ils sont l\u00e0. On les sent.<\/p>\n<p>Tous les ciels se ressemblent, tous les ciels sont diff\u00e9rents. On aimerait tant qu\u2019ils soient les m\u00eames, comme une r\u00e9ponse universelle, on aimerait tant vivre sous un m\u00eame ciel&#8230; Mais n\u2019est-ce pas la plus na\u00efve de nos illusions ? Sara, artiste essentielle, c\u2019est-\u00e0-dire quelqu\u2019un qui creuse au plus pr\u00e8s de l\u2019\u00e2me pour exprimer l\u2019inexprimable, cherche ses ciels \u00e0 elle, ceux de l\u2019enfance, ceux de l\u2019innocence, ceux qu\u2019elle a perdus et qui continuent \u00e0 la hanter. Petite, elle en avait deux, deux pays, deux maisons aujourd\u2019hui d\u00e9truites, deux cultures, deux c\u0153urs qui parfois battaient \u00e0 contre-temps. Elle allait de l\u2019un \u00e0 l\u2019autre, de la lumi\u00e8re du Liban o\u00f9 sa famille \u00e9tait enracin\u00e9e, \u00e0 la Su\u00e8de des vacances o\u00f9 elle accueillait les \u00e9cureuils dans la bruine et tutoyait les escargots. Elle voyageait comme un oiseau migrateur, cherchant l\u2019\u00e9quilibre, se reposant sur un courant d\u2019air, se rassurant \u00e0 l\u2019id\u00e9e que l\u00e0-bas elle allait trouver la paix, oubliant qu\u2019une fois l\u2019un de ses foyers retrouv\u00e9, l\u2019autre, imm\u00e9diatement, lui manquerait. La folie des hommes a d\u00e9r\u00e9gl\u00e9 ce pr\u00e9caire balancier.<\/p>\n<p>Regardez cette petite fille sans visage, poup\u00e9e \u00e0 la main, qui s\u2019abrite sous la table de la salle \u00e0 manger. C\u2019est l\u2019image, si fr\u00eale, si puissante, de la \u00ab guerre \u00bb, cette chose qui, dit Sara, se tait parfois mais laisse toujours en soi un go\u00fbt de moisi. C\u2019est l\u2019image de la peur, qu\u2019on ne veut pas admettre, que l\u2019on cherche \u00e0 refouler, mais qui s\u2019incruste au fond des cellules comme un virus pr\u00eat \u00e0 se r\u00e9veiller. C\u2019est l\u2019image d\u2019un traumatisme durable qui accable tant d\u2019enfants sous tant de ciels, mais contre lequel la petite fille, un jour, s\u2019est r\u00e9volt\u00e9e. Elle a sept ans, elle a muri, et elle d\u00e9couvre que, si le p\u00e8re No\u00ebl n\u2019existe pas, la peur, elle existe bien, pour les adultes aussi. R\u00e9v\u00e9lation majeure : elle comprend soudain que telle est la nature des hommes. Que les fronti\u00e8res s\u2019\u00e9rigent d\u2019abord dans les t\u00eates. Que les belles id\u00e9es et les paroles g\u00e9n\u00e9reuses n\u2019y font pas grand-chose. Que, sur le chemin de l\u2019humanit\u00e9, chaque g\u00e9n\u00e9ration doit toujours tout recommencer. Elle acc\u00e8de \u00e0 cette lucidit\u00e9 ultime sans laquelle il n\u2019y a pas de libert\u00e9 possible : la conscience du tragique.<\/p>\n<p>L\u2019art est la seule r\u00e9ponse \u00e0 ce nouvel \u00e9tat d\u2019esprit, la seule voie de transcendance, la seule qu\u00eate de v\u00e9rit\u00e9. Mon amie Sara, devenue femme, va s\u2019y livrer toute enti\u00e8re, sauter dans les couleurs et les mati\u00e8res comme dans les eaux chaudes de la M\u00e9diterran\u00e9e. Regardez ce gracieux cerisier \u00e0 la teinte irr\u00e9elle qui explose comme un coucher de soleil, ce rose envo\u00fbtant, couleur rebelle qui a os\u00e9 se d\u00e9partir du rouge, symbole du sang et du feu, pour affirmer la tendresse et la f\u00e9minit\u00e9. Est-ce un hasard si cette \u0153uvre de r\u00e9volte est un appel \u00e0 la douceur et \u00e0 la sensualit\u00e9 ? Est-ce \u00e9tonnant que ce soit un arbre ? Un arbre a des racines. Que peut-on opposer de mieux \u00e0 la peine de l\u2019exil ? C\u2019est bien ce que nous dit Sara Badr Schmitt dans ses \u0153uvres si sensibles : nous avons autant besoin de ciels que de racines. On aurait tort de penser que nos ancrages et nos h\u00e9ritages nous plaquent au sol et nous contraignent \u00e0 l\u2019immobilit\u00e9. C\u2019est le contraire : nos racines nous permettent de nous \u00e9lever vers le ciel. Elles sont nos points de rep\u00e8res quand nous prenons de la hauteur. Le petit humain a besoin de deux jambes pour marcher : l\u2019individuelle et l\u2019universelle.<\/p>\n<p>Les exil\u00e9s sont des arbres d\u00e9racin\u00e9s, soulev\u00e9s par des vents arbitraires et souvent mauvais, qui flottent avec le sentiment d\u2019un manque comme un trou au c\u0153ur. Mais ils portent aussi en eux des \u00e9clats de vie, un lieu, des odeurs, des saveurs, des airs de musique, la caresse d\u2019une m\u00e8re, la parole d\u2019un p\u00e8re, le sourire d\u2019un ami, un premier baiser. La valise est plus ou moins lourde, selon qu\u2019elle est charg\u00e9e du poids des pertes, des deuils et des douleurs. Mais un jour ou l\u2019autre, il faut la d\u00e9poser, tenter de prendre racine ailleurs. Nous sommes tous oblig\u00e9s de nous y r\u00e9signer. Devenue femme, la petite Sara a fait de sa nostalgie des \u0153uvres d\u2019art. Elle reconstruit ses r\u00eaves et ses maisons avec des dessins, des tableaux en laine, des toiles peintes, brassant le textile, l\u2019argile, le bronze, le b\u00eaton&#8230; On aimerait voyager dans ses paysages, se blottir dans ses \u00e9toffes, s\u2019impr\u00e9gner de leur douceur secr\u00e8te, y retrouver le sel de la mer, la chaleur de l\u2019enfance, l\u2019illusion d\u2019une qui\u00e9tude f\u0153tale. Par on ne sait quelle magie de l\u2019artiste, ses \u0153uvres ne sont pas tristes. Elles nous parlent de joie, d\u2019innocence, d\u2019esp\u00e9rance aussi. L\u2019art de Sara Badr Schmidt est une qu\u00eate du sensible et de la chair qui va tr\u00e8s loin dans les profondeurs de nos \u00e2mes. S\u2019y abandonner est une chance, et une lib\u00e9ration. Et on peut y trouver la beaut\u00e9, cette chose myst\u00e9rieuse qui n\u2019existe que dans notre regard et dans notre \u00e9motion.<\/p>\n<h5><strong>Dominique Simonnet, auteur et journaliste, D\u00e9cembre 2023<\/strong><\/h5>\n<p>[\/vc_column_text][\/vc_column][vc_column width=\u00a0\u00bb1\/3&Prime;][\/vc_column][\/vc_row]<\/p>\n<\/div>","protected":false},"excerpt":{"rendered":"<p>[vc_row][vc_column width=\u00a0\u00bb2\/3&Prime;][vc_column_text css_animation=\u00a0\u00bbleft-to-right\u00a0\u00bb]Dans le monde de Sara Badr Schmidt, il y a des ciels, beaucoup de ciels, de beaux ciels qu\u2019elle nous tend comme autant de questions. Ils portent parfois des mots, nich\u00e9s dans leur bleu profond, ou alors ils&hellip; <\/p>\n","protected":false},"author":3,"featured_media":0,"parent":0,"menu_order":0,"comment_status":"closed","ping_status":"closed","template":"","meta":{"footnotes":""},"class_list":["post-4141","page","type-page","status-publish","hentry"],"yoast_head":"<!-- This site is optimized with the Yoast SEO plugin v26.7 - https:\/\/yoast.com\/wordpress\/plugins\/seo\/ -->\n<title>Reconstruire les r\u00eaves - Sara Badr Schmidt<\/title>\n<meta name=\"robots\" content=\"index, follow, max-snippet:-1, max-image-preview:large, max-video-preview:-1\" \/>\n<link rel=\"canonical\" href=\"https:\/\/www.sarabadrschmidt.com\/fr\/reconstruire-les-reves\/\" \/>\n<meta property=\"og:locale\" content=\"fr_FR\" \/>\n<meta property=\"og:type\" content=\"article\" \/>\n<meta property=\"og:title\" content=\"Reconstruire les r\u00eaves - Sara Badr Schmidt\" \/>\n<meta property=\"og:description\" content=\"[vc_row][vc_column width=\u00a0\u00bb2\/3&Prime;][vc_column_text css_animation=\u00a0\u00bbleft-to-right\u00a0\u00bb]Dans le monde de Sara Badr Schmidt, il y a des ciels, beaucoup de ciels, de beaux ciels qu\u2019elle nous tend comme autant de questions. Ils portent parfois des mots, nich\u00e9s dans leur bleu profond, ou alors ils&hellip;\" \/>\n<meta property=\"og:url\" content=\"https:\/\/www.sarabadrschmidt.com\/fr\/reconstruire-les-reves\/\" \/>\n<meta property=\"og:site_name\" content=\"Sara Badr Schmidt\" \/>\n<meta property=\"article:modified_time\" content=\"2024-07-24T18:56:09+00:00\" \/>\n<meta name=\"twitter:card\" content=\"summary_large_image\" \/>\n<meta name=\"twitter:label1\" content=\"Dur\u00e9e de lecture estim\u00e9e\" \/>\n\t<meta name=\"twitter:data1\" content=\"5 minutes\" \/>\n<script type=\"application\/ld+json\" class=\"yoast-schema-graph\">{\"@context\":\"https:\/\/schema.org\",\"@graph\":[{\"@type\":\"WebPage\",\"@id\":\"https:\/\/www.sarabadrschmidt.com\/fr\/reconstruire-les-reves\/\",\"url\":\"https:\/\/www.sarabadrschmidt.com\/fr\/reconstruire-les-reves\/\",\"name\":\"Reconstruire les r\u00eaves - Sara Badr Schmidt\",\"isPartOf\":{\"@id\":\"https:\/\/www.sarabadrschmidt.com\/#website\"},\"datePublished\":\"2024-07-24T18:55:26+00:00\",\"dateModified\":\"2024-07-24T18:56:09+00:00\",\"breadcrumb\":{\"@id\":\"https:\/\/www.sarabadrschmidt.com\/fr\/reconstruire-les-reves\/#breadcrumb\"},\"inLanguage\":\"fr-FR\",\"potentialAction\":[{\"@type\":\"ReadAction\",\"target\":[\"https:\/\/www.sarabadrschmidt.com\/fr\/reconstruire-les-reves\/\"]}]},{\"@type\":\"BreadcrumbList\",\"@id\":\"https:\/\/www.sarabadrschmidt.com\/fr\/reconstruire-les-reves\/#breadcrumb\",\"itemListElement\":[{\"@type\":\"ListItem\",\"position\":1,\"name\":\"Accueil\",\"item\":\"https:\/\/www.sarabadrschmidt.com\/fr\/\"},{\"@type\":\"ListItem\",\"position\":2,\"name\":\"Reconstruire les r\u00eaves\"}]},{\"@type\":\"WebSite\",\"@id\":\"https:\/\/www.sarabadrschmidt.com\/#website\",\"url\":\"https:\/\/www.sarabadrschmidt.com\/\",\"name\":\"Sara Badr Schmidt\",\"description\":\"\",\"publisher\":{\"@id\":\"https:\/\/www.sarabadrschmidt.com\/#\/schema\/person\/6aac59e946ed87a065ccaa38260c57ca\"},\"potentialAction\":[{\"@type\":\"SearchAction\",\"target\":{\"@type\":\"EntryPoint\",\"urlTemplate\":\"https:\/\/www.sarabadrschmidt.com\/?s={search_term_string}\"},\"query-input\":{\"@type\":\"PropertyValueSpecification\",\"valueRequired\":true,\"valueName\":\"search_term_string\"}}],\"inLanguage\":\"fr-FR\"},{\"@type\":[\"Person\",\"Organization\"],\"@id\":\"https:\/\/www.sarabadrschmidt.com\/#\/schema\/person\/6aac59e946ed87a065ccaa38260c57ca\",\"name\":\"sara\",\"image\":{\"@type\":\"ImageObject\",\"inLanguage\":\"fr-FR\",\"@id\":\"https:\/\/www.sarabadrschmidt.com\/#\/schema\/person\/image\/\",\"url\":\"https:\/\/www.sarabadrschmidt.com\/wp-content\/uploads\/2020\/10\/sarabadrschmidt_logo.png\",\"contentUrl\":\"https:\/\/www.sarabadrschmidt.com\/wp-content\/uploads\/2020\/10\/sarabadrschmidt_logo.png\",\"width\":426,\"height\":50,\"caption\":\"sara\"},\"logo\":{\"@id\":\"https:\/\/www.sarabadrschmidt.com\/#\/schema\/person\/image\/\"},\"sameAs\":[\"https:\/\/www.sarabadrschmidt.com\",\"https:\/\/www.instagram.com\/SaraBadrSchmidt\/\"]}]}<\/script>\n<!-- \/ Yoast SEO plugin. -->","yoast_head_json":{"title":"Reconstruire les r\u00eaves - Sara Badr Schmidt","robots":{"index":"index","follow":"follow","max-snippet":"max-snippet:-1","max-image-preview":"max-image-preview:large","max-video-preview":"max-video-preview:-1"},"canonical":"https:\/\/www.sarabadrschmidt.com\/fr\/reconstruire-les-reves\/","og_locale":"fr_FR","og_type":"article","og_title":"Reconstruire les r\u00eaves - Sara Badr Schmidt","og_description":"[vc_row][vc_column width=\u00a0\u00bb2\/3&Prime;][vc_column_text css_animation=\u00a0\u00bbleft-to-right\u00a0\u00bb]Dans le monde de Sara Badr Schmidt, il y a des ciels, beaucoup de ciels, de beaux ciels qu\u2019elle nous tend comme autant de questions. Ils portent parfois des mots, nich\u00e9s dans leur bleu profond, ou alors ils&hellip;","og_url":"https:\/\/www.sarabadrschmidt.com\/fr\/reconstruire-les-reves\/","og_site_name":"Sara Badr Schmidt","article_modified_time":"2024-07-24T18:56:09+00:00","twitter_card":"summary_large_image","twitter_misc":{"Dur\u00e9e de lecture estim\u00e9e":"5 minutes"},"schema":{"@context":"https:\/\/schema.org","@graph":[{"@type":"WebPage","@id":"https:\/\/www.sarabadrschmidt.com\/fr\/reconstruire-les-reves\/","url":"https:\/\/www.sarabadrschmidt.com\/fr\/reconstruire-les-reves\/","name":"Reconstruire les r\u00eaves - Sara Badr Schmidt","isPartOf":{"@id":"https:\/\/www.sarabadrschmidt.com\/#website"},"datePublished":"2024-07-24T18:55:26+00:00","dateModified":"2024-07-24T18:56:09+00:00","breadcrumb":{"@id":"https:\/\/www.sarabadrschmidt.com\/fr\/reconstruire-les-reves\/#breadcrumb"},"inLanguage":"fr-FR","potentialAction":[{"@type":"ReadAction","target":["https:\/\/www.sarabadrschmidt.com\/fr\/reconstruire-les-reves\/"]}]},{"@type":"BreadcrumbList","@id":"https:\/\/www.sarabadrschmidt.com\/fr\/reconstruire-les-reves\/#breadcrumb","itemListElement":[{"@type":"ListItem","position":1,"name":"Accueil","item":"https:\/\/www.sarabadrschmidt.com\/fr\/"},{"@type":"ListItem","position":2,"name":"Reconstruire les r\u00eaves"}]},{"@type":"WebSite","@id":"https:\/\/www.sarabadrschmidt.com\/#website","url":"https:\/\/www.sarabadrschmidt.com\/","name":"Sara Badr Schmidt","description":"","publisher":{"@id":"https:\/\/www.sarabadrschmidt.com\/#\/schema\/person\/6aac59e946ed87a065ccaa38260c57ca"},"potentialAction":[{"@type":"SearchAction","target":{"@type":"EntryPoint","urlTemplate":"https:\/\/www.sarabadrschmidt.com\/?s={search_term_string}"},"query-input":{"@type":"PropertyValueSpecification","valueRequired":true,"valueName":"search_term_string"}}],"inLanguage":"fr-FR"},{"@type":["Person","Organization"],"@id":"https:\/\/www.sarabadrschmidt.com\/#\/schema\/person\/6aac59e946ed87a065ccaa38260c57ca","name":"sara","image":{"@type":"ImageObject","inLanguage":"fr-FR","@id":"https:\/\/www.sarabadrschmidt.com\/#\/schema\/person\/image\/","url":"https:\/\/www.sarabadrschmidt.com\/wp-content\/uploads\/2020\/10\/sarabadrschmidt_logo.png","contentUrl":"https:\/\/www.sarabadrschmidt.com\/wp-content\/uploads\/2020\/10\/sarabadrschmidt_logo.png","width":426,"height":50,"caption":"sara"},"logo":{"@id":"https:\/\/www.sarabadrschmidt.com\/#\/schema\/person\/image\/"},"sameAs":["https:\/\/www.sarabadrschmidt.com","https:\/\/www.instagram.com\/SaraBadrSchmidt\/"]}]}},"_links":{"self":[{"href":"https:\/\/www.sarabadrschmidt.com\/fr\/wp-json\/wp\/v2\/pages\/4141","targetHints":{"allow":["GET"]}}],"collection":[{"href":"https:\/\/www.sarabadrschmidt.com\/fr\/wp-json\/wp\/v2\/pages"}],"about":[{"href":"https:\/\/www.sarabadrschmidt.com\/fr\/wp-json\/wp\/v2\/types\/page"}],"author":[{"embeddable":true,"href":"https:\/\/www.sarabadrschmidt.com\/fr\/wp-json\/wp\/v2\/users\/3"}],"replies":[{"embeddable":true,"href":"https:\/\/www.sarabadrschmidt.com\/fr\/wp-json\/wp\/v2\/comments?post=4141"}],"version-history":[{"count":0,"href":"https:\/\/www.sarabadrschmidt.com\/fr\/wp-json\/wp\/v2\/pages\/4141\/revisions"}],"wp:attachment":[{"href":"https:\/\/www.sarabadrschmidt.com\/fr\/wp-json\/wp\/v2\/media?parent=4141"}],"curies":[{"name":"wp","href":"https:\/\/api.w.org\/{rel}","templated":true}]}}