{"id":4139,"date":"2024-07-24T20:36:18","date_gmt":"2024-07-24T18:36:18","guid":{"rendered":"https:\/\/www.sarabadrschmidt.com\/?page_id=4139"},"modified":"2024-07-24T20:37:21","modified_gmt":"2024-07-24T18:37:21","slug":"tapis-et-metaphores","status":"publish","type":"page","link":"https:\/\/www.sarabadrschmidt.com\/fr\/tapis-et-metaphores\/","title":{"rendered":"Tapis et m\u00e9taphores"},"content":{"rendered":"<div class=\"wpb-content-wrapper\"><p>[vc_row][vc_column width=\u00a0\u00bb2\/3&Prime;][vc_column_text css_animation=\u00a0\u00bbleft-to-right\u00a0\u00bb]<i>Le privil\u00e8ge essentiel de l&rsquo;exil\u00e9 est d&rsquo;avoir, non pas une seule paire d&rsquo;yeux, mais une demi-douzaine, chacune d&rsquo;entre elles correspondant aux endroits o\u00f9 vous avez \u00e9t\u00e9&#8230; Il y a toujours une sorte de d\u00e9doublement dans cette exp\u00e9rience&#8230; plus vous avez \u00e9t\u00e9 dans des endroits, plus vous avez subi de d\u00e9placements, comme le fait tout exil\u00e9. Comme chaque situation est nouvelle, vous recommencez chaque jour. <\/i>Edward Said (1)<span class=\"Apple-converted-space\">\u00a0<\/span><\/p>\n<p>Il n&rsquo;est pas surprenant que le tapis soit le support privil\u00e9gi\u00e9 par lequel Sara Badr Schmidt exprime sa vision artistique. Les tapis de Badr Schmidt ne sont pas des \u0153uvres d&rsquo;art st\u00e9riles accroch\u00e9es au mur, ni de banals rev\u00eatements de sol, mais plut\u00f4t des \u00eelots flottants qui invitent \u00e0 l&rsquo;habitation et \u00e0 l&rsquo;interaction : s&rsquo;asseoir, s&rsquo;allonger, lire, converser, r\u00e9fl\u00e9chir. Un tapis d\u00e9limite l&rsquo;espace ; c&rsquo;est le marquage d&rsquo;un lieu, un acte d&rsquo;ancrage. En m\u00eame temps, il repr\u00e9sente l&rsquo;impermanence, car il peut \u00eatre enroul\u00e9, transport\u00e9 et d\u00e9roul\u00e9 \u00e0 nouveau ailleurs. Le tapis est un instrument dans l&rsquo;acte d&rsquo;illimitation, une illimitation qui ne vous coupe pas de tout, mais qui vous permet d&rsquo;\u00eatre transport\u00e9 et d&rsquo;atterrir, l\u00e9g\u00e8rement mais fermement, dans un autre endroit.<span class=\"Apple-converted-space\">\u00a0<\/span><\/p>\n<p>Dans son concept d&rsquo;h\u00e9t\u00e9rotopie, Foucault assimile les tapis aux jardins : \u00ab\u00a0Le jardin est un tapis sur lequel le monde entier vient jouer sa perfection symbolique, et le tapis est une sorte de jardin qui peut se d\u00e9placer dans l&rsquo;espace\u00a0\u00bb. (2) C&rsquo;est l&rsquo;acte de se d\u00e9placer qui nous int\u00e9resse ici. Les tapis sont des m\u00e9taphores physiques (du grec ancien meta-pherein : transporter, transf\u00e9rer) de la transposition, de la dislocation. Le tapis est un jardin mobile, un lieu transpos\u00e9, un rouleau de m\u00e9moire, un plan de r\u00e9installation &#8211; autant d&rsquo;actes essentiels du moi exil\u00e9.<\/p>\n<p>Les tapis de Sara Badr Schmidt sont parfois command\u00e9s par un client pour un espace sp\u00e9cifique, en tenant compte du contexte physique de la lumi\u00e8re, des couleurs, des vues ou de l&rsquo;ameublement. D&rsquo;autres \u0153uvres textiles sont plus libres, plus intimes et spontan\u00e9es, o\u00f9 le langage de l&rsquo;abstraction communique un moment dans le temps et dans l&rsquo;espace. Dans la fabrication de tapis, les gestes du dessin, de l&rsquo;\u00e9criture et de la peinture sont traduits en tissage, et des instants de pens\u00e9e se voient litt\u00e9ralement conf\u00e9rer texture et profondeur par d&rsquo;autres mains. Dans les \u0153uvres textiles de Badr Schmidt, les mots et les figures sont souvent tiss\u00e9s dans la composition, multipliant les lectures (quand on parle la langue) et sapant l&rsquo;abstraction par un litt\u00e9ralisme saisissant. La combinaison de langages concrets et abstraits provoque des lectures \u00e0 diff\u00e9rents niveaux, et la simplicit\u00e9 trompeuse \u00e9chappe \u00e0 toute explication facile. Dans l&rsquo;exposition \u00ab\u00a0We left home&#8230; but what is home\u00a0\u00bb, la manifestation physique de la langue est tiss\u00e9e en laine ou en soie, imprim\u00e9e sur du b\u00e9ton ou peinte sur une toile, figeant un souvenir d&rsquo;une mani\u00e8re tr\u00e8s tactile et nous invitant \u00e0 le toucher.<\/p>\n<p>Lorsqu&rsquo;on est \u00e9loign\u00e9 de sa premi\u00e8re langue et de sa premi\u00e8re culture, comme l&rsquo;a observ\u00e9 avec optimisme Edward Said, on repart chaque jour \u00e0 z\u00e9ro. L&rsquo;adaptation n&rsquo;est pas l&rsquo;effacement, la perte de la langue maternelle n&rsquo;est pas le silence; on se familiarise lentement avec les vides entre ce que l&rsquo;on a connu et ce que l&rsquo;on va devenir. Le sens de l&rsquo;observation s&rsquo;aiguise, la m\u00e9moire n&rsquo;est pas le pass\u00e9 mais un pr\u00e9sent sans cesse att\u00e9nu\u00e9. La luminosit\u00e9 plate de la mer M\u00e9diterran\u00e9e, le bleu profond et froid de la mer Baltique, les d\u00e9clinaisons de vert et de brun, de jaune et de rose dans le paysage ; la pierre lourde, les tuiles plus l\u00e9g\u00e8res, les d\u00e9tails en bois fin, les surfaces peintes avec nettet\u00e9, les morceaux de verre fragiles ou expansifs ; les marches, les arbres, les portes, les serrures, les odeurs d&rsquo;humidit\u00e9 et de s\u00e9cheresse, ou celles de la cuisine apr\u00e8s le d\u00eener. La dispersion des espaces, des escaliers et des pi\u00e8ces, le fait de s&rsquo;y d\u00e9placer, de s&rsquo;y reposer, d&rsquo;y interagir. Les jeux d&rsquo;ombre et de lumi\u00e8re, la rue, l&rsquo;entr\u00e9e, le jardin, les grincements, les bruits et les voix lointaines. Vous vous construisez une maison dans votre esprit, du mieux que vous pouvez. Comme un escargot, vous l&#8217;emportez avec vous.<\/p>\n<p>Paris, Mars 2024<\/p>\n<p><em>(1) Edward Said, \u201cThe Voice of the Palestinian in Exile\u201d Third Text 3(4), 1988.<\/em><\/p>\n<p><em>(2) Michel Foucault, \u201cOf Other Spaces\u201d AMC, 1984.<\/em><\/p>\n<h5><strong>Lia Kiladis, architecte, Mars 2024<\/strong><\/h5>\n<p>[\/vc_column_text][\/vc_column][vc_column width=\u00a0\u00bb1\/3&Prime;][\/vc_column][\/vc_row]<\/p>\n<\/div>","protected":false},"excerpt":{"rendered":"<p>[vc_row][vc_column width=\u00a0\u00bb2\/3&Prime;][vc_column_text css_animation=\u00a0\u00bbleft-to-right\u00a0\u00bb]Le privil\u00e8ge essentiel de l&rsquo;exil\u00e9 est d&rsquo;avoir, non pas une seule paire d&rsquo;yeux, mais une demi-douzaine, chacune d&rsquo;entre elles correspondant aux endroits o\u00f9 vous avez \u00e9t\u00e9&#8230; Il y a toujours une sorte de d\u00e9doublement dans cette exp\u00e9rience&#8230; plus&hellip; <\/p>\n","protected":false},"author":3,"featured_media":0,"parent":0,"menu_order":0,"comment_status":"closed","ping_status":"closed","template":"","meta":{"footnotes":""},"class_list":["post-4139","page","type-page","status-publish","hentry"],"yoast_head":"<!-- This site is optimized with the Yoast SEO plugin v26.7 - https:\/\/yoast.com\/wordpress\/plugins\/seo\/ -->\n<title>Tapis et m\u00e9taphores - Sara Badr Schmidt<\/title>\n<meta name=\"robots\" content=\"index, follow, max-snippet:-1, max-image-preview:large, max-video-preview:-1\" \/>\n<link rel=\"canonical\" href=\"https:\/\/www.sarabadrschmidt.com\/fr\/tapis-et-metaphores\/\" \/>\n<meta property=\"og:locale\" content=\"fr_FR\" \/>\n<meta property=\"og:type\" content=\"article\" \/>\n<meta property=\"og:title\" content=\"Tapis et m\u00e9taphores - Sara Badr Schmidt\" \/>\n<meta property=\"og:description\" content=\"[vc_row][vc_column width=\u00a0\u00bb2\/3&Prime;][vc_column_text css_animation=\u00a0\u00bbleft-to-right\u00a0\u00bb]Le privil\u00e8ge essentiel de l&rsquo;exil\u00e9 est d&rsquo;avoir, non pas une seule paire d&rsquo;yeux, mais une demi-douzaine, chacune d&rsquo;entre elles correspondant aux endroits o\u00f9 vous avez \u00e9t\u00e9&#8230; Il y a toujours une sorte de d\u00e9doublement dans cette exp\u00e9rience&#8230; plus&hellip;\" \/>\n<meta property=\"og:url\" content=\"https:\/\/www.sarabadrschmidt.com\/fr\/tapis-et-metaphores\/\" \/>\n<meta property=\"og:site_name\" content=\"Sara Badr Schmidt\" \/>\n<meta property=\"article:modified_time\" content=\"2024-07-24T18:37:21+00:00\" \/>\n<meta name=\"twitter:card\" content=\"summary_large_image\" \/>\n<meta name=\"twitter:label1\" content=\"Dur\u00e9e de lecture estim\u00e9e\" \/>\n\t<meta name=\"twitter:data1\" content=\"4 minutes\" \/>\n<script type=\"application\/ld+json\" class=\"yoast-schema-graph\">{\"@context\":\"https:\/\/schema.org\",\"@graph\":[{\"@type\":\"WebPage\",\"@id\":\"https:\/\/www.sarabadrschmidt.com\/fr\/tapis-et-metaphores\/\",\"url\":\"https:\/\/www.sarabadrschmidt.com\/fr\/tapis-et-metaphores\/\",\"name\":\"Tapis et m\u00e9taphores - Sara Badr Schmidt\",\"isPartOf\":{\"@id\":\"https:\/\/www.sarabadrschmidt.com\/#website\"},\"datePublished\":\"2024-07-24T18:36:18+00:00\",\"dateModified\":\"2024-07-24T18:37:21+00:00\",\"breadcrumb\":{\"@id\":\"https:\/\/www.sarabadrschmidt.com\/fr\/tapis-et-metaphores\/#breadcrumb\"},\"inLanguage\":\"fr-FR\",\"potentialAction\":[{\"@type\":\"ReadAction\",\"target\":[\"https:\/\/www.sarabadrschmidt.com\/fr\/tapis-et-metaphores\/\"]}]},{\"@type\":\"BreadcrumbList\",\"@id\":\"https:\/\/www.sarabadrschmidt.com\/fr\/tapis-et-metaphores\/#breadcrumb\",\"itemListElement\":[{\"@type\":\"ListItem\",\"position\":1,\"name\":\"Accueil\",\"item\":\"https:\/\/www.sarabadrschmidt.com\/fr\/\"},{\"@type\":\"ListItem\",\"position\":2,\"name\":\"Tapis et m\u00e9taphores\"}]},{\"@type\":\"WebSite\",\"@id\":\"https:\/\/www.sarabadrschmidt.com\/#website\",\"url\":\"https:\/\/www.sarabadrschmidt.com\/\",\"name\":\"Sara Badr Schmidt\",\"description\":\"\",\"publisher\":{\"@id\":\"https:\/\/www.sarabadrschmidt.com\/#\/schema\/person\/6aac59e946ed87a065ccaa38260c57ca\"},\"potentialAction\":[{\"@type\":\"SearchAction\",\"target\":{\"@type\":\"EntryPoint\",\"urlTemplate\":\"https:\/\/www.sarabadrschmidt.com\/?s={search_term_string}\"},\"query-input\":{\"@type\":\"PropertyValueSpecification\",\"valueRequired\":true,\"valueName\":\"search_term_string\"}}],\"inLanguage\":\"fr-FR\"},{\"@type\":[\"Person\",\"Organization\"],\"@id\":\"https:\/\/www.sarabadrschmidt.com\/#\/schema\/person\/6aac59e946ed87a065ccaa38260c57ca\",\"name\":\"sara\",\"image\":{\"@type\":\"ImageObject\",\"inLanguage\":\"fr-FR\",\"@id\":\"https:\/\/www.sarabadrschmidt.com\/#\/schema\/person\/image\/\",\"url\":\"https:\/\/www.sarabadrschmidt.com\/wp-content\/uploads\/2020\/10\/sarabadrschmidt_logo.png\",\"contentUrl\":\"https:\/\/www.sarabadrschmidt.com\/wp-content\/uploads\/2020\/10\/sarabadrschmidt_logo.png\",\"width\":426,\"height\":50,\"caption\":\"sara\"},\"logo\":{\"@id\":\"https:\/\/www.sarabadrschmidt.com\/#\/schema\/person\/image\/\"},\"sameAs\":[\"https:\/\/www.sarabadrschmidt.com\",\"https:\/\/www.instagram.com\/SaraBadrSchmidt\/\"]}]}<\/script>\n<!-- \/ Yoast SEO plugin. -->","yoast_head_json":{"title":"Tapis et m\u00e9taphores - Sara Badr Schmidt","robots":{"index":"index","follow":"follow","max-snippet":"max-snippet:-1","max-image-preview":"max-image-preview:large","max-video-preview":"max-video-preview:-1"},"canonical":"https:\/\/www.sarabadrschmidt.com\/fr\/tapis-et-metaphores\/","og_locale":"fr_FR","og_type":"article","og_title":"Tapis et m\u00e9taphores - Sara Badr Schmidt","og_description":"[vc_row][vc_column width=\u00a0\u00bb2\/3&Prime;][vc_column_text css_animation=\u00a0\u00bbleft-to-right\u00a0\u00bb]Le privil\u00e8ge essentiel de l&rsquo;exil\u00e9 est d&rsquo;avoir, non pas une seule paire d&rsquo;yeux, mais une demi-douzaine, chacune d&rsquo;entre elles correspondant aux endroits o\u00f9 vous avez \u00e9t\u00e9&#8230; Il y a toujours une sorte de d\u00e9doublement dans cette exp\u00e9rience&#8230; plus&hellip;","og_url":"https:\/\/www.sarabadrschmidt.com\/fr\/tapis-et-metaphores\/","og_site_name":"Sara Badr Schmidt","article_modified_time":"2024-07-24T18:37:21+00:00","twitter_card":"summary_large_image","twitter_misc":{"Dur\u00e9e de lecture estim\u00e9e":"4 minutes"},"schema":{"@context":"https:\/\/schema.org","@graph":[{"@type":"WebPage","@id":"https:\/\/www.sarabadrschmidt.com\/fr\/tapis-et-metaphores\/","url":"https:\/\/www.sarabadrschmidt.com\/fr\/tapis-et-metaphores\/","name":"Tapis et m\u00e9taphores - Sara Badr Schmidt","isPartOf":{"@id":"https:\/\/www.sarabadrschmidt.com\/#website"},"datePublished":"2024-07-24T18:36:18+00:00","dateModified":"2024-07-24T18:37:21+00:00","breadcrumb":{"@id":"https:\/\/www.sarabadrschmidt.com\/fr\/tapis-et-metaphores\/#breadcrumb"},"inLanguage":"fr-FR","potentialAction":[{"@type":"ReadAction","target":["https:\/\/www.sarabadrschmidt.com\/fr\/tapis-et-metaphores\/"]}]},{"@type":"BreadcrumbList","@id":"https:\/\/www.sarabadrschmidt.com\/fr\/tapis-et-metaphores\/#breadcrumb","itemListElement":[{"@type":"ListItem","position":1,"name":"Accueil","item":"https:\/\/www.sarabadrschmidt.com\/fr\/"},{"@type":"ListItem","position":2,"name":"Tapis et m\u00e9taphores"}]},{"@type":"WebSite","@id":"https:\/\/www.sarabadrschmidt.com\/#website","url":"https:\/\/www.sarabadrschmidt.com\/","name":"Sara Badr Schmidt","description":"","publisher":{"@id":"https:\/\/www.sarabadrschmidt.com\/#\/schema\/person\/6aac59e946ed87a065ccaa38260c57ca"},"potentialAction":[{"@type":"SearchAction","target":{"@type":"EntryPoint","urlTemplate":"https:\/\/www.sarabadrschmidt.com\/?s={search_term_string}"},"query-input":{"@type":"PropertyValueSpecification","valueRequired":true,"valueName":"search_term_string"}}],"inLanguage":"fr-FR"},{"@type":["Person","Organization"],"@id":"https:\/\/www.sarabadrschmidt.com\/#\/schema\/person\/6aac59e946ed87a065ccaa38260c57ca","name":"sara","image":{"@type":"ImageObject","inLanguage":"fr-FR","@id":"https:\/\/www.sarabadrschmidt.com\/#\/schema\/person\/image\/","url":"https:\/\/www.sarabadrschmidt.com\/wp-content\/uploads\/2020\/10\/sarabadrschmidt_logo.png","contentUrl":"https:\/\/www.sarabadrschmidt.com\/wp-content\/uploads\/2020\/10\/sarabadrschmidt_logo.png","width":426,"height":50,"caption":"sara"},"logo":{"@id":"https:\/\/www.sarabadrschmidt.com\/#\/schema\/person\/image\/"},"sameAs":["https:\/\/www.sarabadrschmidt.com","https:\/\/www.instagram.com\/SaraBadrSchmidt\/"]}]}},"_links":{"self":[{"href":"https:\/\/www.sarabadrschmidt.com\/fr\/wp-json\/wp\/v2\/pages\/4139","targetHints":{"allow":["GET"]}}],"collection":[{"href":"https:\/\/www.sarabadrschmidt.com\/fr\/wp-json\/wp\/v2\/pages"}],"about":[{"href":"https:\/\/www.sarabadrschmidt.com\/fr\/wp-json\/wp\/v2\/types\/page"}],"author":[{"embeddable":true,"href":"https:\/\/www.sarabadrschmidt.com\/fr\/wp-json\/wp\/v2\/users\/3"}],"replies":[{"embeddable":true,"href":"https:\/\/www.sarabadrschmidt.com\/fr\/wp-json\/wp\/v2\/comments?post=4139"}],"version-history":[{"count":0,"href":"https:\/\/www.sarabadrschmidt.com\/fr\/wp-json\/wp\/v2\/pages\/4139\/revisions"}],"wp:attachment":[{"href":"https:\/\/www.sarabadrschmidt.com\/fr\/wp-json\/wp\/v2\/media?parent=4139"}],"curies":[{"name":"wp","href":"https:\/\/api.w.org\/{rel}","templated":true}]}}