{"id":4135,"date":"2024-07-24T19:25:17","date_gmt":"2024-07-24T17:25:17","guid":{"rendered":"https:\/\/www.sarabadrschmidt.com\/?page_id=4135"},"modified":"2024-07-24T19:25:49","modified_gmt":"2024-07-24T17:25:49","slug":"home-sky","status":"publish","type":"page","link":"https:\/\/www.sarabadrschmidt.com\/fr\/home-sky\/","title":{"rendered":"Home Sky"},"content":{"rendered":"<div class=\"wpb-content-wrapper\"><p>[vc_row][vc_column width=\u00a0\u00bb2\/3&Prime;][vc_column_text css_animation=\u00a0\u00bbleft-to-right\u00a0\u00bb]<em>Le matin de mon retour, j&rsquo;ai d\u00e9barqu\u00e9 de l&rsquo;avion avec une qualit\u00e9 de lumi\u00e8re d\u00e9j\u00e0 dans mon corps, un air clair et saisissant, presque chaud, un soleil doux qui \u00e9clairait mon visage. J&rsquo;ai lev\u00e9 les yeux dans une sorte de pri\u00e8re en marchant sur le tarmac. \u00c0 cet instant, j&rsquo;\u00e9tais chez moi. <span class=\"Apple-converted-space\">\u00a0<\/span><\/em><\/p>\n<p>Le ciel de la maison, celui qui se souvient de vous.<span class=\"Apple-converted-space\">\u00a0<\/span><\/p>\n<p>Un morceau de ciel ne devrait pas avoir cette clart\u00e9, une d\u00e9limitation, une sorte de fronti\u00e8re. Mais c&rsquo;est le cas. Sans fronti\u00e8res tangibles, le ciel reste connu. C&rsquo;est une maison, le ciel, l&rsquo;air dans vos os.<span class=\"Apple-converted-space\">\u00a0<\/span><\/p>\n<p>Ce qui est beau, c&rsquo;est la fa\u00e7on dont le ciel se d\u00e9place alors m\u00eame qu&rsquo;il vous conna\u00eet, alors qu&rsquo;il vous r\u00e9clame, un mouvement pris dans le sentiment m\u00eame d&rsquo;\u00eatre chez soi. Sous le ciel qui est le v\u00f4tre, le ciel bouge. Vu sous cet angle, l&rsquo;id\u00e9e de lieu est un peu illusoire, la terre m\u00eame s&rsquo;\u00e9loignant en m\u00eame temps que nous nous pr\u00e9lassons dans \u00ab\u00a0notre\u00a0\u00bb ciel. Il est juste de dire que nous sommes \u00e0 la fois chez nous et pas chez nous. Il est juste de dire que ce n&rsquo;est pas toujours facile, pas toujours difficile. <span class=\"Apple-converted-space\">\u00a0<\/span><\/p>\n<p>Le travail de Sara Badr Schmidt traite directement de l&rsquo;exp\u00e9rience intime du d\u00e9placement, du changement de lieu, du lieu qui nous change.<span class=\"Apple-converted-space\">\u00a0<\/span><\/p>\n<p>Elle d\u00e9crit son travail comme une tentative \u00ab\u00a0d&rsquo;expliquer ou au moins d&rsquo;essayer de faire sentir aux gens ce que signifie \u00e9motionnellement le fait d&rsquo;avoir la peur inscrite dans son ADN&#8230; d&rsquo;\u00eatre constamment arrach\u00e9 \u00e0 son environnement, \u00e0 ses amis, \u00e0 sa maison et finalement de ne pas savoir o\u00f9 est sa place tout en essayant d&rsquo;\u00eatre accept\u00e9\u00a0\u00bb.<span class=\"Apple-converted-space\">\u00a0<\/span><\/p>\n<p>Et pourtant, la r\u00e9ponse \u00e0 cette question reste opaque. Que ressent-on lorsqu&rsquo;on est d\u00e9chir\u00e9, non accept\u00e9, inconnu ? Est-ce vraiment la question ? Ou bien la question est-elle ce qui vient apr\u00e8s ? <span class=\"Apple-converted-space\">\u00a0<\/span><\/p>\n<p>&#8211;<span class=\"Apple-converted-space\">\u00a0<\/span><\/p>\n<p>Pour Sara, la qu\u00eate d&rsquo;un foyer est profond\u00e9ment personnelle, psychologique, presque sauvage. La division semble enracin\u00e9e dans sa psych\u00e9. Et pourtant, en creusant avec insistance dans le pass\u00e9, son travail constitue un document d&rsquo;avenir, un rappel de la totalit\u00e9 de cette exp\u00e9rience, de l&rsquo;effet permanent de l&rsquo;exil, \u00e0 de nombreuses \u00e9chelles et pour de nombreuses raisons, sur l&rsquo;individu \u00e0 toutes les strates de son existence. <span class=\"Apple-converted-space\">\u00a0<\/span><\/p>\n<p>D&rsquo;une certaine mani\u00e8re, c&rsquo;est l&rsquo;attachement de l&rsquo;homme \u00e0 la terre qu&rsquo;elle souhaite dissiper. Si l&rsquo;\u00e9cart et la scission de son propre exil sont au centre de ses pr\u00e9occupations, il est \u00e9galement clair qu&rsquo;elle consid\u00e8re cette exp\u00e9rience du mouvement comme utile, marquant une capacit\u00e9 \u00e0 passer, tel un cam\u00e9l\u00e9on, d&rsquo;un lieu, d&rsquo;un contexte, \u00e0 un autre. La qualit\u00e9 d\u00e9terminante de son exp\u00e9rience est la tentative de se d\u00e9placer face aux attentes humaines, \u00e0 la vie sociale. <span class=\"Apple-converted-space\">\u00a0<\/span><\/p>\n<p>Revenant avec insistance sur les fronti\u00e8res psychologiques et physiques qui enferment et d\u00e9limitent l&rsquo;exp\u00e9rience humaine, elle d\u00e9crit l&rsquo;exp\u00e9rience sp\u00e9cifique de l&rsquo;exil comme \u00e9tant intimement li\u00e9e \u00e0 cette anthropologie plus large, en notant :<span class=\"Apple-converted-space\">\u00a0<\/span><\/p>\n<p><em>Il faut les avoir sous la peau, ces probl\u00e8mes n\u00e9s des tensions, <span class=\"Apple-converted-space\">\u00a0<\/span><\/em><\/p>\n<p><em>il faut avoir senti l&rsquo;odeur de la mort, <span class=\"Apple-converted-space\">\u00a0<\/span><\/em><\/p>\n<p><em>Il faut avoir senti l&rsquo;odeur de la mort, entendu le bruit de la guerre pour comprendre qu&rsquo;il n&rsquo;y a rien \u00e0 comprendre, <span class=\"Apple-converted-space\">\u00a0<\/span><\/em><\/p>\n<p><em>que l&rsquo;homme aura toujours des fronti\u00e8res dans son c\u0153ur et dans son \u00e2me tant qu&rsquo;il existera sur terre.<\/em> <span class=\"Apple-converted-space\">\u00a0 \u00a0<\/span><\/p>\n<p>Mais apr\u00e8s avoir \u00e9tabli la signification et la particularit\u00e9 de l&rsquo;exil en tant que concept, elle se d\u00e9place. Regardez les escargots. De petites cr\u00e9atures, r\u00e9alis\u00e9es en argile et en bronze, form\u00e9es dans diff\u00e9rents \u00e9tats, certaines sans coquille du tout, le corps mou et vuln\u00e9rable, la coquille jet\u00e9e \u00e0 proximit\u00e9. C&rsquo;est un clin d&rsquo;\u0153il \u00e0 un \u00e9tat futur possible, un symbole d&rsquo;un foyer en mouvement. <span class=\"Apple-converted-space\">\u00a0<\/span><\/p>\n<p>&#8211;<span class=\"Apple-converted-space\">\u00a0<\/span><\/p>\n<p>Le conflit est \u00e0 la base de l&rsquo;\u0153uvre, une tentative de voir diff\u00e9remment, d&rsquo;atteindre et de tordre des croyances bien ancr\u00e9es, et de les arracher par la racine, en d\u00e9couvrant au passage si elles peuvent pousser ailleurs. <span class=\"Apple-converted-space\">\u00a0<\/span><\/p>\n<p>&#8211;<\/p>\n<p>Il n&rsquo;y a pas de photo, mais il y a une fille qui dessine, ou qui a dessin\u00e9. Le fusain sur bois est \u00e9l\u00e9mentaire, il peut \u00eatre effac\u00e9. C&rsquo;est un rebut, \u00e9ph\u00e9m\u00e8re. L&rsquo;artiste a peut-\u00eatre dessin\u00e9 en tant qu&rsquo;adulte, mais la sensation est jeune, rapide et directe, un rappel de soi plus jeune. <span class=\"Apple-converted-space\">\u00a0<\/span><\/p>\n<p>Il s&rsquo;agit d&rsquo;un dessin de m\u00e9moire, d&rsquo;un lieu ou d&rsquo;un \u00e9v\u00e9nement dont nous ne connaissons pas l&rsquo;origine. Tout ce que nous savons, c&rsquo;est qu&rsquo;il est devenu solide, qu&rsquo;il reste en quelque sorte, maintenant ici. <span class=\"Apple-converted-space\">\u00a0<\/span><\/p>\n<p>Nous avons quitt\u00e9 la maison, chacune de ces images porte un titre. <span class=\"Apple-converted-space\">\u00a0<\/span><\/p>\n<p>Ces dessins diminutifs et \u00e9ph\u00e9m\u00e8res de \u00ab\u00a0l&rsquo;\u00e9poque\u00a0\u00bb sont reli\u00e9s \u00e0 un monde d&rsquo;adultes par le biais de tapis luxueux cr\u00e9\u00e9s \u00ab\u00a0maintenant\u00a0\u00bb. Les tapis sont en soie, en cachemire, en laine. On nous dit qu&rsquo;ils sont nou\u00e9s \u00e0 la main. Ils portent les m\u00eames titres que leurs ancres : we left home (nous avons quitt\u00e9 la maison), r\u00e9p\u00e9t\u00e9 encore et encore. <span class=\"Apple-converted-space\">\u00a0<\/span><\/p>\n<p>Dans la galerie, les tapis sont accroch\u00e9s au mur. Un dessin \u00e0 c\u00f4t\u00e9 de chacun d&rsquo;eux, nous supposons qu&rsquo;ils sont arriv\u00e9s les premiers, l&rsquo;\u00e9tincelle initiale \u00e9tant maintenant retranscrite sous forme de tapis, et nous sentons le poids doux des pieds qui pressent. La l\u00e9g\u00e8ret\u00e9 de l&rsquo;esquisse au fusain, dessin\u00e9e sur un support en bois, contraste fortement avec le poids du tapis. Tisser, c&rsquo;est habiter la tension, la tension du textile qui pousse sous les doigts du tisserand. Dans le processus de tissage, le fabricant devient une partie de la fabrication, une compr\u00e9hension incarn\u00e9e du temps et de l&rsquo;espace pris par le processus, un poids doux ancr\u00e9 par des \u00e9chos domestiques. L&rsquo;effet est idiosyncrasique, \u00e9trange, le caract\u00e8re \u00e9ph\u00e9m\u00e8re de l&rsquo;esquisse atteignant un poids appropri\u00e9 dans sa transposition sur le tapis. L&rsquo;\u00e9cart entre l&rsquo;esquisse et le tapis est l&rsquo;exp\u00e9rience de la dislocation. <span class=\"Apple-converted-space\">\u00a0<\/span><\/p>\n<p>Un tapis, c&rsquo;est la maison, la particularit\u00e9 du textile, la texture de la familiarit\u00e9 sous les pieds. C&rsquo;est un souvenir de l&rsquo;endroit o\u00f9 l&rsquo;on marche.<span class=\"Apple-converted-space\">\u00a0<\/span><\/p>\n<p>Et puis, je pense qu&rsquo;un tapis est aussi mobile. <span class=\"Apple-converted-space\">\u00a0<\/span><\/p>\n<p>Il y a \u00e0 la fois le moment de l&#8217;empreinte, les s\u00e9quelles permanentes de la dislocation, l&rsquo;\u00e9tat permanent d&rsquo;exil, et puis il y a la possibilit\u00e9 du mouvement, de la l\u00e9g\u00e8ret\u00e9, de l&rsquo;accueil plut\u00f4t que de la maison.<span class=\"Apple-converted-space\">\u00a0<\/span><\/p>\n<p>Pour Sara, le probl\u00e8me n&rsquo;est pas tant l&rsquo;exp\u00e9rience de la dislocation que l&rsquo;implication sociale d&rsquo;\u00eatre l&rsquo;\u00e9tranger. <span class=\"Apple-converted-space\">\u00a0<\/span><\/p>\n<p>Elle me dit, avez-tu entendu ceci, je ne sais plus d&rsquo;o\u00f9 c&rsquo;est tir\u00e9 : \u00ab\u00a0Un oiseau en cage pense que voler est une maladie\u00a0\u00bb. <span class=\"Apple-converted-space\">\u00a0<\/span><\/p>\n<p>&#8211;<span class=\"Apple-converted-space\">\u00a0<\/span><\/p>\n<p>Une s\u00e9rie de textes sont inscrits sur des tablettes en b\u00e9ton, des histoires personnelles de l&rsquo;enfance, grav\u00e9es sur un mat\u00e9riau connu pour sa durabilit\u00e9, sa force et son humilit\u00e9.<span class=\"Apple-converted-space\">\u00a0<\/span><\/p>\n<p>Ces textes parlent clairement de la s\u00e9paration et du retour, en soulignant l&rsquo;impossibilit\u00e9 de ce dernier.<span class=\"Apple-converted-space\">\u00a0<\/span><\/p>\n<p>Ils tracent le devenir de l&rsquo;\u00e9tranger, de l&rsquo;outsider. Plus lourdes que le textile, ces histoires sont les plus lourdes. <span class=\"Apple-converted-space\">\u00a0<\/span><\/p>\n<p>Et si ces mots \u00e9taient \u00e9crits sur des plumes, faciles \u00e0 perdre entre elles et avec le vent.<span class=\"Apple-converted-space\">\u00a0 <\/span>Je sens cette possibilit\u00e9, sous le b\u00e9ton. <span class=\"Apple-converted-space\">\u00a0<\/span><\/p>\n<p>Demandez-lui ce qui divise les humains au quotidien. Elle vous r\u00e9pondra que c&rsquo;est l&rsquo;exp\u00e9rience de l&rsquo;exil, de la marginalit\u00e9, \u00e0 quelque \u00e9chelle que ce soit. C&rsquo;est l&rsquo;exp\u00e9rience de l&rsquo;exclusion qui cr\u00e9e la division entre les gens. <span class=\"Apple-converted-space\">\u00a0<\/span><\/p>\n<p>&#8211;<span class=\"Apple-converted-space\">\u00a0<\/span><\/p>\n<p>Regardez le ciel, un monde plus grand que l&rsquo;homme. <span class=\"Apple-converted-space\">\u00a0<\/span><\/p>\n<p>Borderless, une s\u00e9rie de photographies comprenant des fonds de ciel superpos\u00e9s \u00e0 de petits textes. Des mots de plusieurs langues plac\u00e9s sur plusieurs ciels : <em>I have a dream, Ene, Smultronst\u00e4lle, Mind the gap, Borderless<span class=\"Apple-converted-space\">\u00a0<\/span><\/em><\/p>\n<p>Nous ne pouvons qu&rsquo;imaginer l&#8217;emplacement pr\u00e9cis de chaque morceau de ciel, les langues peuvent fournir un indice, mais peut-\u00eatre pas. Les cieux sans fronti\u00e8res peuvent parler de nombreuses langues. <span class=\"Apple-converted-space\">\u00a0<\/span><\/p>\n<p>La m\u00e9moire s&rsquo;apparente au ciel, les bords sont ressentis, incarn\u00e9s, les fronti\u00e8res sont arrang\u00e9es de l&rsquo;int\u00e9rieur. Vous \u00eates vos souvenirs ; ils vous connaissent avant vous. Le ciel de la maison, le v\u00f4tre et aussi toujours changeant. Un paradoxe parfait. <span class=\"Apple-converted-space\">\u00a0<\/span><\/p>\n<p>Dans l&rsquo;\u0153uvre de Badr Schmidt, il y a une continuit\u00e9, un devenir, un d\u00e9ploiement progressif de l&rsquo;impossibilit\u00e9 explor\u00e9e \u00e0 travers la m\u00e9moire. En m\u00eame temps, il y a une qualit\u00e9 illimit\u00e9e dans la l\u00e9g\u00e8ret\u00e9, le monde, qui pourrait \u00eatre possible, si la pens\u00e9e pouvait \u00eatre aussi l\u00e9g\u00e8re, aussi flexible. <span class=\"Apple-converted-space\">\u00a0<\/span><\/p>\n<p>&#8211;<span class=\"Apple-converted-space\">\u00a0<\/span><\/p>\n<p>Une grande peinture \u00e0 l&rsquo;huile domine l&rsquo;un des murs de la galerie. Elle s&rsquo;intitule \u00ab\u00a0Cerisier\u00a0\u00bb, \u00ab\u00a0le cerisier m&rsquo;accompagne toujours\u00a0\u00bb, dit-elle. Un luxueux tapis repose \u00e0 ses pieds, Les fleurs de cerisier. C&rsquo;est plus qu&rsquo;une ombre. <span class=\"Apple-converted-space\">\u00a0<\/span><\/p>\n<p>Une \u00e9nigme de plus, une question impossible :<span class=\"Apple-converted-space\">\u00a0<\/span><\/p>\n<p>Qu&rsquo;est-ce qui se trouve en dessous et qui est plus qu&rsquo;une ombre ?<span class=\"Apple-converted-space\">\u00a0<\/span><\/p>\n<h5><strong>Amy Todman, artiste et auteur, D\u00e9cembre 2023<\/strong><\/h5>\n<p>[\/vc_column_text][\/vc_column][vc_column width=\u00a0\u00bb1\/3&Prime;][\/vc_column][\/vc_row]<\/p>\n<\/div>","protected":false},"excerpt":{"rendered":"<p>[vc_row][vc_column width=\u00a0\u00bb2\/3&Prime;][vc_column_text css_animation=\u00a0\u00bbleft-to-right\u00a0\u00bb]Le matin de mon retour, j&rsquo;ai d\u00e9barqu\u00e9 de l&rsquo;avion avec une qualit\u00e9 de lumi\u00e8re d\u00e9j\u00e0 dans mon corps, un air clair et saisissant, presque chaud, un soleil doux qui \u00e9clairait mon visage. J&rsquo;ai lev\u00e9 les yeux dans une&hellip; <\/p>\n","protected":false},"author":3,"featured_media":0,"parent":0,"menu_order":0,"comment_status":"closed","ping_status":"closed","template":"","meta":{"footnotes":""},"class_list":["post-4135","page","type-page","status-publish","hentry"],"yoast_head":"<!-- This site is optimized with the Yoast SEO plugin v26.7 - https:\/\/yoast.com\/wordpress\/plugins\/seo\/ -->\n<title>Home Sky - Sara Badr Schmidt<\/title>\n<meta name=\"robots\" content=\"index, follow, max-snippet:-1, max-image-preview:large, max-video-preview:-1\" \/>\n<link rel=\"canonical\" href=\"https:\/\/www.sarabadrschmidt.com\/fr\/home-sky\/\" \/>\n<meta property=\"og:locale\" content=\"fr_FR\" \/>\n<meta property=\"og:type\" content=\"article\" \/>\n<meta property=\"og:title\" content=\"Home Sky - Sara Badr Schmidt\" \/>\n<meta property=\"og:description\" content=\"[vc_row][vc_column width=\u00a0\u00bb2\/3&Prime;][vc_column_text css_animation=\u00a0\u00bbleft-to-right\u00a0\u00bb]Le matin de mon retour, j&rsquo;ai d\u00e9barqu\u00e9 de l&rsquo;avion avec une qualit\u00e9 de lumi\u00e8re d\u00e9j\u00e0 dans mon corps, un air clair et saisissant, presque chaud, un soleil doux qui \u00e9clairait mon visage. J&rsquo;ai lev\u00e9 les yeux dans une&hellip;\" \/>\n<meta property=\"og:url\" content=\"https:\/\/www.sarabadrschmidt.com\/fr\/home-sky\/\" \/>\n<meta property=\"og:site_name\" content=\"Sara Badr Schmidt\" \/>\n<meta property=\"article:modified_time\" content=\"2024-07-24T17:25:49+00:00\" \/>\n<meta name=\"twitter:card\" content=\"summary_large_image\" \/>\n<meta name=\"twitter:label1\" content=\"Dur\u00e9e de lecture estim\u00e9e\" \/>\n\t<meta name=\"twitter:data1\" content=\"7 minutes\" \/>\n<script type=\"application\/ld+json\" class=\"yoast-schema-graph\">{\"@context\":\"https:\/\/schema.org\",\"@graph\":[{\"@type\":\"WebPage\",\"@id\":\"https:\/\/www.sarabadrschmidt.com\/fr\/home-sky\/\",\"url\":\"https:\/\/www.sarabadrschmidt.com\/fr\/home-sky\/\",\"name\":\"Home Sky - Sara Badr Schmidt\",\"isPartOf\":{\"@id\":\"https:\/\/www.sarabadrschmidt.com\/#website\"},\"datePublished\":\"2024-07-24T17:25:17+00:00\",\"dateModified\":\"2024-07-24T17:25:49+00:00\",\"breadcrumb\":{\"@id\":\"https:\/\/www.sarabadrschmidt.com\/fr\/home-sky\/#breadcrumb\"},\"inLanguage\":\"fr-FR\",\"potentialAction\":[{\"@type\":\"ReadAction\",\"target\":[\"https:\/\/www.sarabadrschmidt.com\/fr\/home-sky\/\"]}]},{\"@type\":\"BreadcrumbList\",\"@id\":\"https:\/\/www.sarabadrschmidt.com\/fr\/home-sky\/#breadcrumb\",\"itemListElement\":[{\"@type\":\"ListItem\",\"position\":1,\"name\":\"Accueil\",\"item\":\"https:\/\/www.sarabadrschmidt.com\/fr\/\"},{\"@type\":\"ListItem\",\"position\":2,\"name\":\"Home Sky\"}]},{\"@type\":\"WebSite\",\"@id\":\"https:\/\/www.sarabadrschmidt.com\/#website\",\"url\":\"https:\/\/www.sarabadrschmidt.com\/\",\"name\":\"Sara Badr Schmidt\",\"description\":\"\",\"publisher\":{\"@id\":\"https:\/\/www.sarabadrschmidt.com\/#\/schema\/person\/6aac59e946ed87a065ccaa38260c57ca\"},\"potentialAction\":[{\"@type\":\"SearchAction\",\"target\":{\"@type\":\"EntryPoint\",\"urlTemplate\":\"https:\/\/www.sarabadrschmidt.com\/?s={search_term_string}\"},\"query-input\":{\"@type\":\"PropertyValueSpecification\",\"valueRequired\":true,\"valueName\":\"search_term_string\"}}],\"inLanguage\":\"fr-FR\"},{\"@type\":[\"Person\",\"Organization\"],\"@id\":\"https:\/\/www.sarabadrschmidt.com\/#\/schema\/person\/6aac59e946ed87a065ccaa38260c57ca\",\"name\":\"sara\",\"image\":{\"@type\":\"ImageObject\",\"inLanguage\":\"fr-FR\",\"@id\":\"https:\/\/www.sarabadrschmidt.com\/#\/schema\/person\/image\/\",\"url\":\"https:\/\/www.sarabadrschmidt.com\/wp-content\/uploads\/2020\/10\/sarabadrschmidt_logo.png\",\"contentUrl\":\"https:\/\/www.sarabadrschmidt.com\/wp-content\/uploads\/2020\/10\/sarabadrschmidt_logo.png\",\"width\":426,\"height\":50,\"caption\":\"sara\"},\"logo\":{\"@id\":\"https:\/\/www.sarabadrschmidt.com\/#\/schema\/person\/image\/\"},\"sameAs\":[\"https:\/\/www.sarabadrschmidt.com\",\"https:\/\/www.instagram.com\/SaraBadrSchmidt\/\"]}]}<\/script>\n<!-- \/ Yoast SEO plugin. -->","yoast_head_json":{"title":"Home Sky - Sara Badr Schmidt","robots":{"index":"index","follow":"follow","max-snippet":"max-snippet:-1","max-image-preview":"max-image-preview:large","max-video-preview":"max-video-preview:-1"},"canonical":"https:\/\/www.sarabadrschmidt.com\/fr\/home-sky\/","og_locale":"fr_FR","og_type":"article","og_title":"Home Sky - Sara Badr Schmidt","og_description":"[vc_row][vc_column width=\u00a0\u00bb2\/3&Prime;][vc_column_text css_animation=\u00a0\u00bbleft-to-right\u00a0\u00bb]Le matin de mon retour, j&rsquo;ai d\u00e9barqu\u00e9 de l&rsquo;avion avec une qualit\u00e9 de lumi\u00e8re d\u00e9j\u00e0 dans mon corps, un air clair et saisissant, presque chaud, un soleil doux qui \u00e9clairait mon visage. J&rsquo;ai lev\u00e9 les yeux dans une&hellip;","og_url":"https:\/\/www.sarabadrschmidt.com\/fr\/home-sky\/","og_site_name":"Sara Badr Schmidt","article_modified_time":"2024-07-24T17:25:49+00:00","twitter_card":"summary_large_image","twitter_misc":{"Dur\u00e9e de lecture estim\u00e9e":"7 minutes"},"schema":{"@context":"https:\/\/schema.org","@graph":[{"@type":"WebPage","@id":"https:\/\/www.sarabadrschmidt.com\/fr\/home-sky\/","url":"https:\/\/www.sarabadrschmidt.com\/fr\/home-sky\/","name":"Home Sky - Sara Badr Schmidt","isPartOf":{"@id":"https:\/\/www.sarabadrschmidt.com\/#website"},"datePublished":"2024-07-24T17:25:17+00:00","dateModified":"2024-07-24T17:25:49+00:00","breadcrumb":{"@id":"https:\/\/www.sarabadrschmidt.com\/fr\/home-sky\/#breadcrumb"},"inLanguage":"fr-FR","potentialAction":[{"@type":"ReadAction","target":["https:\/\/www.sarabadrschmidt.com\/fr\/home-sky\/"]}]},{"@type":"BreadcrumbList","@id":"https:\/\/www.sarabadrschmidt.com\/fr\/home-sky\/#breadcrumb","itemListElement":[{"@type":"ListItem","position":1,"name":"Accueil","item":"https:\/\/www.sarabadrschmidt.com\/fr\/"},{"@type":"ListItem","position":2,"name":"Home Sky"}]},{"@type":"WebSite","@id":"https:\/\/www.sarabadrschmidt.com\/#website","url":"https:\/\/www.sarabadrschmidt.com\/","name":"Sara Badr Schmidt","description":"","publisher":{"@id":"https:\/\/www.sarabadrschmidt.com\/#\/schema\/person\/6aac59e946ed87a065ccaa38260c57ca"},"potentialAction":[{"@type":"SearchAction","target":{"@type":"EntryPoint","urlTemplate":"https:\/\/www.sarabadrschmidt.com\/?s={search_term_string}"},"query-input":{"@type":"PropertyValueSpecification","valueRequired":true,"valueName":"search_term_string"}}],"inLanguage":"fr-FR"},{"@type":["Person","Organization"],"@id":"https:\/\/www.sarabadrschmidt.com\/#\/schema\/person\/6aac59e946ed87a065ccaa38260c57ca","name":"sara","image":{"@type":"ImageObject","inLanguage":"fr-FR","@id":"https:\/\/www.sarabadrschmidt.com\/#\/schema\/person\/image\/","url":"https:\/\/www.sarabadrschmidt.com\/wp-content\/uploads\/2020\/10\/sarabadrschmidt_logo.png","contentUrl":"https:\/\/www.sarabadrschmidt.com\/wp-content\/uploads\/2020\/10\/sarabadrschmidt_logo.png","width":426,"height":50,"caption":"sara"},"logo":{"@id":"https:\/\/www.sarabadrschmidt.com\/#\/schema\/person\/image\/"},"sameAs":["https:\/\/www.sarabadrschmidt.com","https:\/\/www.instagram.com\/SaraBadrSchmidt\/"]}]}},"_links":{"self":[{"href":"https:\/\/www.sarabadrschmidt.com\/fr\/wp-json\/wp\/v2\/pages\/4135","targetHints":{"allow":["GET"]}}],"collection":[{"href":"https:\/\/www.sarabadrschmidt.com\/fr\/wp-json\/wp\/v2\/pages"}],"about":[{"href":"https:\/\/www.sarabadrschmidt.com\/fr\/wp-json\/wp\/v2\/types\/page"}],"author":[{"embeddable":true,"href":"https:\/\/www.sarabadrschmidt.com\/fr\/wp-json\/wp\/v2\/users\/3"}],"replies":[{"embeddable":true,"href":"https:\/\/www.sarabadrschmidt.com\/fr\/wp-json\/wp\/v2\/comments?post=4135"}],"version-history":[{"count":0,"href":"https:\/\/www.sarabadrschmidt.com\/fr\/wp-json\/wp\/v2\/pages\/4135\/revisions"}],"wp:attachment":[{"href":"https:\/\/www.sarabadrschmidt.com\/fr\/wp-json\/wp\/v2\/media?parent=4135"}],"curies":[{"name":"wp","href":"https:\/\/api.w.org\/{rel}","templated":true}]}}