{"id":3569,"date":"2023-06-06T13:58:28","date_gmt":"2023-06-06T11:58:28","guid":{"rendered":"https:\/\/www.sarabadrschmidt.com\/?page_id=3569"},"modified":"2024-09-11T15:47:39","modified_gmt":"2024-09-11T13:47:39","slug":"reflection-colorshot","status":"publish","type":"page","link":"https:\/\/www.sarabadrschmidt.com\/fr\/reflection-colorshot\/","title":{"rendered":"Reflection \/ Colorshot"},"content":{"rendered":"<div class=\"wpb-content-wrapper\"><p>[vc_row][vc_column width=\u00a0\u00bb1\/3&Prime;][vc_column_text css_animation=\u00a0\u00bbleft-to-right\u00a0\u00bb]<b>Reflection \/ Colorshot<\/b> est une \u0153uvre in\u00e9dite murale, elle se compose de textile et de vitrail.<\/p>\n<p>M\u2019inspirant d\u2019un tableau du Trecento italien et reprenant les caract\u00e9ristiques du vitrail, <b>Reflection \/ Colorshot<\/b> est l\u2019interpr\u00e9tation abstraite et contemporaine d\u2019un visuel du pass\u00e9.<\/p>\n<p>C\u2019est une \u0153uvre que j\u2019ai voulue vivante et soyeuse, juxtaposant des couleurs franches d\u00e9clin\u00e9es dans des mati\u00e8res vari\u00e9es comme le verre, la soie et la laine.<\/p>\n<p>L\u2019image du contemplateur s\u2019y refl\u00e8te entrecoup\u00e9e par les parties textiles et se teinte au gr\u00e9 des couleurs du vitrail.<\/p>\n<p>A priori objet fonctionnel puisque mirroir nous nous rendons vite compte que ce n\u2019est qu\u2019une illusion, l\u2019image renvoy\u00e9e \u00e9tant teint\u00e9e et d\u00e9form\u00e9e. Des \u0153illets appos\u00e9s de fa\u00e7on sym\u00e9trique sur le pourtour permettent d\u2019orienter l\u2019accrochage de l\u2019\u0153uvre selon son envie.<\/p>\n<p><b>Reflection \/ Colorshot<\/b> est mon hommage au savoir-faire des m\u00e9tiers artisanaux, associant le travail de la maison <b>Arthylae<\/b> pour le verre et de la <b>Manufacture Robert Four \u00e0 Aubusson<\/b> pour le textile.<span class=\"Apple-converted-space\">\u00a0<\/span><\/p>\n<p>Des verres souffl\u00e9s main, d\u00e9coup\u00e9s \u00e0 partir de gabarits et<span class=\"Apple-converted-space\">\u00a0<\/span><\/p>\n<p>argent\u00e9s, ont \u00e9t\u00e9 ins\u00e9r\u00e9s sur la partie textile compos\u00e9e de soie et de laine teint\u00e9es sur mesure et tuft\u00e9e \u00e0 la main.<\/p>\n<p><b>Mati\u00e8res : soie, laine et verre souffl\u00e9 main argent\u00e9<\/b><\/p>\n<p><b>Edition limit\u00e9e \u00e0 8 exemplaires<\/b><\/p>\n<p><b>Les particularit\u00e9s du verre souffl\u00e9 et du textile font de chaque exemplaire une pi\u00e8ce unique<\/b>[\/vc_column_text][\/vc_column][vc_column width=\u00a0\u00bb2\/3&Prime;]\r\n\t\t\t\t<style type='text\/css'>\r\n\t\t\t\t\t#gallery-1 {\r\n\t\t\t\t\tmargin: auto;\r\n\t\t\t\t\t}\r\n\t\t\t\t\t#gallery-1 .fg-gallery-item {\r\n\t\t\t\t\tfloat: left;\r\n\t\t\t\t\tmargin-top: 10px;\r\n\t\t\t\t\ttext-align: center;\r\n\t\t\t\t\twidth: 100%;\r\n\t\t\t\t\t}\r\n\t\t\t\t\t#gallery-1 .fg-gallery-caption {\r\n\t\t\t\t\tmargin-left: 0;\r\n\t\t\t\t\t}\r\n\t\t\t\t\t#gallery-1.fastgallery .fg-gallery-caption, \r\n\t\t\t\t\t#gallery-1.fastgallery .fg-gallery-caption:hover {\r\n\t\t\t\t\t\tbackground-color:rgba( 252 , 97 , 93 , 1);\r\n\t\t\t\t\t}\r\n\t\t\t\t\t#gallery-1.fastgallery.gallery .fastgallery-gallery-icon .fg_zoom a, \r\n\t\t\t\t\t#gallery-1.fastgallery.gallery .fastgallery-gallery-icon .fg_zoom a:hover {\r\n\t\t\t\t\t\tcolor:#fc615d;\r\n\t\t\t\t\t}\r\n\t\t\t\t\t#gallery-1.fastgallery.fg_style1 .fg-gallery-caption {\r\n\t\t\t\t\t\tcolor:#ffffff;\t\r\n\t\t\t\t\t}\r\n\t\t\t\t\t#gallery-1.fastgallery.gallery.fg_style2 .fastgallery-gallery-icon .fg_zoom a {\r\n\t\t\t\t\t\tbackground:rgba( 255 , 255 , 255 , 0.3);\r\n\t\t\t\t\t}\r\n\t\t\t\t\t#gallery-1.fastgallery.fg_style2 .fg-gallery-caption {\r\n\t\t\t\t\t\tcolor:#ffffff;\t\r\n\t\t\t\t\t}\t\t\t\r\n\t\t\t\t\t#gallery-1.fastgallery.gallery.fg_style3 .fg_zoom, #gallery-1.fastgallery.gallery.fg_style3 .fg_zoom:hover {\r\n\t\t\t\t\t\tbackground:rgba( 252 , 97 , 93 , 1);\r\n\t\t\t\t\t}\r\n\t\t\t\t\t#gallery-1.fastgallery.fg_style3 .fg-gallery-caption {\r\n\t\t\t\t\t\tcolor:#ffffff;\t\r\n\t\t\t\t\t}\t\t\t\t\r\n\t\t\t\t\t#gallery-1.fastgallery.fg_style4 .fg-gallery-caption,\t\t\t\r\n\t\t\t\t\t#gallery-1.fastgallery.gallery.fg_style4 .fastgallery-gallery-icon .fg_zoom a, \r\n\t\t\t\t\t#gallery-1.fastgallery.gallery.fg_style4 .fastgallery-gallery-icon .fg_zoom a:hover {\r\n\t\t\t\t\t\tcolor:#ffffff;\r\n\t\t\t\t\t}\r\n\t\t\t\t\t#gallery-1.fastgallery.gallery.fg_style4 .fastgallery-gallery-icon .fg_zoom a, \r\n\t\t\t\t\t#gallery-1.fastgallery.gallery.fg_style4 .fastgallery-gallery-icon .fg_zoom a:hover\t{\r\n\t\t\t\t\t\tbackground:rgba( 252 , 97 , 93 , 1);\r\n\t\t\t\t\t}\t\t\t\r\n\t\t\t\t\t#gallery-1.fastgallery.gallery.fg_style5 .fastgallery-gallery-icon .fg_zoom a, \r\n\t\t\t\t\t#gallery-1.fastgallery.gallery.fg_style5 .fastgallery-gallery-icon .fg_zoom a:hover\t{\r\n\t\t\t\t\t\tcolor:#ffffff;\r\n\t\t\t\t\t\tbackground-color:rgba( 252 , 97 , 93 , 1);\r\n\t\t\t\t\t}\t\t\t\t\t\r\n\t\t\t\t\t#gallery-1.fastgallery.gallery.fg_style6 .fastgallery-gallery-icon .fg_zoom a,\r\n\t\t\t\t\t#gallery-1.fastgallery.gallery.fg_style6 .fastgallery-gallery-icon .fg_zoom a:hover {\r\n\t\t\t\t\t\tcolor:#ffffff;\r\n\t\t\t\t\t\tbackground:rgba( 252 , 97 , 93 , 1);\t\t\t\t\r\n\t\t\t\t\t}\r\n\t\t\t\t\r\n\t\t\t\t\t#gallery-1.fastgallery.fg_style6 .fg-gallery-caption {\r\n\t\t\t\t\t\tcolor:#ffffff;\t\r\n\t\t\t\t\t}\r\n\t\t\t\t\t#gallery-1.fastgallery.gallery.fg_style7 .fastgallery-gallery-icon .fg_zoom a,\r\n\t\t\t\t\t#gallery-1.fastgallery.gallery.fg_style7 .fastgallery-gallery-icon .fg_zoom a:hover {\r\n\t\t\t\t\t\tcolor:#ffffff;\r\n\t\t\t\t\t\tbackground:rgba( 252 , 97 , 93 , 1);\t\t\t\t\r\n\t\t\t\t\t}\t\t\r\n\t\t\t\t\t#gallery-1.fastgallery.fg_style7 .fg-gallery-caption {\r\n\t\t\t\t\t\tcolor:#ffffff;\t\r\n\t\t\t\t\t}\r\n\t\t\t\t\t\r\n\t\t\t\t\t#gallery-1.fastgallery.gallery.fg_style8 .fastgallery-gallery-icon .fg_zoom a,\r\n\t\t\t\t\t#gallery-1.fastgallery.gallery.fg_style8 .fastgallery-gallery-icon .fg_zoom a:hover {\r\n\t\t\t\t\t\tcolor:#ffffff;\r\n\t\t\t\t\t\tbackground:rgba( 252 , 97 , 93 , 1);\t\t\t\t\r\n\t\t\t\t\t}\r\n\t\t\t\t\r\n\t\t\t\t\t#gallery-1.fastgallery.fg_style8 .fg-gallery-caption {\r\n\t\t\t\t\t\tcolor:#ffffff;\t\r\n\t\t\t\t\t}\r\n\t\t\t\t\t\r\n\t\t\t\t\t#gallery-1.fastgallery.gallery.fg_style9 .fastgallery-gallery-icon .fg_zoom a,\r\n\t\t\t\t\t#gallery-1.fastgallery.gallery.fg_style9 .fastgallery-gallery-icon .fg_zoom a:hover {\r\n\t\t\t\t\t\tcolor:#ffffff;\r\n\t\t\t\t\t\tbackground:rgba( 252 , 97 , 93 , 1);\t\t\t\t\r\n\t\t\t\t\t}\t\t\r\n\t\t\t\t\t#gallery-1.fastgallery.fg_style9 .fg-gallery-caption {\r\n\t\t\t\t\t\tcolor:#ffffff;\t\r\n\t\t\t\t\t}\r\n\t\t\t\t\t\r\n\t\t\t\t\t#gallery-1.fastgallery.gallery.fg_style10 .fastgallery-gallery-icon .fg_zoom a,\r\n\t\t\t\t\t#gallery-1.fastgallery.gallery.fg_style10 .fastgallery-gallery-icon .fg_zoom a:hover {\r\n\t\t\t\t\t\tcolor:#ffffff;\r\n\t\t\t\t\t\tbackground:rgba( 252 , 97 , 93 , 1);\t\t\t\t\r\n\t\t\t\t\t}\t\t\r\n\t\t\t\t\t#gallery-1.fastgallery.fg_style10 .fg-gallery-caption {\r\n\t\t\t\t\t\tcolor:#ffffff;\t\r\n\t\t\t\t\t}\r\n\t\t\t\t\t#gallery-1.fastgallery.fg_style11 .fg-gallery-caption {\r\n\t\t\t\t\t\tcolor:#ffffff;\t\r\n\t\t\t\t\t}\r\n\t\t\t\t\t#gallery-1.fastgallery.fg_style11 .fastgallery-gallery-icon .fg_zoom a, \r\n\t\t\t\t\t#gallery-1.fastgallery.fg_style11 .fastgallery-gallery-icon .fg_zoom a:hover {\r\n\t\t\t\t\t\tcolor:#fc615d;\r\n\t\t\t\t\t\tbackground:rgba( 255 , 255 , 255 , 0.3);\r\n\t\t\t\t\t}\r\n\t\t\t\t\t#gallery-1.fastgallery.fg_style12 .fg-gallery-caption {\r\n\t\t\t\t\t\tcolor:#ffffff;\t\r\n\t\t\t\t\t}\r\n\t\t\t\t\t#gallery-1.fastgallery.fg_style12 .fastgallery-gallery-icon .fg_zoom a, \r\n\t\t\t\t\t#gallery-1.fastgallery.fg_style12 .fastgallery-gallery-icon .fg_zoom a:hover {\r\n\t\t\t\t\t\tcolor:#fc615d;\r\n\t\t\t\t\t\tbackground:rgba( 255 , 255 , 255 , 0.3);\r\n\t\t\t\t\t}\t\t\t\t\t\t\t\t\t\t\t\t\t\t\t\t\r\n\t\t\t\t\t\/* FOTORAMA *\/\r\n\t\t\t\t\t#gallery-1.fastgallery.fotorama.fg_style1 .fotorama__thumb-border {\r\n\t\t\t\t\t\tborder-color:rgba( 252 , 97 , 93 , 1);\r\n\t\t\t\t\t}\r\n\t\t\t\t\t#gallery-1.fastgallery.fotorama.fg_style1 .fotorama__html > div {\r\n\t\t\t\t\t\tbackground:rgba( 252 , 97 , 93 , 1);\r\n\t\t\t\t\t\tcolor:#ffffff;\r\n\t\t\t\t\t}\r\n\t\t\t\t\t#gallery-1.fastgallery.fotorama.fg_style2 .fotorama__thumb-border {\r\n\t\t\t\t\t\tborder-color:rgba( 252 , 97 , 93 , 1);\r\n\t\t\t\t\t}\r\n\t\t\t\t\t#gallery-1.fastgallery.fotorama.fg_style2 .fotorama__html > div {\r\n\t\t\t\t\t\tbackground:rgba( 252 , 97 , 93 , 1);\r\n\t\t\t\t\t\tcolor:#ffffff;\r\n\t\t\t\t\t}\r\n\t\t\t\t\t#gallery-1.fastgallery.fotorama.fg_style3 .fotorama__thumb-border {\r\n\t\t\t\t\t\tborder-color:rgba( 252 , 97 , 93 , 1);\r\n\t\t\t\t\t}\t\t\t\t\t\t\r\n\t\t\t\t\t#gallery-1.fastgallery.fotorama.fg_style3 .fotorama__html > div {\r\n\t\t\t\t\t\tcolor:#ffffff;\r\n\t\t\t\t\t}\r\n\t\t\t\t\t#gallery-1.fastgallery.fotorama.fg_style4 .fotorama__thumb-border {\r\n\t\t\t\t\t\tborder-color:rgba( 252 , 97 , 93 , 1);\r\n\t\t\t\t\t}\t\t\t\t\t\t\r\n\t\t\t\t\t#gallery-1.fastgallery.fotorama.fg_style4 .fotorama__html > div {\r\n\t\t\t\t\t\tcolor:#ffffff;\r\n\t\t\t\t\t}\r\n\t\t\t\t\t#gallery-1.fastgallery.fotorama.fg_style5 .fotorama__thumb-border {\r\n\t\t\t\t\t\tborder-color:rgba( 252 , 97 , 93 , 1);\r\n\t\t\t\t\t\tbackground:rgba( 252 , 97 , 93 , 1);\r\n\t\t\t\t\t}\t\t\t\t\t\t\r\n\t\t\t\t\t#gallery-1.fastgallery.fotorama.fg_style5 .fotorama__html > div {\r\n\t\t\t\t\t\tcolor:#ffffff;\r\n\t\t\t\t\t}\r\n\t\t\t\t\t#gallery-1.fastgallery.fotorama.fg_style6 .fotorama__thumb-border {\r\n\t\t\t\t\t\tborder-color:rgba( 252 , 97 , 93 , 1);\r\n\t\t\t\t\t\tbackground:rgba( 252 , 97 , 93 , 1);\r\n\t\t\t\t\t}\t\t\t\t\t\t\r\n\t\t\t\t\t#gallery-1.fastgallery.fotorama.fg_style6 .fotorama__html > div {\r\n\t\t\t\t\t\tcolor:#ffffff;\r\n\t\t\t\t\t}\r\n\t\t\t\t\t#gallery-1.fastgallery.fotorama.fg_style7 .fotorama__thumb-border {\r\n\t\t\t\t\t\tborder-color:rgba( 252 , 97 , 93 , 1);\r\n\t\t\t\t\t\tbackground:rgba( 252 , 97 , 93 , 1);\r\n\t\t\t\t\t}\t\t\t\t\t\t\r\n\t\t\t\t\t#gallery-1.fastgallery.fotorama.fg_style7 .fotorama__html > div {\r\n\t\t\t\t\t\tcolor:#ffffff;\r\n\t\t\t\t\t\tbackground:rgba( 252 , 97 , 93 , 1);\r\n\t\t\t\t\t}\r\n\t\t\t\t\t#gallery-1.fastgallery.fotorama.fg_style8 .fotorama__thumb-border {\r\n\t\t\t\t\t\tborder-color:rgba( 252 , 97 , 93 , 1);\r\n\t\t\t\t\t\tbackground:rgba( 252 , 97 , 93 , 1);\r\n\t\t\t\t\t}\t\t\t\t\t\t\r\n\t\t\t\t\t#gallery-1.fastgallery.fotorama.fg_style8 .fotorama__html > div {\r\n\t\t\t\t\t\tcolor:#ffffff;\r\n\t\t\t\t\t\tbackground:rgba( 252 , 97 , 93 , 1);\r\n\t\t\t\t\t}\r\n\t\t\t\t\t#gallery-1.fastgallery.fotorama.fg_style9 .fotorama__thumb-border {\r\n\t\t\t\t\t\tborder-color:rgba( 252 , 97 , 93 , 1);\r\n\t\t\t\t\t\tbackground:rgba( 252 , 97 , 93 , 1);\r\n\t\t\t\t\t}\t\t\t\t\t\t\r\n\t\t\t\t\t#gallery-1.fastgallery.fotorama.fg_style9 .fotorama__html > div {\r\n\t\t\t\t\t\tcolor:#ffffff;\r\n\t\t\t\t\t\tbackground:rgba( 252 , 97 , 93 , 1);\r\n\t\t\t\t\t}\r\n\t\t\t\t\t#gallery-1.fastgallery.fotorama.fg_style10 .fotorama__thumb-border {\r\n\t\t\t\t\t\tborder-color:rgba( 252 , 97 , 93 , 1);\r\n\t\t\t\t\t\tbackground:rgba( 252 , 97 , 93 , 1);\r\n\t\t\t\t\t}\t\t\t\t\t\t\r\n\t\t\t\t\t#gallery-1.fastgallery.fotorama.fg_style10 .fotorama__html > div {\r\n\t\t\t\t\t\tcolor:#ffffff;\r\n\t\t\t\t\t\tbackground:rgba( 252 , 97 , 93 , 1);\r\n\t\t\t\t\t}\r\n\t\t\t\t\t#gallery-1.fastgallery.fotorama.fg_style11 .fotorama__thumb-border {\r\n\t\t\t\t\t\tborder-color:rgba( 252 , 97 , 93 , 1);\r\n\t\t\t\t\t}\r\n\t\t\t\t\t#gallery-1.fastgallery.fotorama.fg_style11 .fotorama__html > div {\r\n\t\t\t\t\t\tbackground:rgba( 252 , 97 , 93 , 1);\r\n\t\t\t\t\t\tcolor:#ffffff;\r\n\t\t\t\t\t}\r\n\t\t\t\t\t#gallery-1.fastgallery.fotorama.fg_style12 .fotorama__thumb-border {\r\n\t\t\t\t\t\tborder-color:rgba( 252 , 97 , 93 , 1);\r\n\t\t\t\t\t}\r\n\t\t\t\t\t#gallery-1.fastgallery.fotorama.fg_style12 .fotorama__html > div {\r\n\t\t\t\t\t\tbackground:rgba( 252 , 97 , 93 , 1);\r\n\t\t\t\t\t\tcolor:#ffffff;\r\n\t\t\t\t\t}\t\t\t\t\t\t\t\t\t\t\r\n\t\t\t\t\t\/* THUMBS ONE ON *\/\r\n\t\t\t\t\t#gallery-1.fastgallery.fg_thumbs_one .fg-gallery-item {\r\n\t\t\t\t\t\tdisplay:none;\r\n\t\t\t\t\t}\r\n\t\t\t\t\t#gallery-1.fastgallery.fg_thumbs_one .fg-gallery-item:first-child {\r\n\t\t\t\t\t\tdisplay:block;\r\n\t\t\t\t\t}\r\n\t\t\t\t\t#gallery-1.fastgallery.fg_thumbs_one {\r\n\t\t\t\t\t\twidth:auto!important;\r\n\t\t\t\t\t}\r\n\t\t\t\t<\/style><script type=\"text\/javascript\">\r\n\t\t\t\t\tjQuery(function($){\r\n\t\t\t\t\t\t$('#gallery-1.fastgallery').fotorama({\r\n\t\t\t\t\t\t\tmaxwidth: '100%',\r\n\t\t\t\t\t\t\tarrows: true,\r\n\t\t\t\t\t\t\tautoplay: true,\r\n\t\t\t\t\t\t\tnav: 'thumbs',navposition: 'top',\r\n\t\t\t\t\t\t\ttransition: 'slide',\r\n\t\t\t\t\t\t\t\r\n\t\t\t\t\t\t\tallowfullscreen: true,\r\n\t\t\t\t\t\t\t\r\n\t\t\t\t\t\t\tloop: true,\r\n\t\t\t\t\t\t\tfit: 'contain',\t\t\t\t\t\t\t\t\t  \r\n\t\t\t\t\t\t});\r\n\t\t\t\t\t});\r\n\t\t\t\t\t<\/script><script type=\"text\/javascript\">\r\n\t\t\t\t\t\tjQuery(window).load(function() {\r\n\t\t\t\t\t\t\tjQuery(document).ready(function($){\r\n\t\t\t\t\t\t\t\t$('.fastgallery.brick-masonry').masonry({\r\n\t\t\t\t\t\t\t\t\tsingleMode: true,\r\n\t\t\t\t\t\t\t\t\titemSelector: '.fg-gallery-item'\r\n\t\t\t\t\t\t\t\t});\r\n\t\t\t\t\t\t\t});\r\n\t\t\t\t\t\t});\r\n\t\t\t\t\t\t<\/script><div id='gallery-1' class='fastgallery fg_style1  '> <div data-img=\"https:\/\/www.sarabadrschmidt.com\/wp-content\/uploads\/Colorshot-INSPIRATION-00-hor-01-copie.jpg\"> <\/div><div data-img=\"https:\/\/www.sarabadrschmidt.com\/wp-content\/uploads\/Colorshot-reflection-site-01-.jpg\"> <\/div><div data-img=\"https:\/\/www.sarabadrschmidt.com\/wp-content\/uploads\/Colorshot-reflection-site-00.jpg\"> <\/div><div data-img=\"https:\/\/www.sarabadrschmidt.com\/wp-content\/uploads\/Colorshot-reflection-how-02.jpg\"> <\/div><div style=\"clear:both\"><\/div><\/div>[vc_video link=\u00a0\u00bbhttps:\/\/vimeo.com\/833693924&Prime;][\/vc_column][\/vc_row]<\/p>\n<\/div>","protected":false},"excerpt":{"rendered":"<p>[vc_row][vc_column width=\u00a0\u00bb1\/3&Prime;][vc_column_text css_animation=\u00a0\u00bbleft-to-right\u00a0\u00bb]Reflection \/ Colorshot est une \u0153uvre in\u00e9dite murale, elle se compose de textile et de vitrail. M\u2019inspirant d\u2019un tableau du Trecento italien et reprenant les caract\u00e9ristiques du vitrail, Reflection \/ Colorshot est l\u2019interpr\u00e9tation abstraite et contemporaine d\u2019un visuel&hellip; <\/p>\n","protected":false},"author":3,"featured_media":0,"parent":0,"menu_order":0,"comment_status":"closed","ping_status":"closed","template":"","meta":{"footnotes":""},"class_list":["post-3569","page","type-page","status-publish","hentry"],"yoast_head":"<!-- This site is optimized with the Yoast SEO plugin v26.7 - https:\/\/yoast.com\/wordpress\/plugins\/seo\/ -->\n<title>Reflection \/ Colorshot - Sara Badr Schmidt<\/title>\n<meta name=\"robots\" content=\"index, follow, max-snippet:-1, max-image-preview:large, max-video-preview:-1\" \/>\n<link rel=\"canonical\" href=\"https:\/\/www.sarabadrschmidt.com\/fr\/reflection-colorshot\/\" \/>\n<meta property=\"og:locale\" content=\"fr_FR\" \/>\n<meta property=\"og:type\" content=\"article\" \/>\n<meta property=\"og:title\" content=\"Reflection \/ Colorshot - Sara Badr Schmidt\" \/>\n<meta property=\"og:description\" content=\"[vc_row][vc_column width=\u00a0\u00bb1\/3&Prime;][vc_column_text css_animation=\u00a0\u00bbleft-to-right\u00a0\u00bb]Reflection \/ Colorshot est une \u0153uvre in\u00e9dite murale, elle se compose de textile et de vitrail. M\u2019inspirant d\u2019un tableau du Trecento italien et reprenant les caract\u00e9ristiques du vitrail, Reflection \/ Colorshot est l\u2019interpr\u00e9tation abstraite et contemporaine d\u2019un visuel&hellip;\" \/>\n<meta property=\"og:url\" content=\"https:\/\/www.sarabadrschmidt.com\/fr\/reflection-colorshot\/\" \/>\n<meta property=\"og:site_name\" content=\"Sara Badr Schmidt\" \/>\n<meta property=\"article:modified_time\" content=\"2024-09-11T13:47:39+00:00\" \/>\n<meta name=\"twitter:card\" content=\"summary_large_image\" \/>\n<meta name=\"twitter:label1\" content=\"Dur\u00e9e de lecture estim\u00e9e\" \/>\n\t<meta name=\"twitter:data1\" content=\"2 minutes\" \/>\n<script type=\"application\/ld+json\" class=\"yoast-schema-graph\">{\"@context\":\"https:\/\/schema.org\",\"@graph\":[{\"@type\":\"WebPage\",\"@id\":\"https:\/\/www.sarabadrschmidt.com\/fr\/reflection-colorshot\/\",\"url\":\"https:\/\/www.sarabadrschmidt.com\/fr\/reflection-colorshot\/\",\"name\":\"Reflection \/ Colorshot - Sara Badr Schmidt\",\"isPartOf\":{\"@id\":\"https:\/\/www.sarabadrschmidt.com\/#website\"},\"datePublished\":\"2023-06-06T11:58:28+00:00\",\"dateModified\":\"2024-09-11T13:47:39+00:00\",\"breadcrumb\":{\"@id\":\"https:\/\/www.sarabadrschmidt.com\/fr\/reflection-colorshot\/#breadcrumb\"},\"inLanguage\":\"fr-FR\",\"potentialAction\":[{\"@type\":\"ReadAction\",\"target\":[\"https:\/\/www.sarabadrschmidt.com\/fr\/reflection-colorshot\/\"]}]},{\"@type\":\"BreadcrumbList\",\"@id\":\"https:\/\/www.sarabadrschmidt.com\/fr\/reflection-colorshot\/#breadcrumb\",\"itemListElement\":[{\"@type\":\"ListItem\",\"position\":1,\"name\":\"Accueil\",\"item\":\"https:\/\/www.sarabadrschmidt.com\/fr\/\"},{\"@type\":\"ListItem\",\"position\":2,\"name\":\"Reflection \/ Colorshot\"}]},{\"@type\":\"WebSite\",\"@id\":\"https:\/\/www.sarabadrschmidt.com\/#website\",\"url\":\"https:\/\/www.sarabadrschmidt.com\/\",\"name\":\"Sara Badr Schmidt\",\"description\":\"\",\"publisher\":{\"@id\":\"https:\/\/www.sarabadrschmidt.com\/#\/schema\/person\/6aac59e946ed87a065ccaa38260c57ca\"},\"potentialAction\":[{\"@type\":\"SearchAction\",\"target\":{\"@type\":\"EntryPoint\",\"urlTemplate\":\"https:\/\/www.sarabadrschmidt.com\/?s={search_term_string}\"},\"query-input\":{\"@type\":\"PropertyValueSpecification\",\"valueRequired\":true,\"valueName\":\"search_term_string\"}}],\"inLanguage\":\"fr-FR\"},{\"@type\":[\"Person\",\"Organization\"],\"@id\":\"https:\/\/www.sarabadrschmidt.com\/#\/schema\/person\/6aac59e946ed87a065ccaa38260c57ca\",\"name\":\"sara\",\"image\":{\"@type\":\"ImageObject\",\"inLanguage\":\"fr-FR\",\"@id\":\"https:\/\/www.sarabadrschmidt.com\/#\/schema\/person\/image\/\",\"url\":\"https:\/\/www.sarabadrschmidt.com\/wp-content\/uploads\/2020\/10\/sarabadrschmidt_logo.png\",\"contentUrl\":\"https:\/\/www.sarabadrschmidt.com\/wp-content\/uploads\/2020\/10\/sarabadrschmidt_logo.png\",\"width\":426,\"height\":50,\"caption\":\"sara\"},\"logo\":{\"@id\":\"https:\/\/www.sarabadrschmidt.com\/#\/schema\/person\/image\/\"},\"sameAs\":[\"https:\/\/www.sarabadrschmidt.com\",\"https:\/\/www.instagram.com\/SaraBadrSchmidt\/\"]}]}<\/script>\n<!-- \/ Yoast SEO plugin. -->","yoast_head_json":{"title":"Reflection \/ Colorshot - Sara Badr Schmidt","robots":{"index":"index","follow":"follow","max-snippet":"max-snippet:-1","max-image-preview":"max-image-preview:large","max-video-preview":"max-video-preview:-1"},"canonical":"https:\/\/www.sarabadrschmidt.com\/fr\/reflection-colorshot\/","og_locale":"fr_FR","og_type":"article","og_title":"Reflection \/ Colorshot - Sara Badr Schmidt","og_description":"[vc_row][vc_column width=\u00a0\u00bb1\/3&Prime;][vc_column_text css_animation=\u00a0\u00bbleft-to-right\u00a0\u00bb]Reflection \/ Colorshot est une \u0153uvre in\u00e9dite murale, elle se compose de textile et de vitrail. M\u2019inspirant d\u2019un tableau du Trecento italien et reprenant les caract\u00e9ristiques du vitrail, Reflection \/ Colorshot est l\u2019interpr\u00e9tation abstraite et contemporaine d\u2019un visuel&hellip;","og_url":"https:\/\/www.sarabadrschmidt.com\/fr\/reflection-colorshot\/","og_site_name":"Sara Badr Schmidt","article_modified_time":"2024-09-11T13:47:39+00:00","twitter_card":"summary_large_image","twitter_misc":{"Dur\u00e9e de lecture estim\u00e9e":"2 minutes"},"schema":{"@context":"https:\/\/schema.org","@graph":[{"@type":"WebPage","@id":"https:\/\/www.sarabadrschmidt.com\/fr\/reflection-colorshot\/","url":"https:\/\/www.sarabadrschmidt.com\/fr\/reflection-colorshot\/","name":"Reflection \/ Colorshot - Sara Badr Schmidt","isPartOf":{"@id":"https:\/\/www.sarabadrschmidt.com\/#website"},"datePublished":"2023-06-06T11:58:28+00:00","dateModified":"2024-09-11T13:47:39+00:00","breadcrumb":{"@id":"https:\/\/www.sarabadrschmidt.com\/fr\/reflection-colorshot\/#breadcrumb"},"inLanguage":"fr-FR","potentialAction":[{"@type":"ReadAction","target":["https:\/\/www.sarabadrschmidt.com\/fr\/reflection-colorshot\/"]}]},{"@type":"BreadcrumbList","@id":"https:\/\/www.sarabadrschmidt.com\/fr\/reflection-colorshot\/#breadcrumb","itemListElement":[{"@type":"ListItem","position":1,"name":"Accueil","item":"https:\/\/www.sarabadrschmidt.com\/fr\/"},{"@type":"ListItem","position":2,"name":"Reflection \/ Colorshot"}]},{"@type":"WebSite","@id":"https:\/\/www.sarabadrschmidt.com\/#website","url":"https:\/\/www.sarabadrschmidt.com\/","name":"Sara Badr Schmidt","description":"","publisher":{"@id":"https:\/\/www.sarabadrschmidt.com\/#\/schema\/person\/6aac59e946ed87a065ccaa38260c57ca"},"potentialAction":[{"@type":"SearchAction","target":{"@type":"EntryPoint","urlTemplate":"https:\/\/www.sarabadrschmidt.com\/?s={search_term_string}"},"query-input":{"@type":"PropertyValueSpecification","valueRequired":true,"valueName":"search_term_string"}}],"inLanguage":"fr-FR"},{"@type":["Person","Organization"],"@id":"https:\/\/www.sarabadrschmidt.com\/#\/schema\/person\/6aac59e946ed87a065ccaa38260c57ca","name":"sara","image":{"@type":"ImageObject","inLanguage":"fr-FR","@id":"https:\/\/www.sarabadrschmidt.com\/#\/schema\/person\/image\/","url":"https:\/\/www.sarabadrschmidt.com\/wp-content\/uploads\/2020\/10\/sarabadrschmidt_logo.png","contentUrl":"https:\/\/www.sarabadrschmidt.com\/wp-content\/uploads\/2020\/10\/sarabadrschmidt_logo.png","width":426,"height":50,"caption":"sara"},"logo":{"@id":"https:\/\/www.sarabadrschmidt.com\/#\/schema\/person\/image\/"},"sameAs":["https:\/\/www.sarabadrschmidt.com","https:\/\/www.instagram.com\/SaraBadrSchmidt\/"]}]}},"_links":{"self":[{"href":"https:\/\/www.sarabadrschmidt.com\/fr\/wp-json\/wp\/v2\/pages\/3569","targetHints":{"allow":["GET"]}}],"collection":[{"href":"https:\/\/www.sarabadrschmidt.com\/fr\/wp-json\/wp\/v2\/pages"}],"about":[{"href":"https:\/\/www.sarabadrschmidt.com\/fr\/wp-json\/wp\/v2\/types\/page"}],"author":[{"embeddable":true,"href":"https:\/\/www.sarabadrschmidt.com\/fr\/wp-json\/wp\/v2\/users\/3"}],"replies":[{"embeddable":true,"href":"https:\/\/www.sarabadrschmidt.com\/fr\/wp-json\/wp\/v2\/comments?post=3569"}],"version-history":[{"count":0,"href":"https:\/\/www.sarabadrschmidt.com\/fr\/wp-json\/wp\/v2\/pages\/3569\/revisions"}],"wp:attachment":[{"href":"https:\/\/www.sarabadrschmidt.com\/fr\/wp-json\/wp\/v2\/media?parent=3569"}],"curies":[{"name":"wp","href":"https:\/\/api.w.org\/{rel}","templated":true}]}}