{"id":3367,"date":"2023-06-02T14:18:36","date_gmt":"2023-06-02T12:18:36","guid":{"rendered":"https:\/\/www.sarabadrschmidt.com\/?page_id=3367"},"modified":"2024-04-09T22:00:03","modified_gmt":"2024-04-09T20:00:03","slug":"mots","status":"publish","type":"page","link":"https:\/\/www.sarabadrschmidt.com\/fr\/mots\/","title":{"rendered":"Mots"},"content":{"rendered":"<div class=\"wpb-content-wrapper\"><p>[vc_row notification=\u00a0\u00bb\u00a0\u00bb][vc_column][vc_column_text el_class=\u00a0\u00bbtext-grand\u00a0\u00bb]<\/p>\n<h5>La pratique artistique de Sara Badr Schmidt fusionne plusieurs techniques et m\u00e9dias. Ses cr\u00e9ations m\u00ealent images et textes, lumi\u00e8re et mati\u00e8re, son et toucher.<span class=\"Apple-converted-space\">\u00a0<\/span><\/h5>\n<h5>Elle s\u2019int\u00e9resse \u00e0 la coexistence des cultures, aux complexit\u00e9s non r\u00e9solues de l\u2019identit\u00e9 territoriale, \u00e0 l\u2019essence sociopolitique des lieux et \u00e0 l\u2019aspiration d\u2019une cohabitation pacifique entre les peuples, transcendant les fronti\u00e8res.<span class=\"Apple-converted-space\">\u00a0<\/span><\/h5>\n<h5>Ses projets remettent en question la notion conventionnelle de fronti\u00e8res tout en c\u00e9l\u00e9brant l\u2019enrichissement qui r\u00e9sulte de l\u2019interaction de diff\u00e9rentes cultures. Elle propose une r\u00e9flexion contemplative sur l\u2019impact des fronti\u00e8res g\u00e9ographiques et la relation complexe de l\u2019humanit\u00e9 avec l\u2019environnement. Ses \u0153uvres illustrent de mani\u00e8re frappante la dure r\u00e9alit\u00e9 et l\u2019absurdit\u00e9 inh\u00e9rente de ces fronti\u00e8res, mettant en lumi\u00e8re les limites du corps humain par rapport \u00e0 son environnement, suscitant une profonde contemplation de la place et de l\u2019appartenance de chacun.<span class=\"Apple-converted-space\">\u00a0<\/span><\/h5>\n<h5>Dans une fusion harmonieuse de po\u00e9sie et de politique, l\u2019art de Sara Badr Schmidt s\u2019efforce de capturer la danse complexe entre la beaut\u00e9 et la trag\u00e9die, offrant une perspective unique sur ces aspects fondamentaux de l\u2019existence humaine.<\/h5>\n<p>[\/vc_column_text][\/vc_column][\/vc_row][vc_row][vc_column][vc_column_text css_animation=\u00a0\u00bbleft-to-right\u00a0\u00bb]<\/p>\n<h4>Pens\u00e9es Lumineuses<\/h4>\n<p>[\/vc_column_text][vc_empty_space][vc_raw_html]JTNDYSUyMGNsYXNzJTNEJTIyZm9vJTIyJTIwaHJlZiUzRCUyMmh0dHBzJTNBJTJGJTJGd3d3LnNhcmFiYWRyc2NobWlkdC5jb20lMkZmciUyRm1vdHMtcGVuc2VlLWx1bWluZXVzZSUyRiUyMiUzRSUwQSUyMCUyMCUyMCUyMCUyMCUyMCUyMCUyMCUzQ2ltZyUyMHNyYyUzRCUyMmh0dHBzJTNBJTJGJTJGd3d3LnNhcmFiYWRyc2NobWlkdC5jb20lMkZ3cC1jb250ZW50JTJGdXBsb2FkcyUyRjAxLVBldGl0LVBvaXMuanBnJTIyJTIwJTJGJTNFJTBBJTIwJTIwJTIwJTIwJTIwJTIwJTIwJTIwJTNDaW1nJTIwc3JjJTNEJTIyaHR0cHMlM0ElMkYlMkZ3d3cuc2FyYWJhZHJzY2htaWR0LmNvbSUyRndwLWNvbnRlbnQlMkZ1cGxvYWRzJTJGMDEtUGV0aXQtUG9pcy5qcGclMjIlMjAlMkYlM0UlMEElMjAlMjAlMjAlMjAlM0MlMkZhJTNFJTBBJTBBJTBBJTBBJTBB[\/vc_raw_html][vc_separator][vc_empty_space][\/vc_column][\/vc_row][vc_row][vc_column][\/vc_column][\/vc_row]<\/p>\n<\/div>","protected":false},"excerpt":{"rendered":"<p>[vc_row notification=\u00a0\u00bb\u00a0\u00bb][vc_column][vc_column_text el_class=\u00a0\u00bbtext-grand\u00a0\u00bb] La pratique artistique de Sara Badr Schmidt fusionne plusieurs techniques et m\u00e9dias. Ses cr\u00e9ations m\u00ealent images et textes, lumi\u00e8re et mati\u00e8re, son et toucher.\u00a0 Elle s\u2019int\u00e9resse \u00e0 la coexistence des cultures, aux complexit\u00e9s non r\u00e9solues de l\u2019identit\u00e9&hellip; <\/p>\n","protected":false},"author":3,"featured_media":0,"parent":0,"menu_order":0,"comment_status":"closed","ping_status":"closed","template":"","meta":{"footnotes":""},"class_list":["post-3367","page","type-page","status-publish","hentry"],"yoast_head":"<!-- This site is optimized with the Yoast SEO plugin v26.7 - https:\/\/yoast.com\/wordpress\/plugins\/seo\/ -->\n<title>Mots - Sara Badr Schmidt<\/title>\n<meta name=\"robots\" content=\"index, follow, max-snippet:-1, max-image-preview:large, max-video-preview:-1\" \/>\n<link rel=\"canonical\" href=\"https:\/\/www.sarabadrschmidt.com\/fr\/mots\/\" \/>\n<meta property=\"og:locale\" content=\"fr_FR\" \/>\n<meta property=\"og:type\" content=\"article\" \/>\n<meta property=\"og:title\" content=\"Mots - Sara Badr Schmidt\" \/>\n<meta property=\"og:description\" content=\"[vc_row notification=\u00a0\u00bb\u00a0\u00bb][vc_column][vc_column_text el_class=\u00a0\u00bbtext-grand\u00a0\u00bb] La pratique artistique de Sara Badr Schmidt fusionne plusieurs techniques et m\u00e9dias. Ses cr\u00e9ations m\u00ealent images et textes, lumi\u00e8re et mati\u00e8re, son et toucher.\u00a0 Elle s\u2019int\u00e9resse \u00e0 la coexistence des cultures, aux complexit\u00e9s non r\u00e9solues de l\u2019identit\u00e9&hellip;\" \/>\n<meta property=\"og:url\" content=\"https:\/\/www.sarabadrschmidt.com\/fr\/mots\/\" \/>\n<meta property=\"og:site_name\" content=\"Sara Badr Schmidt\" \/>\n<meta property=\"article:modified_time\" content=\"2024-04-09T20:00:03+00:00\" \/>\n<meta name=\"twitter:card\" content=\"summary_large_image\" \/>\n<meta name=\"twitter:label1\" content=\"Dur\u00e9e de lecture estim\u00e9e\" \/>\n\t<meta name=\"twitter:data1\" content=\"1 minute\" \/>\n<script type=\"application\/ld+json\" class=\"yoast-schema-graph\">{\"@context\":\"https:\/\/schema.org\",\"@graph\":[{\"@type\":\"WebPage\",\"@id\":\"https:\/\/www.sarabadrschmidt.com\/fr\/mots\/\",\"url\":\"https:\/\/www.sarabadrschmidt.com\/fr\/mots\/\",\"name\":\"Mots - Sara Badr Schmidt\",\"isPartOf\":{\"@id\":\"https:\/\/www.sarabadrschmidt.com\/#website\"},\"datePublished\":\"2023-06-02T12:18:36+00:00\",\"dateModified\":\"2024-04-09T20:00:03+00:00\",\"breadcrumb\":{\"@id\":\"https:\/\/www.sarabadrschmidt.com\/fr\/mots\/#breadcrumb\"},\"inLanguage\":\"fr-FR\",\"potentialAction\":[{\"@type\":\"ReadAction\",\"target\":[\"https:\/\/www.sarabadrschmidt.com\/fr\/mots\/\"]}]},{\"@type\":\"BreadcrumbList\",\"@id\":\"https:\/\/www.sarabadrschmidt.com\/fr\/mots\/#breadcrumb\",\"itemListElement\":[{\"@type\":\"ListItem\",\"position\":1,\"name\":\"Accueil\",\"item\":\"https:\/\/www.sarabadrschmidt.com\/fr\/\"},{\"@type\":\"ListItem\",\"position\":2,\"name\":\"Mots\"}]},{\"@type\":\"WebSite\",\"@id\":\"https:\/\/www.sarabadrschmidt.com\/#website\",\"url\":\"https:\/\/www.sarabadrschmidt.com\/\",\"name\":\"Sara Badr Schmidt\",\"description\":\"\",\"publisher\":{\"@id\":\"https:\/\/www.sarabadrschmidt.com\/#\/schema\/person\/6aac59e946ed87a065ccaa38260c57ca\"},\"potentialAction\":[{\"@type\":\"SearchAction\",\"target\":{\"@type\":\"EntryPoint\",\"urlTemplate\":\"https:\/\/www.sarabadrschmidt.com\/?s={search_term_string}\"},\"query-input\":{\"@type\":\"PropertyValueSpecification\",\"valueRequired\":true,\"valueName\":\"search_term_string\"}}],\"inLanguage\":\"fr-FR\"},{\"@type\":[\"Person\",\"Organization\"],\"@id\":\"https:\/\/www.sarabadrschmidt.com\/#\/schema\/person\/6aac59e946ed87a065ccaa38260c57ca\",\"name\":\"sara\",\"image\":{\"@type\":\"ImageObject\",\"inLanguage\":\"fr-FR\",\"@id\":\"https:\/\/www.sarabadrschmidt.com\/#\/schema\/person\/image\/\",\"url\":\"https:\/\/www.sarabadrschmidt.com\/wp-content\/uploads\/2020\/10\/sarabadrschmidt_logo.png\",\"contentUrl\":\"https:\/\/www.sarabadrschmidt.com\/wp-content\/uploads\/2020\/10\/sarabadrschmidt_logo.png\",\"width\":426,\"height\":50,\"caption\":\"sara\"},\"logo\":{\"@id\":\"https:\/\/www.sarabadrschmidt.com\/#\/schema\/person\/image\/\"},\"sameAs\":[\"https:\/\/www.sarabadrschmidt.com\",\"https:\/\/www.instagram.com\/SaraBadrSchmidt\/\"]}]}<\/script>\n<!-- \/ Yoast SEO plugin. -->","yoast_head_json":{"title":"Mots - Sara Badr Schmidt","robots":{"index":"index","follow":"follow","max-snippet":"max-snippet:-1","max-image-preview":"max-image-preview:large","max-video-preview":"max-video-preview:-1"},"canonical":"https:\/\/www.sarabadrschmidt.com\/fr\/mots\/","og_locale":"fr_FR","og_type":"article","og_title":"Mots - Sara Badr Schmidt","og_description":"[vc_row notification=\u00a0\u00bb\u00a0\u00bb][vc_column][vc_column_text el_class=\u00a0\u00bbtext-grand\u00a0\u00bb] La pratique artistique de Sara Badr Schmidt fusionne plusieurs techniques et m\u00e9dias. Ses cr\u00e9ations m\u00ealent images et textes, lumi\u00e8re et mati\u00e8re, son et toucher.\u00a0 Elle s\u2019int\u00e9resse \u00e0 la coexistence des cultures, aux complexit\u00e9s non r\u00e9solues de l\u2019identit\u00e9&hellip;","og_url":"https:\/\/www.sarabadrschmidt.com\/fr\/mots\/","og_site_name":"Sara Badr Schmidt","article_modified_time":"2024-04-09T20:00:03+00:00","twitter_card":"summary_large_image","twitter_misc":{"Dur\u00e9e de lecture estim\u00e9e":"1 minute"},"schema":{"@context":"https:\/\/schema.org","@graph":[{"@type":"WebPage","@id":"https:\/\/www.sarabadrschmidt.com\/fr\/mots\/","url":"https:\/\/www.sarabadrschmidt.com\/fr\/mots\/","name":"Mots - Sara Badr Schmidt","isPartOf":{"@id":"https:\/\/www.sarabadrschmidt.com\/#website"},"datePublished":"2023-06-02T12:18:36+00:00","dateModified":"2024-04-09T20:00:03+00:00","breadcrumb":{"@id":"https:\/\/www.sarabadrschmidt.com\/fr\/mots\/#breadcrumb"},"inLanguage":"fr-FR","potentialAction":[{"@type":"ReadAction","target":["https:\/\/www.sarabadrschmidt.com\/fr\/mots\/"]}]},{"@type":"BreadcrumbList","@id":"https:\/\/www.sarabadrschmidt.com\/fr\/mots\/#breadcrumb","itemListElement":[{"@type":"ListItem","position":1,"name":"Accueil","item":"https:\/\/www.sarabadrschmidt.com\/fr\/"},{"@type":"ListItem","position":2,"name":"Mots"}]},{"@type":"WebSite","@id":"https:\/\/www.sarabadrschmidt.com\/#website","url":"https:\/\/www.sarabadrschmidt.com\/","name":"Sara Badr Schmidt","description":"","publisher":{"@id":"https:\/\/www.sarabadrschmidt.com\/#\/schema\/person\/6aac59e946ed87a065ccaa38260c57ca"},"potentialAction":[{"@type":"SearchAction","target":{"@type":"EntryPoint","urlTemplate":"https:\/\/www.sarabadrschmidt.com\/?s={search_term_string}"},"query-input":{"@type":"PropertyValueSpecification","valueRequired":true,"valueName":"search_term_string"}}],"inLanguage":"fr-FR"},{"@type":["Person","Organization"],"@id":"https:\/\/www.sarabadrschmidt.com\/#\/schema\/person\/6aac59e946ed87a065ccaa38260c57ca","name":"sara","image":{"@type":"ImageObject","inLanguage":"fr-FR","@id":"https:\/\/www.sarabadrschmidt.com\/#\/schema\/person\/image\/","url":"https:\/\/www.sarabadrschmidt.com\/wp-content\/uploads\/2020\/10\/sarabadrschmidt_logo.png","contentUrl":"https:\/\/www.sarabadrschmidt.com\/wp-content\/uploads\/2020\/10\/sarabadrschmidt_logo.png","width":426,"height":50,"caption":"sara"},"logo":{"@id":"https:\/\/www.sarabadrschmidt.com\/#\/schema\/person\/image\/"},"sameAs":["https:\/\/www.sarabadrschmidt.com","https:\/\/www.instagram.com\/SaraBadrSchmidt\/"]}]}},"_links":{"self":[{"href":"https:\/\/www.sarabadrschmidt.com\/fr\/wp-json\/wp\/v2\/pages\/3367","targetHints":{"allow":["GET"]}}],"collection":[{"href":"https:\/\/www.sarabadrschmidt.com\/fr\/wp-json\/wp\/v2\/pages"}],"about":[{"href":"https:\/\/www.sarabadrschmidt.com\/fr\/wp-json\/wp\/v2\/types\/page"}],"author":[{"embeddable":true,"href":"https:\/\/www.sarabadrschmidt.com\/fr\/wp-json\/wp\/v2\/users\/3"}],"replies":[{"embeddable":true,"href":"https:\/\/www.sarabadrschmidt.com\/fr\/wp-json\/wp\/v2\/comments?post=3367"}],"version-history":[{"count":0,"href":"https:\/\/www.sarabadrschmidt.com\/fr\/wp-json\/wp\/v2\/pages\/3367\/revisions"}],"wp:attachment":[{"href":"https:\/\/www.sarabadrschmidt.com\/fr\/wp-json\/wp\/v2\/media?parent=3367"}],"curies":[{"name":"wp","href":"https:\/\/api.w.org\/{rel}","templated":true}]}}