{"id":2389,"date":"2021-10-31T13:26:19","date_gmt":"2021-10-31T12:26:19","guid":{"rendered":"https:\/\/www.sarabadrschmidt.com\/?page_id=2389"},"modified":"2022-06-27T13:47:15","modified_gmt":"2022-06-27T11:47:15","slug":"presse-luxury-living","status":"publish","type":"page","link":"https:\/\/www.sarabadrschmidt.com\/fr\/presse-luxury-living\/","title":{"rendered":"Presse &#8211; Luxury Living"},"content":{"rendered":"<div class=\"wpb-content-wrapper\"><p>[vc_row][vc_column width=\u00a0\u00bb1\/2&Prime;][vc_column_text css_animation=\u00a0\u00bbleft-to-right\u00a0\u00bb]<\/p>\n<h4><strong>Invasion de douceur<\/strong><\/h4>\n<h5>D\u00e9cembre 2021<\/h5>\n<h5>par Doris Barbier<\/h5>\n<h5>Photos\u00a0by Nina Slavcheva<\/h5>\n<p><strong>Avec ses \u0153uvres d&rsquo;art sous forme de tapis color\u00e9s et po\u00e9tiques, Sara Badr Schmidt r\u00e9ussit aussi bien dans les salons que dans les galeries internationales.<\/strong><\/p>\n<p>Cette artiste cosmopolite a grandi au Liban et en Su\u00e8de et vit actuellement en France. Ce programme contrast\u00e9 est le fil conducteur de toutes ses cr\u00e9ations.<\/p>\n<p>\u00ab\u00a0Dans mes deux pays d&rsquo;origine, les tapis sont un \u00e9l\u00e9ment important de la d\u00e9coration int\u00e9rieure, m\u00eame s&rsquo;ils sont fabriqu\u00e9s dans des mat\u00e9riaux diff\u00e9rents en raison du climat &#8211; la laine en Su\u00e8de, la soie au Liban.\u00a0\u00bb Des tapis de toutes les formes et de toutes les couleurs ont d\u00e9j\u00e0 marqu\u00e9 son enfance : Sara Badr Schmidt con\u00e7oit des tapis comme on n\u2019en voit jamais. Avec beaucoup d&rsquo;intuition et en s&rsquo;inspirant de rencontres fortuites \u2013 une flaques dessence sous la pluie, une sc\u00e8ne religieuse du Quattrocento, des formations nuageuses cotonneuses et, encore et toujours, la mer dans toutes ses nuances de couleurs. Elle trouve \u00e9galement ses motifs dans la vie quotidienne \u00e0 Paris, sur son v\u00e9lo en direction de son atelier dans le l\u00e9gendaire quartier de Saint-Germain-des-Pr\u00e9s, lors d&rsquo;une promenade avec sa chienne Pixelle ou lors de voyages dans les fjords su\u00e9dois de son enfance. Ses tapis &#8211; de pr\u00e9cieuses pi\u00e8ces pour les nomades &#8211; sont des pi\u00e8ces uniques faites \u00e0 la main en laine, soie et cachemire et sont con\u00e7ues par elle comme une robe de haute couture. \u00ab\u00a0C&rsquo;est pourquoi je dois me donner du temps, j&rsquo;aime m\u2019impr\u00e9gner de l&rsquo;endroit pour lequel je dessine le tapis. Je le fais intuitivement. Et si mes clients me donnent carte blanche, c&rsquo;est encore mieux.\u00a0\u00bb<\/p>\n<p>Son imagination ne conna\u00eet alors aucune limite : des mosa\u00efques \u00e9blouissantes de soie et de cachemire pour un appartement de ville avec terrasse, une th\u00e9rapie de choc en couleurs contre l&rsquo;\u00e9l\u00e9gance et la simplicit\u00e9 feutr\u00e9es de Paris ou un match de tennis \u00e0 Roland Garros, les internationaux de France, se retrouvent alors sur ses cr\u00e9ations de tapis.<\/p>\n<p>Et chacune d&rsquo;elle est en m\u00eame temps une ode au monde multiculturel dans lequel elle a grandi. C&rsquo;est pourquoi elle aime exp\u00e9rimenter avec des mat\u00e9riaux innovants comme le bambou et le bananier, les fibres d&rsquo;ortie ou le lin. Aujourd&rsquo;hui, ses \u0153uvres textiles sont expos\u00e9es non seulement \u00e0 Paris au Grand Palais, mais aussi \u00e0 la galerie Agial de Beyrouth, \u00e0 la galerie Morone de Milan ou \u00e0 l&rsquo;\u00e9tranger \u00e0 la galerie FD Shim de New York.<\/p>\n<p>Une chance pour l&rsquo;artiste, dont les cr\u00e9ations textiles, fabriqu\u00e9es au N\u00e9pal et en France, visent non seulement \u00e0 jeter des ponts entre des mondes, des religions et des philosophies diff\u00e9rents, mais aussi \u00e0 faire tomber les pr\u00e9jug\u00e9s et les fronti\u00e8res.<\/p>\n<p>NB : les talons hauts, les bottes et autres chaussures sont consid\u00e9r\u00e9s comme superflus dans son monde. Il va sans dire que les gens ont envie de d\u00e9couvrir ses cr\u00e9ations pieds nus.[\/vc_column_text][\/vc_column][vc_column width=\u00a0\u00bb1\/2&Prime;][vc_single_image image=\u00a0\u00bb2788&Prime; img_size=\u00a0\u00bblarge\u00a0\u00bb][\/vc_column][\/vc_row]<\/p>\n<\/div>","protected":false},"excerpt":{"rendered":"<p>[vc_row][vc_column width=\u00a0\u00bb1\/2&Prime;][vc_column_text css_animation=\u00a0\u00bbleft-to-right\u00a0\u00bb] Invasion de douceur D\u00e9cembre 2021 par Doris Barbier Photos\u00a0by Nina Slavcheva Avec ses \u0153uvres d&rsquo;art sous forme de tapis color\u00e9s et po\u00e9tiques, Sara Badr Schmidt r\u00e9ussit aussi bien dans les salons que dans les galeries internationales. Cette&hellip; <\/p>\n","protected":false},"author":3,"featured_media":0,"parent":0,"menu_order":0,"comment_status":"closed","ping_status":"closed","template":"","meta":{"footnotes":""},"class_list":["post-2389","page","type-page","status-publish","hentry"],"yoast_head":"<!-- This site is optimized with the Yoast SEO plugin v26.7 - https:\/\/yoast.com\/wordpress\/plugins\/seo\/ -->\n<title>Presse - Luxury Living - Sara Badr Schmidt<\/title>\n<meta name=\"robots\" content=\"index, follow, max-snippet:-1, max-image-preview:large, max-video-preview:-1\" \/>\n<link rel=\"canonical\" href=\"https:\/\/www.sarabadrschmidt.com\/fr\/presse-luxury-living\/\" \/>\n<meta property=\"og:locale\" content=\"fr_FR\" \/>\n<meta property=\"og:type\" content=\"article\" \/>\n<meta property=\"og:title\" content=\"Presse - Luxury Living - Sara Badr Schmidt\" \/>\n<meta property=\"og:description\" content=\"[vc_row][vc_column width=\u00a0\u00bb1\/2&Prime;][vc_column_text css_animation=\u00a0\u00bbleft-to-right\u00a0\u00bb] Invasion de douceur D\u00e9cembre 2021 par Doris Barbier Photos\u00a0by Nina Slavcheva Avec ses \u0153uvres d&rsquo;art sous forme de tapis color\u00e9s et po\u00e9tiques, Sara Badr Schmidt r\u00e9ussit aussi bien dans les salons que dans les galeries internationales. Cette&hellip;\" \/>\n<meta property=\"og:url\" content=\"https:\/\/www.sarabadrschmidt.com\/fr\/presse-luxury-living\/\" \/>\n<meta property=\"og:site_name\" content=\"Sara Badr Schmidt\" \/>\n<meta property=\"article:modified_time\" content=\"2022-06-27T11:47:15+00:00\" \/>\n<meta name=\"twitter:card\" content=\"summary_large_image\" \/>\n<meta name=\"twitter:label1\" content=\"Dur\u00e9e de lecture estim\u00e9e\" \/>\n\t<meta name=\"twitter:data1\" content=\"3 minutes\" \/>\n<script type=\"application\/ld+json\" class=\"yoast-schema-graph\">{\"@context\":\"https:\/\/schema.org\",\"@graph\":[{\"@type\":\"WebPage\",\"@id\":\"https:\/\/www.sarabadrschmidt.com\/fr\/presse-luxury-living\/\",\"url\":\"https:\/\/www.sarabadrschmidt.com\/fr\/presse-luxury-living\/\",\"name\":\"Presse - Luxury Living - Sara Badr Schmidt\",\"isPartOf\":{\"@id\":\"https:\/\/www.sarabadrschmidt.com\/#website\"},\"datePublished\":\"2021-10-31T12:26:19+00:00\",\"dateModified\":\"2022-06-27T11:47:15+00:00\",\"breadcrumb\":{\"@id\":\"https:\/\/www.sarabadrschmidt.com\/fr\/presse-luxury-living\/#breadcrumb\"},\"inLanguage\":\"fr-FR\",\"potentialAction\":[{\"@type\":\"ReadAction\",\"target\":[\"https:\/\/www.sarabadrschmidt.com\/fr\/presse-luxury-living\/\"]}]},{\"@type\":\"BreadcrumbList\",\"@id\":\"https:\/\/www.sarabadrschmidt.com\/fr\/presse-luxury-living\/#breadcrumb\",\"itemListElement\":[{\"@type\":\"ListItem\",\"position\":1,\"name\":\"Accueil\",\"item\":\"https:\/\/www.sarabadrschmidt.com\/fr\/\"},{\"@type\":\"ListItem\",\"position\":2,\"name\":\"Presse &#8211; Luxury Living\"}]},{\"@type\":\"WebSite\",\"@id\":\"https:\/\/www.sarabadrschmidt.com\/#website\",\"url\":\"https:\/\/www.sarabadrschmidt.com\/\",\"name\":\"Sara Badr Schmidt\",\"description\":\"\",\"publisher\":{\"@id\":\"https:\/\/www.sarabadrschmidt.com\/#\/schema\/person\/6aac59e946ed87a065ccaa38260c57ca\"},\"potentialAction\":[{\"@type\":\"SearchAction\",\"target\":{\"@type\":\"EntryPoint\",\"urlTemplate\":\"https:\/\/www.sarabadrschmidt.com\/?s={search_term_string}\"},\"query-input\":{\"@type\":\"PropertyValueSpecification\",\"valueRequired\":true,\"valueName\":\"search_term_string\"}}],\"inLanguage\":\"fr-FR\"},{\"@type\":[\"Person\",\"Organization\"],\"@id\":\"https:\/\/www.sarabadrschmidt.com\/#\/schema\/person\/6aac59e946ed87a065ccaa38260c57ca\",\"name\":\"sara\",\"image\":{\"@type\":\"ImageObject\",\"inLanguage\":\"fr-FR\",\"@id\":\"https:\/\/www.sarabadrschmidt.com\/#\/schema\/person\/image\/\",\"url\":\"https:\/\/www.sarabadrschmidt.com\/wp-content\/uploads\/2020\/10\/sarabadrschmidt_logo.png\",\"contentUrl\":\"https:\/\/www.sarabadrschmidt.com\/wp-content\/uploads\/2020\/10\/sarabadrschmidt_logo.png\",\"width\":426,\"height\":50,\"caption\":\"sara\"},\"logo\":{\"@id\":\"https:\/\/www.sarabadrschmidt.com\/#\/schema\/person\/image\/\"},\"sameAs\":[\"https:\/\/www.sarabadrschmidt.com\",\"https:\/\/www.instagram.com\/SaraBadrSchmidt\/\"]}]}<\/script>\n<!-- \/ Yoast SEO plugin. -->","yoast_head_json":{"title":"Presse - Luxury Living - Sara Badr Schmidt","robots":{"index":"index","follow":"follow","max-snippet":"max-snippet:-1","max-image-preview":"max-image-preview:large","max-video-preview":"max-video-preview:-1"},"canonical":"https:\/\/www.sarabadrschmidt.com\/fr\/presse-luxury-living\/","og_locale":"fr_FR","og_type":"article","og_title":"Presse - Luxury Living - Sara Badr Schmidt","og_description":"[vc_row][vc_column width=\u00a0\u00bb1\/2&Prime;][vc_column_text css_animation=\u00a0\u00bbleft-to-right\u00a0\u00bb] Invasion de douceur D\u00e9cembre 2021 par Doris Barbier Photos\u00a0by Nina Slavcheva Avec ses \u0153uvres d&rsquo;art sous forme de tapis color\u00e9s et po\u00e9tiques, Sara Badr Schmidt r\u00e9ussit aussi bien dans les salons que dans les galeries internationales. Cette&hellip;","og_url":"https:\/\/www.sarabadrschmidt.com\/fr\/presse-luxury-living\/","og_site_name":"Sara Badr Schmidt","article_modified_time":"2022-06-27T11:47:15+00:00","twitter_card":"summary_large_image","twitter_misc":{"Dur\u00e9e de lecture estim\u00e9e":"3 minutes"},"schema":{"@context":"https:\/\/schema.org","@graph":[{"@type":"WebPage","@id":"https:\/\/www.sarabadrschmidt.com\/fr\/presse-luxury-living\/","url":"https:\/\/www.sarabadrschmidt.com\/fr\/presse-luxury-living\/","name":"Presse - Luxury Living - Sara Badr Schmidt","isPartOf":{"@id":"https:\/\/www.sarabadrschmidt.com\/#website"},"datePublished":"2021-10-31T12:26:19+00:00","dateModified":"2022-06-27T11:47:15+00:00","breadcrumb":{"@id":"https:\/\/www.sarabadrschmidt.com\/fr\/presse-luxury-living\/#breadcrumb"},"inLanguage":"fr-FR","potentialAction":[{"@type":"ReadAction","target":["https:\/\/www.sarabadrschmidt.com\/fr\/presse-luxury-living\/"]}]},{"@type":"BreadcrumbList","@id":"https:\/\/www.sarabadrschmidt.com\/fr\/presse-luxury-living\/#breadcrumb","itemListElement":[{"@type":"ListItem","position":1,"name":"Accueil","item":"https:\/\/www.sarabadrschmidt.com\/fr\/"},{"@type":"ListItem","position":2,"name":"Presse &#8211; Luxury Living"}]},{"@type":"WebSite","@id":"https:\/\/www.sarabadrschmidt.com\/#website","url":"https:\/\/www.sarabadrschmidt.com\/","name":"Sara Badr Schmidt","description":"","publisher":{"@id":"https:\/\/www.sarabadrschmidt.com\/#\/schema\/person\/6aac59e946ed87a065ccaa38260c57ca"},"potentialAction":[{"@type":"SearchAction","target":{"@type":"EntryPoint","urlTemplate":"https:\/\/www.sarabadrschmidt.com\/?s={search_term_string}"},"query-input":{"@type":"PropertyValueSpecification","valueRequired":true,"valueName":"search_term_string"}}],"inLanguage":"fr-FR"},{"@type":["Person","Organization"],"@id":"https:\/\/www.sarabadrschmidt.com\/#\/schema\/person\/6aac59e946ed87a065ccaa38260c57ca","name":"sara","image":{"@type":"ImageObject","inLanguage":"fr-FR","@id":"https:\/\/www.sarabadrschmidt.com\/#\/schema\/person\/image\/","url":"https:\/\/www.sarabadrschmidt.com\/wp-content\/uploads\/2020\/10\/sarabadrschmidt_logo.png","contentUrl":"https:\/\/www.sarabadrschmidt.com\/wp-content\/uploads\/2020\/10\/sarabadrschmidt_logo.png","width":426,"height":50,"caption":"sara"},"logo":{"@id":"https:\/\/www.sarabadrschmidt.com\/#\/schema\/person\/image\/"},"sameAs":["https:\/\/www.sarabadrschmidt.com","https:\/\/www.instagram.com\/SaraBadrSchmidt\/"]}]}},"_links":{"self":[{"href":"https:\/\/www.sarabadrschmidt.com\/fr\/wp-json\/wp\/v2\/pages\/2389","targetHints":{"allow":["GET"]}}],"collection":[{"href":"https:\/\/www.sarabadrschmidt.com\/fr\/wp-json\/wp\/v2\/pages"}],"about":[{"href":"https:\/\/www.sarabadrschmidt.com\/fr\/wp-json\/wp\/v2\/types\/page"}],"author":[{"embeddable":true,"href":"https:\/\/www.sarabadrschmidt.com\/fr\/wp-json\/wp\/v2\/users\/3"}],"replies":[{"embeddable":true,"href":"https:\/\/www.sarabadrschmidt.com\/fr\/wp-json\/wp\/v2\/comments?post=2389"}],"version-history":[{"count":0,"href":"https:\/\/www.sarabadrschmidt.com\/fr\/wp-json\/wp\/v2\/pages\/2389\/revisions"}],"wp:attachment":[{"href":"https:\/\/www.sarabadrschmidt.com\/fr\/wp-json\/wp\/v2\/media?parent=2389"}],"curies":[{"name":"wp","href":"https:\/\/api.w.org\/{rel}","templated":true}]}}