{"id":2185,"date":"2021-03-02T17:05:16","date_gmt":"2021-03-02T16:05:16","guid":{"rendered":"https:\/\/www.sarabadrschmidt.com\/?page_id=2185"},"modified":"2022-02-07T12:14:54","modified_gmt":"2022-02-07T11:14:54","slug":"presse-lorient-le-jour-petit-pois","status":"publish","type":"page","link":"https:\/\/www.sarabadrschmidt.com\/fr\/presse-lorient-le-jour-petit-pois\/","title":{"rendered":"Presse &#8211; L&rsquo;Orient Le Jour &#8211; Petit Pois"},"content":{"rendered":"<div class=\"wpb-content-wrapper\"><p>[vc_row][vc_column width=\u00a0\u00bb1\/3&Prime;][vc_column_text css_animation=\u00a0\u00bbleft-to-right\u00a0\u00bb]<\/p>\n<h4>Il \u00e9tait une fois une bombe couleur petit pois<\/h4>\n<h5>28 Ao\u00fbt 2017<\/h5>\n<h5>par Colette Khalaf<\/h5>\n<p>Il \u00e9tait une fois une bombe couleur petit pois<br \/>\nEntre les contes d\u2019Andersen et les guerres qui ravagent le Moyen-Orient, Sara Badr Schmidt trouve sa propre connexion en liant, d\u00e9ployant des espaces lumineux et irr\u00e9els sans fronti\u00e8res.<br \/>\nIl \u00e9tait une fois une jeune fille dont la vie s\u2019articulait autour de l\u2019art (\u00e9tudes de design graphique et fin de cursus couronn\u00e9 de succ\u00e8s \u00e0 Paris). Il \u00e9tait une fois cette m\u00eame jeune fille, n\u00e9e d\u2019une famille culturellement m\u00e9tiss\u00e9e et qui ne faisait jamais la diff\u00e9rence entre les fronti\u00e8res qui s\u00e9pareraient les hommes. Il \u00e9tait une fois une jeune fille bless\u00e9e par la guerre, mais qui a voulu clore cette page et quitter le pays pour embrasser de nouveaux horizons plus vastes et plus calmes.<br \/>\nC\u2019\u00e9tait une fille \u00ab valise \u00bb comme elle aime \u00e0 se d\u00e9finir. Depuis, cette fille s\u2019est \u00e9tablie en France, et elle est devenue artiste et maman. Rattrap\u00e9e par ses anciens fant\u00f4mes, Sara Badr Schmidt sillonne le monde, expose, installe ses travaux et surtout fais parvenir un message tout en clart\u00e9 et en douceur. Pascal Bruckner d\u00e9crit son travail comme une \u00ab all\u00e9gorie engag\u00e9e \u00bb. Le point de d\u00e9part de son r\u00e9cent travail install\u00e9 \u00e0 Agial est un projet qu\u2019elle a cr\u00e9\u00e9 depuis plus d\u2019une dizaine d\u2019ann\u00e9es. \u00ab Je travaille sur le concept de fronti\u00e8res parce que je trouve que c\u2019est le mal qui gangr\u00e8ne notre si\u00e8cle \u00bb. Borderless titre de ce projet, atteint m\u00eame la muraille de Chine, s\u2019expose \u00e0 Venise et Milan, et revient au Liban, o\u00f9 l\u2019artiste a retourn\u00e9 son appareil photo vers l\u2019espace couleur azur au dessus de la la fronti\u00e8re libano-isra\u00e9lienne. Appara\u00eet alors un m\u00eame ciel aux couleurs nuanc\u00e9es mais identiques, avec quelques nappes de nuages qui s\u2019effilochent par-ci par-l\u00e0. Ces m\u00eame nuages qui se sont perdus un jour et qui ont fait pleuvoir du feu et du fer. Sur des caissons lumineux, elle transpose ces bouts de ciel et leur ajoute un m\u00eame mot, comme un d\u00e9nominateur commun : \u00ab Sawa \u00bb (ensemble) pour d\u00e9finir par la suite le ciel de la rue Saint-Nicolas, de la banlieue sud, de Bourj Hammoud, de Mazraa, de Cl\u00e9menceau ou du secteur du port de Beyrouth. Six r\u00e9gions aux identit\u00e9es diff\u00e9rentes o\u00f9 le ciel capt\u00e9 \u00e0 la m\u00eame heure se r\u00e9v\u00e8le le m\u00eame partout.<\/p>\n<p>Domestiquer les d\u00e9mons<br \/>\nLe second \u00e9v\u00e9nement \u00e0 la base de cette installation est l\u2019attaque contre Charlie Hebdo qui a provoqu\u00e9 des frayeurs dans l\u2019esprit de ses enfants. \u00ab Tous les d\u00e9mons ont ressurgit d\u2019un coup \u00bb, raconte l\u2019artiste, \u00ab comment les dompter, les domestiquer ? \u00bb se demande alors Sara Badr Schmidt. Simplement en s\u2019armant de l\u2019art et du langage po\u00e9tique pour exprimer les non-dits et les horreurs. L\u2019artiste qui surfe entre le design graphique, les arts visuels et la peinture, la s\u00e9rigraphie ou la typographie, aime \u00e0 sonder les techniques et \u00e0 les traduire \u00e0 sa mani\u00e8re. Tout d\u00e9pend du message \u00e0 transmettre. Ce n\u2019est pas un message politique, mais il est certainement dur et r\u00e9aliste tout comme dans les contes pour enfants. \u00ab Le petit chaperon rouge \u00bb ou le \u00ab Petit Poucet \u00bb n\u2019\u00e9taient-ils pas, sous une apparence fictive et irr\u00e9elles, empreints d\u2019une violence bien r\u00e9elle?<br \/>\nSur un tapis tiss\u00e9 au N\u00e9pal est teint\u00e9 de pigments naturels, Sara Badr Schmidt place un lit o\u00f9 dort une petite fille. Celle-ci a d\u00e9cid\u00e9 d\u2019affronter la fatalit\u00e9 et la dure r\u00e9alit\u00e9 en dormant sur un tas de matelas empil\u00e9s tout comme \u00ab La princesse au petit pois \u00bb du c\u00e9l\u00e8bre conte danois \u00e9ponyme. Mais contrairement \u00e0 la princesse, elle posera le sommier en guise d\u2019abri au-dessus de sa t\u00eate pour continuer \u00e0 faire ses r\u00eaves d\u2019enfants. Sur ce sommier, le petit pois vert est une grosse bombe couleur petit pois et reste suspendu comme une \u00e9p\u00e9e de Damocl\u00e8s mena\u00e7ante.<br \/>\n\u00ab Il \u00e9tait une fois un petit pois \u00bb est une installation qui juxtapose et enchev\u00eatre diff\u00e9rentes lieux, \u00e9poques et contextes politiques. Tout s\u2019articule autour d\u2019un questionnement : comment des communaut\u00e9s ethniques ou religieuses diff\u00e9rentes peuvent-elles cohabiter ? Plus qu\u2019une question, c\u2019est l\u2019\u00e9cho d\u2019un m\u00eame cri surgit d\u2019une profonde inqui\u00e9tude qui se r\u00e9pand \u00e0 travers la plan\u00e8te. Les couleurs o\u00f9 baigne cette installation sont apaisantes, malgr\u00e9 la violence qui y est d\u00e9crite, car le message de l\u2019artiste se veut non torturant. Il y a ces teintes azur\u00e9es presque transparentes, mais m\u00eame dans la vid\u00e9o o\u00f9 une nu\u00e9e d\u2019oiseaux appara\u00eet en formations r\u00e9guli\u00e8res, il semblerait que ces t\u00e2ches \u00e9voquent les avions de guerre. Dans ces univers totalement diff\u00e9rents et compl\u00e8tement \u00e9trangers l\u2019un \u00e0 l\u2019autre, entre les contes d\u2019Andersen et les guerres qui ravagent le Moyen-Orient, Sara Badr Schmidt trouve sa propre connexion en liant, nous d\u00e9ployant des espaces lumineux et irr\u00e9els sans fronti\u00e8res. Rien n\u2019y est impos\u00e9. Chacun peut y faire la lecture qui lui sied.[\/vc_column_text][\/vc_column][vc_column width=\u00a0\u00bb2\/3&Prime;][vc_single_image image=\u00a0\u00bb2135&Prime;][\/vc_column][\/vc_row]<\/p>\n<\/div>","protected":false},"excerpt":{"rendered":"<p>[vc_row][vc_column width=\u00a0\u00bb1\/3&Prime;][vc_column_text css_animation=\u00a0\u00bbleft-to-right\u00a0\u00bb] Il \u00e9tait une fois une bombe couleur petit pois 28 Ao\u00fbt 2017 par Colette Khalaf Il \u00e9tait une fois une bombe couleur petit pois Entre les contes d\u2019Andersen et les guerres qui ravagent le Moyen-Orient, Sara Badr&hellip; <\/p>\n","protected":false},"author":3,"featured_media":0,"parent":0,"menu_order":0,"comment_status":"closed","ping_status":"closed","template":"","meta":{"footnotes":""},"class_list":["post-2185","page","type-page","status-publish","hentry"],"yoast_head":"<!-- This site is optimized with the Yoast SEO plugin v26.7 - https:\/\/yoast.com\/wordpress\/plugins\/seo\/ -->\n<title>Presse - L&#039;Orient Le Jour - Petit Pois - Sara Badr Schmidt<\/title>\n<meta name=\"robots\" content=\"index, follow, max-snippet:-1, max-image-preview:large, max-video-preview:-1\" \/>\n<link rel=\"canonical\" href=\"https:\/\/www.sarabadrschmidt.com\/fr\/presse-lorient-le-jour-petit-pois\/\" \/>\n<meta property=\"og:locale\" content=\"fr_FR\" \/>\n<meta property=\"og:type\" content=\"article\" \/>\n<meta property=\"og:title\" content=\"Presse - L&#039;Orient Le Jour - Petit Pois - Sara Badr Schmidt\" \/>\n<meta property=\"og:description\" content=\"[vc_row][vc_column width=\u00a0\u00bb1\/3&Prime;][vc_column_text css_animation=\u00a0\u00bbleft-to-right\u00a0\u00bb] Il \u00e9tait une fois une bombe couleur petit pois 28 Ao\u00fbt 2017 par Colette Khalaf Il \u00e9tait une fois une bombe couleur petit pois Entre les contes d\u2019Andersen et les guerres qui ravagent le Moyen-Orient, Sara Badr&hellip;\" \/>\n<meta property=\"og:url\" content=\"https:\/\/www.sarabadrschmidt.com\/fr\/presse-lorient-le-jour-petit-pois\/\" \/>\n<meta property=\"og:site_name\" content=\"Sara Badr Schmidt\" \/>\n<meta property=\"article:modified_time\" content=\"2022-02-07T11:14:54+00:00\" \/>\n<meta name=\"twitter:card\" content=\"summary_large_image\" \/>\n<meta name=\"twitter:label1\" content=\"Dur\u00e9e de lecture estim\u00e9e\" \/>\n\t<meta name=\"twitter:data1\" content=\"4 minutes\" \/>\n<script type=\"application\/ld+json\" class=\"yoast-schema-graph\">{\"@context\":\"https:\/\/schema.org\",\"@graph\":[{\"@type\":\"WebPage\",\"@id\":\"https:\/\/www.sarabadrschmidt.com\/fr\/presse-lorient-le-jour-petit-pois\/\",\"url\":\"https:\/\/www.sarabadrschmidt.com\/fr\/presse-lorient-le-jour-petit-pois\/\",\"name\":\"Presse - L'Orient Le Jour - Petit Pois - Sara Badr Schmidt\",\"isPartOf\":{\"@id\":\"https:\/\/www.sarabadrschmidt.com\/#website\"},\"datePublished\":\"2021-03-02T16:05:16+00:00\",\"dateModified\":\"2022-02-07T11:14:54+00:00\",\"breadcrumb\":{\"@id\":\"https:\/\/www.sarabadrschmidt.com\/fr\/presse-lorient-le-jour-petit-pois\/#breadcrumb\"},\"inLanguage\":\"fr-FR\",\"potentialAction\":[{\"@type\":\"ReadAction\",\"target\":[\"https:\/\/www.sarabadrschmidt.com\/fr\/presse-lorient-le-jour-petit-pois\/\"]}]},{\"@type\":\"BreadcrumbList\",\"@id\":\"https:\/\/www.sarabadrschmidt.com\/fr\/presse-lorient-le-jour-petit-pois\/#breadcrumb\",\"itemListElement\":[{\"@type\":\"ListItem\",\"position\":1,\"name\":\"Accueil\",\"item\":\"https:\/\/www.sarabadrschmidt.com\/fr\/\"},{\"@type\":\"ListItem\",\"position\":2,\"name\":\"Presse &#8211; L&rsquo;Orient Le Jour &#8211; Petit Pois\"}]},{\"@type\":\"WebSite\",\"@id\":\"https:\/\/www.sarabadrschmidt.com\/#website\",\"url\":\"https:\/\/www.sarabadrschmidt.com\/\",\"name\":\"Sara Badr Schmidt\",\"description\":\"\",\"publisher\":{\"@id\":\"https:\/\/www.sarabadrschmidt.com\/#\/schema\/person\/6aac59e946ed87a065ccaa38260c57ca\"},\"potentialAction\":[{\"@type\":\"SearchAction\",\"target\":{\"@type\":\"EntryPoint\",\"urlTemplate\":\"https:\/\/www.sarabadrschmidt.com\/?s={search_term_string}\"},\"query-input\":{\"@type\":\"PropertyValueSpecification\",\"valueRequired\":true,\"valueName\":\"search_term_string\"}}],\"inLanguage\":\"fr-FR\"},{\"@type\":[\"Person\",\"Organization\"],\"@id\":\"https:\/\/www.sarabadrschmidt.com\/#\/schema\/person\/6aac59e946ed87a065ccaa38260c57ca\",\"name\":\"sara\",\"image\":{\"@type\":\"ImageObject\",\"inLanguage\":\"fr-FR\",\"@id\":\"https:\/\/www.sarabadrschmidt.com\/#\/schema\/person\/image\/\",\"url\":\"https:\/\/www.sarabadrschmidt.com\/wp-content\/uploads\/2020\/10\/sarabadrschmidt_logo.png\",\"contentUrl\":\"https:\/\/www.sarabadrschmidt.com\/wp-content\/uploads\/2020\/10\/sarabadrschmidt_logo.png\",\"width\":426,\"height\":50,\"caption\":\"sara\"},\"logo\":{\"@id\":\"https:\/\/www.sarabadrschmidt.com\/#\/schema\/person\/image\/\"},\"sameAs\":[\"https:\/\/www.sarabadrschmidt.com\",\"https:\/\/www.instagram.com\/SaraBadrSchmidt\/\"]}]}<\/script>\n<!-- \/ Yoast SEO plugin. -->","yoast_head_json":{"title":"Presse - L'Orient Le Jour - Petit Pois - Sara Badr Schmidt","robots":{"index":"index","follow":"follow","max-snippet":"max-snippet:-1","max-image-preview":"max-image-preview:large","max-video-preview":"max-video-preview:-1"},"canonical":"https:\/\/www.sarabadrschmidt.com\/fr\/presse-lorient-le-jour-petit-pois\/","og_locale":"fr_FR","og_type":"article","og_title":"Presse - L'Orient Le Jour - Petit Pois - Sara Badr Schmidt","og_description":"[vc_row][vc_column width=\u00a0\u00bb1\/3&Prime;][vc_column_text css_animation=\u00a0\u00bbleft-to-right\u00a0\u00bb] Il \u00e9tait une fois une bombe couleur petit pois 28 Ao\u00fbt 2017 par Colette Khalaf Il \u00e9tait une fois une bombe couleur petit pois Entre les contes d\u2019Andersen et les guerres qui ravagent le Moyen-Orient, Sara Badr&hellip;","og_url":"https:\/\/www.sarabadrschmidt.com\/fr\/presse-lorient-le-jour-petit-pois\/","og_site_name":"Sara Badr Schmidt","article_modified_time":"2022-02-07T11:14:54+00:00","twitter_card":"summary_large_image","twitter_misc":{"Dur\u00e9e de lecture estim\u00e9e":"4 minutes"},"schema":{"@context":"https:\/\/schema.org","@graph":[{"@type":"WebPage","@id":"https:\/\/www.sarabadrschmidt.com\/fr\/presse-lorient-le-jour-petit-pois\/","url":"https:\/\/www.sarabadrschmidt.com\/fr\/presse-lorient-le-jour-petit-pois\/","name":"Presse - L'Orient Le Jour - Petit Pois - Sara Badr Schmidt","isPartOf":{"@id":"https:\/\/www.sarabadrschmidt.com\/#website"},"datePublished":"2021-03-02T16:05:16+00:00","dateModified":"2022-02-07T11:14:54+00:00","breadcrumb":{"@id":"https:\/\/www.sarabadrschmidt.com\/fr\/presse-lorient-le-jour-petit-pois\/#breadcrumb"},"inLanguage":"fr-FR","potentialAction":[{"@type":"ReadAction","target":["https:\/\/www.sarabadrschmidt.com\/fr\/presse-lorient-le-jour-petit-pois\/"]}]},{"@type":"BreadcrumbList","@id":"https:\/\/www.sarabadrschmidt.com\/fr\/presse-lorient-le-jour-petit-pois\/#breadcrumb","itemListElement":[{"@type":"ListItem","position":1,"name":"Accueil","item":"https:\/\/www.sarabadrschmidt.com\/fr\/"},{"@type":"ListItem","position":2,"name":"Presse &#8211; L&rsquo;Orient Le Jour &#8211; Petit Pois"}]},{"@type":"WebSite","@id":"https:\/\/www.sarabadrschmidt.com\/#website","url":"https:\/\/www.sarabadrschmidt.com\/","name":"Sara Badr Schmidt","description":"","publisher":{"@id":"https:\/\/www.sarabadrschmidt.com\/#\/schema\/person\/6aac59e946ed87a065ccaa38260c57ca"},"potentialAction":[{"@type":"SearchAction","target":{"@type":"EntryPoint","urlTemplate":"https:\/\/www.sarabadrschmidt.com\/?s={search_term_string}"},"query-input":{"@type":"PropertyValueSpecification","valueRequired":true,"valueName":"search_term_string"}}],"inLanguage":"fr-FR"},{"@type":["Person","Organization"],"@id":"https:\/\/www.sarabadrschmidt.com\/#\/schema\/person\/6aac59e946ed87a065ccaa38260c57ca","name":"sara","image":{"@type":"ImageObject","inLanguage":"fr-FR","@id":"https:\/\/www.sarabadrschmidt.com\/#\/schema\/person\/image\/","url":"https:\/\/www.sarabadrschmidt.com\/wp-content\/uploads\/2020\/10\/sarabadrschmidt_logo.png","contentUrl":"https:\/\/www.sarabadrschmidt.com\/wp-content\/uploads\/2020\/10\/sarabadrschmidt_logo.png","width":426,"height":50,"caption":"sara"},"logo":{"@id":"https:\/\/www.sarabadrschmidt.com\/#\/schema\/person\/image\/"},"sameAs":["https:\/\/www.sarabadrschmidt.com","https:\/\/www.instagram.com\/SaraBadrSchmidt\/"]}]}},"_links":{"self":[{"href":"https:\/\/www.sarabadrschmidt.com\/fr\/wp-json\/wp\/v2\/pages\/2185","targetHints":{"allow":["GET"]}}],"collection":[{"href":"https:\/\/www.sarabadrschmidt.com\/fr\/wp-json\/wp\/v2\/pages"}],"about":[{"href":"https:\/\/www.sarabadrschmidt.com\/fr\/wp-json\/wp\/v2\/types\/page"}],"author":[{"embeddable":true,"href":"https:\/\/www.sarabadrschmidt.com\/fr\/wp-json\/wp\/v2\/users\/3"}],"replies":[{"embeddable":true,"href":"https:\/\/www.sarabadrschmidt.com\/fr\/wp-json\/wp\/v2\/comments?post=2185"}],"version-history":[{"count":0,"href":"https:\/\/www.sarabadrschmidt.com\/fr\/wp-json\/wp\/v2\/pages\/2185\/revisions"}],"wp:attachment":[{"href":"https:\/\/www.sarabadrschmidt.com\/fr\/wp-json\/wp\/v2\/media?parent=2185"}],"curies":[{"name":"wp","href":"https:\/\/api.w.org\/{rel}","templated":true}]}}