{"id":2148,"date":"2021-03-02T12:03:04","date_gmt":"2021-03-02T11:03:04","guid":{"rendered":"https:\/\/www.sarabadrschmidt.com\/?page_id=2148"},"modified":"2022-06-27T14:19:56","modified_gmt":"2022-06-27T12:19:56","slug":"presse-cover-magazine","status":"publish","type":"page","link":"https:\/\/www.sarabadrschmidt.com\/fr\/presse-cover-magazine\/","title":{"rendered":"Presse &#8211; Cover Magazine"},"content":{"rendered":"<div class=\"wpb-content-wrapper\"><p>[vc_row][vc_column width=\u00a0\u00bb1\/2&Prime;][vc_column_text css_animation=\u00a0\u00bbleft-to-right\u00a0\u00bb]<\/p>\n<h4><strong>Origins<\/strong><\/h4>\n<h5>Summer 2021<\/h5>\n<h5>by Rachel Meek<\/h5>\n<h5>Photo : Nina Slavcheva<\/h5>\n<p><strong>\u00ab\u00a0Je ne fais pas des tapis pour d\u00e9corer. Je consid\u00e8re mes tapis comme des \u0153uvres d&rsquo;art. Les mat\u00e9riaux et la technique sont au service du concept\u00a0\u00bb.<\/strong><\/p>\n<p>L&rsquo;artiste conceptuelle Sara Badr Schmidt d\u00e9crit comment son h\u00e9ritage su\u00e9dois et libanais l&rsquo;a inspir\u00e9e \u00e0 cr\u00e9er des tapis, d\u00e9clarant : \u00ab\u00a0dans mes deux pays, les tapis sont importants pour diff\u00e9rentes raisons li\u00e9es \u00e0 la culture et au climat.\u00a0\u00bb<\/p>\n<p>Son grand-p\u00e8re \u00e0 Beyrouth avait une usine de soie et, en hiver, il utilisait des tapis de soie sur les murs et les si\u00e8ges. En Su\u00e8de, les tapis en laine sont utilis\u00e9s toute l&rsquo;ann\u00e9e.<br \/>\nAvec une formation en typographie et en graphisme, sa qu\u00eate de typographie nette sous forme tiss\u00e9e l&rsquo;a conduite au N\u00e9pal, o\u00f9 elle s&rsquo;est \u00e9prise du processus de tissage et a commenc\u00e9 \u00e0 prendre des commandes de tapis pour des collectionneurs d&rsquo;art parisiens. \u00ab\u00a0Je ne fais pas des tapis pour d\u00e9corer\u00a0\u00bb, dit-elle, \u00ab\u00a0je les inclus dans ma pratique artistique. Les mat\u00e9riaux et la technique sont au service du concept\u00a0\u00bb. Colorshot s&rsquo;inspire d&rsquo;une peinture italienne du Trecento combin\u00e9e aux caract\u00e9ristiques du vitrail &#8211; l&rsquo;art abstrait de l&rsquo;\u00e9poque. Les diff\u00e9rentes sections sont faites de divers mat\u00e9riaux, dont le cachemire, la laine et la soie. Les lignes de s\u00e9paration sont en lin. \u00ab\u00a0La vie artistique est solitaire, la fabrication de tapis est interactive. Je dois respecter certaines contraintes, mais je les utilise comme un moyen pour stimuler ma cr\u00e9ativit\u00e9\u00a0\u00bb, explique-t-elle.[\/vc_column_text][\/vc_column][vc_column width=\u00a0\u00bb1\/2&Prime;][vc_single_image image=\u00a0\u00bb2564&Prime; img_size=\u00a0\u00bblarge\u00a0\u00bb][\/vc_column][\/vc_row]<\/p>\n<\/div>","protected":false},"excerpt":{"rendered":"<p>[vc_row][vc_column width=\u00a0\u00bb1\/2&Prime;][vc_column_text css_animation=\u00a0\u00bbleft-to-right\u00a0\u00bb] Origins Summer 2021 by Rachel Meek Photo : Nina Slavcheva \u00ab\u00a0Je ne fais pas des tapis pour d\u00e9corer. Je consid\u00e8re mes tapis comme des \u0153uvres d&rsquo;art. Les mat\u00e9riaux et la technique sont au service du concept\u00a0\u00bb. L&rsquo;artiste&hellip; <\/p>\n","protected":false},"author":3,"featured_media":0,"parent":0,"menu_order":0,"comment_status":"closed","ping_status":"closed","template":"","meta":{"footnotes":""},"class_list":["post-2148","page","type-page","status-publish","hentry"],"yoast_head":"<!-- This site is optimized with the Yoast SEO plugin v26.7 - https:\/\/yoast.com\/wordpress\/plugins\/seo\/ -->\n<title>Presse - Cover Magazine - Sara Badr Schmidt<\/title>\n<meta name=\"robots\" content=\"index, follow, max-snippet:-1, max-image-preview:large, max-video-preview:-1\" \/>\n<link rel=\"canonical\" href=\"https:\/\/www.sarabadrschmidt.com\/fr\/presse-cover-magazine\/\" \/>\n<meta property=\"og:locale\" content=\"fr_FR\" \/>\n<meta property=\"og:type\" content=\"article\" \/>\n<meta property=\"og:title\" content=\"Presse - Cover Magazine - Sara Badr Schmidt\" \/>\n<meta property=\"og:description\" content=\"[vc_row][vc_column width=\u00a0\u00bb1\/2&Prime;][vc_column_text css_animation=\u00a0\u00bbleft-to-right\u00a0\u00bb] Origins Summer 2021 by Rachel Meek Photo : Nina Slavcheva \u00ab\u00a0Je ne fais pas des tapis pour d\u00e9corer. Je consid\u00e8re mes tapis comme des \u0153uvres d&rsquo;art. Les mat\u00e9riaux et la technique sont au service du concept\u00a0\u00bb. L&rsquo;artiste&hellip;\" \/>\n<meta property=\"og:url\" content=\"https:\/\/www.sarabadrschmidt.com\/fr\/presse-cover-magazine\/\" \/>\n<meta property=\"og:site_name\" content=\"Sara Badr Schmidt\" \/>\n<meta property=\"article:modified_time\" content=\"2022-06-27T12:19:56+00:00\" \/>\n<meta name=\"twitter:card\" content=\"summary_large_image\" \/>\n<meta name=\"twitter:label1\" content=\"Dur\u00e9e de lecture estim\u00e9e\" \/>\n\t<meta name=\"twitter:data1\" content=\"2 minutes\" \/>\n<script type=\"application\/ld+json\" class=\"yoast-schema-graph\">{\"@context\":\"https:\/\/schema.org\",\"@graph\":[{\"@type\":\"WebPage\",\"@id\":\"https:\/\/www.sarabadrschmidt.com\/fr\/presse-cover-magazine\/\",\"url\":\"https:\/\/www.sarabadrschmidt.com\/fr\/presse-cover-magazine\/\",\"name\":\"Presse - Cover Magazine - Sara Badr Schmidt\",\"isPartOf\":{\"@id\":\"https:\/\/www.sarabadrschmidt.com\/#website\"},\"datePublished\":\"2021-03-02T11:03:04+00:00\",\"dateModified\":\"2022-06-27T12:19:56+00:00\",\"breadcrumb\":{\"@id\":\"https:\/\/www.sarabadrschmidt.com\/fr\/presse-cover-magazine\/#breadcrumb\"},\"inLanguage\":\"fr-FR\",\"potentialAction\":[{\"@type\":\"ReadAction\",\"target\":[\"https:\/\/www.sarabadrschmidt.com\/fr\/presse-cover-magazine\/\"]}]},{\"@type\":\"BreadcrumbList\",\"@id\":\"https:\/\/www.sarabadrschmidt.com\/fr\/presse-cover-magazine\/#breadcrumb\",\"itemListElement\":[{\"@type\":\"ListItem\",\"position\":1,\"name\":\"Accueil\",\"item\":\"https:\/\/www.sarabadrschmidt.com\/fr\/\"},{\"@type\":\"ListItem\",\"position\":2,\"name\":\"Presse &#8211; Cover Magazine\"}]},{\"@type\":\"WebSite\",\"@id\":\"https:\/\/www.sarabadrschmidt.com\/#website\",\"url\":\"https:\/\/www.sarabadrschmidt.com\/\",\"name\":\"Sara Badr Schmidt\",\"description\":\"\",\"publisher\":{\"@id\":\"https:\/\/www.sarabadrschmidt.com\/#\/schema\/person\/6aac59e946ed87a065ccaa38260c57ca\"},\"potentialAction\":[{\"@type\":\"SearchAction\",\"target\":{\"@type\":\"EntryPoint\",\"urlTemplate\":\"https:\/\/www.sarabadrschmidt.com\/?s={search_term_string}\"},\"query-input\":{\"@type\":\"PropertyValueSpecification\",\"valueRequired\":true,\"valueName\":\"search_term_string\"}}],\"inLanguage\":\"fr-FR\"},{\"@type\":[\"Person\",\"Organization\"],\"@id\":\"https:\/\/www.sarabadrschmidt.com\/#\/schema\/person\/6aac59e946ed87a065ccaa38260c57ca\",\"name\":\"sara\",\"image\":{\"@type\":\"ImageObject\",\"inLanguage\":\"fr-FR\",\"@id\":\"https:\/\/www.sarabadrschmidt.com\/#\/schema\/person\/image\/\",\"url\":\"https:\/\/www.sarabadrschmidt.com\/wp-content\/uploads\/2020\/10\/sarabadrschmidt_logo.png\",\"contentUrl\":\"https:\/\/www.sarabadrschmidt.com\/wp-content\/uploads\/2020\/10\/sarabadrschmidt_logo.png\",\"width\":426,\"height\":50,\"caption\":\"sara\"},\"logo\":{\"@id\":\"https:\/\/www.sarabadrschmidt.com\/#\/schema\/person\/image\/\"},\"sameAs\":[\"https:\/\/www.sarabadrschmidt.com\",\"https:\/\/www.instagram.com\/SaraBadrSchmidt\/\"]}]}<\/script>\n<!-- \/ Yoast SEO plugin. -->","yoast_head_json":{"title":"Presse - Cover Magazine - Sara Badr Schmidt","robots":{"index":"index","follow":"follow","max-snippet":"max-snippet:-1","max-image-preview":"max-image-preview:large","max-video-preview":"max-video-preview:-1"},"canonical":"https:\/\/www.sarabadrschmidt.com\/fr\/presse-cover-magazine\/","og_locale":"fr_FR","og_type":"article","og_title":"Presse - Cover Magazine - Sara Badr Schmidt","og_description":"[vc_row][vc_column width=\u00a0\u00bb1\/2&Prime;][vc_column_text css_animation=\u00a0\u00bbleft-to-right\u00a0\u00bb] Origins Summer 2021 by Rachel Meek Photo : Nina Slavcheva \u00ab\u00a0Je ne fais pas des tapis pour d\u00e9corer. Je consid\u00e8re mes tapis comme des \u0153uvres d&rsquo;art. Les mat\u00e9riaux et la technique sont au service du concept\u00a0\u00bb. L&rsquo;artiste&hellip;","og_url":"https:\/\/www.sarabadrschmidt.com\/fr\/presse-cover-magazine\/","og_site_name":"Sara Badr Schmidt","article_modified_time":"2022-06-27T12:19:56+00:00","twitter_card":"summary_large_image","twitter_misc":{"Dur\u00e9e de lecture estim\u00e9e":"2 minutes"},"schema":{"@context":"https:\/\/schema.org","@graph":[{"@type":"WebPage","@id":"https:\/\/www.sarabadrschmidt.com\/fr\/presse-cover-magazine\/","url":"https:\/\/www.sarabadrschmidt.com\/fr\/presse-cover-magazine\/","name":"Presse - Cover Magazine - Sara Badr Schmidt","isPartOf":{"@id":"https:\/\/www.sarabadrschmidt.com\/#website"},"datePublished":"2021-03-02T11:03:04+00:00","dateModified":"2022-06-27T12:19:56+00:00","breadcrumb":{"@id":"https:\/\/www.sarabadrschmidt.com\/fr\/presse-cover-magazine\/#breadcrumb"},"inLanguage":"fr-FR","potentialAction":[{"@type":"ReadAction","target":["https:\/\/www.sarabadrschmidt.com\/fr\/presse-cover-magazine\/"]}]},{"@type":"BreadcrumbList","@id":"https:\/\/www.sarabadrschmidt.com\/fr\/presse-cover-magazine\/#breadcrumb","itemListElement":[{"@type":"ListItem","position":1,"name":"Accueil","item":"https:\/\/www.sarabadrschmidt.com\/fr\/"},{"@type":"ListItem","position":2,"name":"Presse &#8211; Cover Magazine"}]},{"@type":"WebSite","@id":"https:\/\/www.sarabadrschmidt.com\/#website","url":"https:\/\/www.sarabadrschmidt.com\/","name":"Sara Badr Schmidt","description":"","publisher":{"@id":"https:\/\/www.sarabadrschmidt.com\/#\/schema\/person\/6aac59e946ed87a065ccaa38260c57ca"},"potentialAction":[{"@type":"SearchAction","target":{"@type":"EntryPoint","urlTemplate":"https:\/\/www.sarabadrschmidt.com\/?s={search_term_string}"},"query-input":{"@type":"PropertyValueSpecification","valueRequired":true,"valueName":"search_term_string"}}],"inLanguage":"fr-FR"},{"@type":["Person","Organization"],"@id":"https:\/\/www.sarabadrschmidt.com\/#\/schema\/person\/6aac59e946ed87a065ccaa38260c57ca","name":"sara","image":{"@type":"ImageObject","inLanguage":"fr-FR","@id":"https:\/\/www.sarabadrschmidt.com\/#\/schema\/person\/image\/","url":"https:\/\/www.sarabadrschmidt.com\/wp-content\/uploads\/2020\/10\/sarabadrschmidt_logo.png","contentUrl":"https:\/\/www.sarabadrschmidt.com\/wp-content\/uploads\/2020\/10\/sarabadrschmidt_logo.png","width":426,"height":50,"caption":"sara"},"logo":{"@id":"https:\/\/www.sarabadrschmidt.com\/#\/schema\/person\/image\/"},"sameAs":["https:\/\/www.sarabadrschmidt.com","https:\/\/www.instagram.com\/SaraBadrSchmidt\/"]}]}},"_links":{"self":[{"href":"https:\/\/www.sarabadrschmidt.com\/fr\/wp-json\/wp\/v2\/pages\/2148","targetHints":{"allow":["GET"]}}],"collection":[{"href":"https:\/\/www.sarabadrschmidt.com\/fr\/wp-json\/wp\/v2\/pages"}],"about":[{"href":"https:\/\/www.sarabadrschmidt.com\/fr\/wp-json\/wp\/v2\/types\/page"}],"author":[{"embeddable":true,"href":"https:\/\/www.sarabadrschmidt.com\/fr\/wp-json\/wp\/v2\/users\/3"}],"replies":[{"embeddable":true,"href":"https:\/\/www.sarabadrschmidt.com\/fr\/wp-json\/wp\/v2\/comments?post=2148"}],"version-history":[{"count":0,"href":"https:\/\/www.sarabadrschmidt.com\/fr\/wp-json\/wp\/v2\/pages\/2148\/revisions"}],"wp:attachment":[{"href":"https:\/\/www.sarabadrschmidt.com\/fr\/wp-json\/wp\/v2\/media?parent=2148"}],"curies":[{"name":"wp","href":"https:\/\/api.w.org\/{rel}","templated":true}]}}