{"id":2145,"date":"2021-03-02T11:41:16","date_gmt":"2021-03-02T10:41:16","guid":{"rendered":"https:\/\/www.sarabadrschmidt.com\/?page_id=2145"},"modified":"2021-03-31T10:50:38","modified_gmt":"2021-03-31T08:50:38","slug":"press-daily-star-i-want","status":"publish","type":"page","link":"https:\/\/www.sarabadrschmidt.com\/fr\/press-daily-star-i-want\/","title":{"rendered":"Presse &#8211; The Daily Star &#8211; I want"},"content":{"rendered":"<div class=\"wpb-content-wrapper\"><p>[vc_row][vc_column width=\u00a0\u00bb1\/2&Prime;][vc_column_text css_animation=\u00a0\u00bbleft-to-right\u00a0\u00bb]<\/p>\n<h4>Trouver \u00ab\u00a0What I Want\u00a0\u00bb : \u00e0 la recherche de la libert\u00e9.<\/h4>\n<h5>Beyrouth, 14 Mai 2003<\/h5>\n<h5>par Ramsay Short<\/h5>\n<div><em>L&rsquo;exposition de Sara Badr invite le spectateur \u00e0 r\u00e9veiller l&rsquo;enfant qui sommeille en lui.<\/em><\/div>\n<p>Sara Badr se tient de mani\u00e8re provocante devant sa peinture I Want to Tease You dans la p\u00e9nombre du club. Le tableau repr\u00e9sente une femme s&rsquo;exposant, s\u00e9ductrice, au spectateur ; il d\u00e9gage une ressemblance frappante avec Sara Badr. \u00ab Cela pourrait \u00eatre un autoportrait et en fait ce n&rsquo;en est pas un. Est-il sensuel ? Peut-\u00eatre. Cela d\u00e9pend de la personne qui le regarde. I Want to Tease You fait partie du th\u00e8me g\u00e9n\u00e9ral de l&rsquo;exposition. Il s&rsquo;agit de provoquer, de faire r\u00e9agir. Mais personne ne r\u00e9agira de la m\u00eame mani\u00e8re \u00bb explique Sara Badr.<\/p>\n<p>Cette peinture est la premi\u00e8re d&rsquo;une s\u00e9rie de huit qui explorent le th\u00e8me de la reconqu\u00eate par l&rsquo;adulte de la libert\u00e9 de pens\u00e9e simple et instinctive de l&rsquo;enfant. Elle fait partie d&rsquo;une installation de Sara Badr qui s&rsquo;intitule I Want, en collaboration avec la galerie d&rsquo;art Agial et qui a lieu cette semaine \u00e0 Strange Fruit.<\/p>\n<p>Sara Badr explique : \u00ab Les peintures, la vid\u00e9o, toute l&rsquo;installation est bas\u00e9e sur un m\u00eame th\u00e8me, l&rsquo;adulte essayant de reconqu\u00e9rir la libert\u00e9 inh\u00e9rente \u00e0 l&rsquo;enfance. C&rsquo;est le paradoxe entre l&rsquo;enfance et l&rsquo;\u00e2ge adulte car lorsque vous \u00eates un enfant vous n&rsquo;avez aucune barri\u00e8re \u00e0 votre libert\u00e9 et \u00e0 votre imagination. \u00bb<\/p>\n<p>Sara Badr a plusieurs facettes : peintre, graphiste et propri\u00e9taire d&rsquo;un concept store. En effet, elle dirige une agence de design graphique et est une des propri\u00e9taires du magasin de meubles et de design, Artishow \u00e0 Achrafieh.<\/p>\n<p>Mais elle ne se proclame pas philosophe. Et pourtant l&rsquo;efficacit\u00e9 de son message repose sur sa simple na\u00efvet\u00e9. \u00ab Je voudrais qu&rsquo;\u00e0 la lecture de cette exposition les gens se questionnent pour revenir \u00e0 l&rsquo;essentiel et ainsi se lib\u00e9rer des cha\u00eenes de la maturit\u00e9. \u00bb L&rsquo;installation consiste en huit peintures de deux m\u00e8tres de haut dispos\u00e9es en deux ensembles de quatre sur l&rsquo;estrade du night club. A l&rsquo;arri\u00e8re, une vid\u00e9o de 7 minutes et demie accompagn\u00e9e d&rsquo;une musique rythm\u00e9e, est proje\u00adt\u00e9e en continu sur l&rsquo;\u00e9cran de cin\u00e9ma du club. Les toiles \u00e0 technique mixte ne sont pas tendues et sont \u00e0 dominante noir et blanc, avec des titres tels que I Want to Be a Dancer et I Want to Implode. Sara Badr explique que l&rsquo;exposition est \u00e9videmment autobiographique mais peut s&rsquo;appliquer \u00e0 chacun d&rsquo;entre nous.<\/p>\n<p>\u00ab Dans la vie nous voulons \u00eatre un paradoxe, nous voulons \u00eatre noir et blanc, \u00bb indique-t-elle. \u00ab Nous voulons suivre mais nous voulons aussi \u00eatre suivis. \u00bb<\/p>\n<p>I Want to Be Earth and Sky repr\u00e9sente une figure en train de danser, ses jambes faisant corps avec le sol afin de tourner suffisamment vite pour atteindre le ciel.<\/p>\n<p>I Want to Fly montre une figure, une femme, pench\u00e9e comme si elle s&rsquo;appr\u00eatait \u00e0 plonger d&rsquo;un point tr\u00e8s haut. Elle suit les directives d&rsquo;un oiseau perch\u00e9 \u00e0 c\u00f4t\u00e9 d&rsquo;elle, d\u00e9ployant ses ailes pour voler.<\/p>\n<p>\u00ab L&rsquo;oiseau apprend \u00e0 la femme comment voler, comme un enfant utilise son imagination pour d\u00e9couvrir ses possibilit\u00e9s infinies. \u00bb explique Sara Badr. La vid\u00e9o &#8211; dont la projection interf\u00e8re au passage avec les peintures et le visiteur de l&rsquo;expo &#8211; est une succession d&rsquo;images, sur lesquelles viennent se greffer des phrases telles que : \u00ab I want to be born again and again \u00bb, \u00ab I want to dance on my horse. \u00bb<\/p>\n<p>\u00ab Galoper repr\u00e9sente la libert\u00e9 et la libert\u00e9 c&rsquo;est l&rsquo;enfance \u00bb, explique-t-elle. Toutefois, pour celui qui cherche \u00e0 aller plus loin dans la lecture de ce qui est pr\u00e9sent\u00e9, l&rsquo;exposition n\u00e9cessite d\u00e9finitivement plus d&rsquo;interaction de sa part que pour celles pr\u00e9sent\u00e9es dans des galeries d&rsquo;art plus conventionnelles.<\/p>\n<p>\u00ab J&rsquo;ai voulu que cette installation soit pr\u00e9sent\u00e9e dans un club, un espace qui ne soit pas un endroit habituel pour une exposition. J&rsquo;aime faire des choses qui font r\u00e9agir les gens. Je cherche \u00e0 obtenir une r\u00e9action \u00bb, explique Sara Badr.<\/p>\n<p>La partie la plus originale de l&rsquo;exposition \u00ab\u00a0Toile de ma\u00eetre au m\u00e8tre\u00a0\u00bb, met en sc\u00e8ne deux toiles serigraphi\u00e9es de 5 m\u00e8tres de long et une de 10 m\u00e8tres de long intitul\u00e9es Flying Butter, Quidam et Still Still. Des modules de 35 par 50 centim\u00e8tres d\u00e9coup\u00e9s dans ces toiles peuvent \u00eatre acquis pour 35 dollars. Bien que cette s\u00e9rie fasse partie du m\u00eame th\u00e8me, Sara Badr les d\u00e9crits comme plus ironiques.<\/p>\n<p>\u00ab Je d\u00e9teste la mani\u00e8re dont les gens ach\u00e8tent des tableaux, non pas parce qu&rsquo;ils les aiment particuli\u00e8rement, mais parce qu&rsquo;ils veulent que \u00e7a s&rsquo;accorde avec leur d\u00e9coration ou pour que \u00e7a remplisse un mur blanc. C&rsquo;est ridicule \u00bb, affirme-t-elle.<\/p>\n<p>\u00ab Avec ce concept, vous achetez la partie de la toile que vous d\u00e9sirez. \u00bb L&rsquo;impression globale de l&rsquo;exposition est attirante.<\/p>\n<p>L&rsquo;utilisation d&rsquo;un espace alternatif est innovante, les tableaux abondamment \u00e9clair\u00e9s se d\u00e9tachent dans la p\u00e9nombre du club. Les images de la vid\u00e9o sont fortes et frontales, peut-\u00eatre a-t-on le sentiment d&rsquo;\u00eatre un peu trop agress\u00e9s par les I Want.<\/p>\n<p>Mais ceci est compens\u00e9 par l&rsquo;impression d&rsquo;immensit\u00e9 et d&rsquo;espace des peintures et l&rsquo;usage efficace du noir et blanc et l&rsquo;on part avec la r\u00e9solution ferme de suivre ses instincts, librement comme un enfant.[\/vc_column_text][\/vc_column][vc_column width=\u00a0\u00bb1\/2&Prime;][vc_single_image image=\u00a0\u00bb2117&Prime;][\/vc_column][\/vc_row]<\/p>\n<\/div>","protected":false},"excerpt":{"rendered":"<p>[vc_row][vc_column width=\u00a0\u00bb1\/2&Prime;][vc_column_text css_animation=\u00a0\u00bbleft-to-right\u00a0\u00bb] Trouver \u00ab\u00a0What I Want\u00a0\u00bb : \u00e0 la recherche de la libert\u00e9. Beyrouth, 14 Mai 2003 par Ramsay Short L&rsquo;exposition de Sara Badr invite le spectateur \u00e0 r\u00e9veiller l&rsquo;enfant qui sommeille en lui. Sara Badr se tient de&hellip; <\/p>\n","protected":false},"author":3,"featured_media":0,"parent":0,"menu_order":0,"comment_status":"closed","ping_status":"closed","template":"","meta":{"footnotes":""},"class_list":["post-2145","page","type-page","status-publish","hentry"],"yoast_head":"<!-- This site is optimized with the Yoast SEO plugin v26.7 - https:\/\/yoast.com\/wordpress\/plugins\/seo\/ -->\n<title>Presse - The Daily Star - I want - Sara Badr Schmidt<\/title>\n<meta name=\"robots\" content=\"index, follow, max-snippet:-1, max-image-preview:large, max-video-preview:-1\" \/>\n<link rel=\"canonical\" href=\"https:\/\/www.sarabadrschmidt.com\/fr\/press-daily-star-i-want\/\" \/>\n<meta property=\"og:locale\" content=\"fr_FR\" \/>\n<meta property=\"og:type\" content=\"article\" \/>\n<meta property=\"og:title\" content=\"Presse - The Daily Star - I want - Sara Badr Schmidt\" \/>\n<meta property=\"og:description\" content=\"[vc_row][vc_column width=\u00a0\u00bb1\/2&Prime;][vc_column_text css_animation=\u00a0\u00bbleft-to-right\u00a0\u00bb] Trouver \u00ab\u00a0What I Want\u00a0\u00bb : \u00e0 la recherche de la libert\u00e9. Beyrouth, 14 Mai 2003 par Ramsay Short L&rsquo;exposition de Sara Badr invite le spectateur \u00e0 r\u00e9veiller l&rsquo;enfant qui sommeille en lui. Sara Badr se tient de&hellip;\" \/>\n<meta property=\"og:url\" content=\"https:\/\/www.sarabadrschmidt.com\/fr\/press-daily-star-i-want\/\" \/>\n<meta property=\"og:site_name\" content=\"Sara Badr Schmidt\" \/>\n<meta property=\"article:modified_time\" content=\"2021-03-31T08:50:38+00:00\" \/>\n<meta name=\"twitter:card\" content=\"summary_large_image\" \/>\n<meta name=\"twitter:label1\" content=\"Dur\u00e9e de lecture estim\u00e9e\" \/>\n\t<meta name=\"twitter:data1\" content=\"4 minutes\" \/>\n<script type=\"application\/ld+json\" class=\"yoast-schema-graph\">{\"@context\":\"https:\/\/schema.org\",\"@graph\":[{\"@type\":\"WebPage\",\"@id\":\"https:\/\/www.sarabadrschmidt.com\/fr\/press-daily-star-i-want\/\",\"url\":\"https:\/\/www.sarabadrschmidt.com\/fr\/press-daily-star-i-want\/\",\"name\":\"Presse - The Daily Star - I want - Sara Badr Schmidt\",\"isPartOf\":{\"@id\":\"https:\/\/www.sarabadrschmidt.com\/#website\"},\"datePublished\":\"2021-03-02T10:41:16+00:00\",\"dateModified\":\"2021-03-31T08:50:38+00:00\",\"breadcrumb\":{\"@id\":\"https:\/\/www.sarabadrschmidt.com\/fr\/press-daily-star-i-want\/#breadcrumb\"},\"inLanguage\":\"fr-FR\",\"potentialAction\":[{\"@type\":\"ReadAction\",\"target\":[\"https:\/\/www.sarabadrschmidt.com\/fr\/press-daily-star-i-want\/\"]}]},{\"@type\":\"BreadcrumbList\",\"@id\":\"https:\/\/www.sarabadrschmidt.com\/fr\/press-daily-star-i-want\/#breadcrumb\",\"itemListElement\":[{\"@type\":\"ListItem\",\"position\":1,\"name\":\"Accueil\",\"item\":\"https:\/\/www.sarabadrschmidt.com\/fr\/\"},{\"@type\":\"ListItem\",\"position\":2,\"name\":\"Presse &#8211; The Daily Star &#8211; I want\"}]},{\"@type\":\"WebSite\",\"@id\":\"https:\/\/www.sarabadrschmidt.com\/#website\",\"url\":\"https:\/\/www.sarabadrschmidt.com\/\",\"name\":\"Sara Badr Schmidt\",\"description\":\"\",\"publisher\":{\"@id\":\"https:\/\/www.sarabadrschmidt.com\/#\/schema\/person\/6aac59e946ed87a065ccaa38260c57ca\"},\"potentialAction\":[{\"@type\":\"SearchAction\",\"target\":{\"@type\":\"EntryPoint\",\"urlTemplate\":\"https:\/\/www.sarabadrschmidt.com\/?s={search_term_string}\"},\"query-input\":{\"@type\":\"PropertyValueSpecification\",\"valueRequired\":true,\"valueName\":\"search_term_string\"}}],\"inLanguage\":\"fr-FR\"},{\"@type\":[\"Person\",\"Organization\"],\"@id\":\"https:\/\/www.sarabadrschmidt.com\/#\/schema\/person\/6aac59e946ed87a065ccaa38260c57ca\",\"name\":\"sara\",\"image\":{\"@type\":\"ImageObject\",\"inLanguage\":\"fr-FR\",\"@id\":\"https:\/\/www.sarabadrschmidt.com\/#\/schema\/person\/image\/\",\"url\":\"https:\/\/www.sarabadrschmidt.com\/wp-content\/uploads\/2020\/10\/sarabadrschmidt_logo.png\",\"contentUrl\":\"https:\/\/www.sarabadrschmidt.com\/wp-content\/uploads\/2020\/10\/sarabadrschmidt_logo.png\",\"width\":426,\"height\":50,\"caption\":\"sara\"},\"logo\":{\"@id\":\"https:\/\/www.sarabadrschmidt.com\/#\/schema\/person\/image\/\"},\"sameAs\":[\"https:\/\/www.sarabadrschmidt.com\",\"https:\/\/www.instagram.com\/SaraBadrSchmidt\/\"]}]}<\/script>\n<!-- \/ Yoast SEO plugin. -->","yoast_head_json":{"title":"Presse - The Daily Star - I want - Sara Badr Schmidt","robots":{"index":"index","follow":"follow","max-snippet":"max-snippet:-1","max-image-preview":"max-image-preview:large","max-video-preview":"max-video-preview:-1"},"canonical":"https:\/\/www.sarabadrschmidt.com\/fr\/press-daily-star-i-want\/","og_locale":"fr_FR","og_type":"article","og_title":"Presse - The Daily Star - I want - Sara Badr Schmidt","og_description":"[vc_row][vc_column width=\u00a0\u00bb1\/2&Prime;][vc_column_text css_animation=\u00a0\u00bbleft-to-right\u00a0\u00bb] Trouver \u00ab\u00a0What I Want\u00a0\u00bb : \u00e0 la recherche de la libert\u00e9. Beyrouth, 14 Mai 2003 par Ramsay Short L&rsquo;exposition de Sara Badr invite le spectateur \u00e0 r\u00e9veiller l&rsquo;enfant qui sommeille en lui. Sara Badr se tient de&hellip;","og_url":"https:\/\/www.sarabadrschmidt.com\/fr\/press-daily-star-i-want\/","og_site_name":"Sara Badr Schmidt","article_modified_time":"2021-03-31T08:50:38+00:00","twitter_card":"summary_large_image","twitter_misc":{"Dur\u00e9e de lecture estim\u00e9e":"4 minutes"},"schema":{"@context":"https:\/\/schema.org","@graph":[{"@type":"WebPage","@id":"https:\/\/www.sarabadrschmidt.com\/fr\/press-daily-star-i-want\/","url":"https:\/\/www.sarabadrschmidt.com\/fr\/press-daily-star-i-want\/","name":"Presse - The Daily Star - I want - Sara Badr Schmidt","isPartOf":{"@id":"https:\/\/www.sarabadrschmidt.com\/#website"},"datePublished":"2021-03-02T10:41:16+00:00","dateModified":"2021-03-31T08:50:38+00:00","breadcrumb":{"@id":"https:\/\/www.sarabadrschmidt.com\/fr\/press-daily-star-i-want\/#breadcrumb"},"inLanguage":"fr-FR","potentialAction":[{"@type":"ReadAction","target":["https:\/\/www.sarabadrschmidt.com\/fr\/press-daily-star-i-want\/"]}]},{"@type":"BreadcrumbList","@id":"https:\/\/www.sarabadrschmidt.com\/fr\/press-daily-star-i-want\/#breadcrumb","itemListElement":[{"@type":"ListItem","position":1,"name":"Accueil","item":"https:\/\/www.sarabadrschmidt.com\/fr\/"},{"@type":"ListItem","position":2,"name":"Presse &#8211; The Daily Star &#8211; I want"}]},{"@type":"WebSite","@id":"https:\/\/www.sarabadrschmidt.com\/#website","url":"https:\/\/www.sarabadrschmidt.com\/","name":"Sara Badr Schmidt","description":"","publisher":{"@id":"https:\/\/www.sarabadrschmidt.com\/#\/schema\/person\/6aac59e946ed87a065ccaa38260c57ca"},"potentialAction":[{"@type":"SearchAction","target":{"@type":"EntryPoint","urlTemplate":"https:\/\/www.sarabadrschmidt.com\/?s={search_term_string}"},"query-input":{"@type":"PropertyValueSpecification","valueRequired":true,"valueName":"search_term_string"}}],"inLanguage":"fr-FR"},{"@type":["Person","Organization"],"@id":"https:\/\/www.sarabadrschmidt.com\/#\/schema\/person\/6aac59e946ed87a065ccaa38260c57ca","name":"sara","image":{"@type":"ImageObject","inLanguage":"fr-FR","@id":"https:\/\/www.sarabadrschmidt.com\/#\/schema\/person\/image\/","url":"https:\/\/www.sarabadrschmidt.com\/wp-content\/uploads\/2020\/10\/sarabadrschmidt_logo.png","contentUrl":"https:\/\/www.sarabadrschmidt.com\/wp-content\/uploads\/2020\/10\/sarabadrschmidt_logo.png","width":426,"height":50,"caption":"sara"},"logo":{"@id":"https:\/\/www.sarabadrschmidt.com\/#\/schema\/person\/image\/"},"sameAs":["https:\/\/www.sarabadrschmidt.com","https:\/\/www.instagram.com\/SaraBadrSchmidt\/"]}]}},"_links":{"self":[{"href":"https:\/\/www.sarabadrschmidt.com\/fr\/wp-json\/wp\/v2\/pages\/2145","targetHints":{"allow":["GET"]}}],"collection":[{"href":"https:\/\/www.sarabadrschmidt.com\/fr\/wp-json\/wp\/v2\/pages"}],"about":[{"href":"https:\/\/www.sarabadrschmidt.com\/fr\/wp-json\/wp\/v2\/types\/page"}],"author":[{"embeddable":true,"href":"https:\/\/www.sarabadrschmidt.com\/fr\/wp-json\/wp\/v2\/users\/3"}],"replies":[{"embeddable":true,"href":"https:\/\/www.sarabadrschmidt.com\/fr\/wp-json\/wp\/v2\/comments?post=2145"}],"version-history":[{"count":0,"href":"https:\/\/www.sarabadrschmidt.com\/fr\/wp-json\/wp\/v2\/pages\/2145\/revisions"}],"wp:attachment":[{"href":"https:\/\/www.sarabadrschmidt.com\/fr\/wp-json\/wp\/v2\/media?parent=2145"}],"curies":[{"name":"wp","href":"https:\/\/api.w.org\/{rel}","templated":true}]}}