{"id":2021,"date":"2021-02-12T13:03:30","date_gmt":"2021-02-12T12:03:30","guid":{"rendered":"https:\/\/www.sarabadrschmidt.com\/?page_id=2021"},"modified":"2021-03-04T17:14:18","modified_gmt":"2021-03-04T16:14:18","slug":"point-de-vue","status":"publish","type":"page","link":"https:\/\/www.sarabadrschmidt.com\/fr\/point-de-vue\/","title":{"rendered":"Presse &#8211; Point de vue"},"content":{"rendered":"<div class=\"wpb-content-wrapper\"><p>[vc_row][vc_column width=\u00a0\u00bb1\/2&Prime;][vc_column_text css_animation=\u00a0\u00bbleft-to-right\u00a0\u00bb]<\/p>\n<h5>Paris, 9 Ao\u00fbt 2006<\/h5>\n<h4>Militer avec Mickey Mouse<\/h4>\n<p>Mickey, patrimoine de l&rsquo;humanit\u00e9 ? N\u00e9e en 1928, sous la plume de Walt Disney, la souris la plus c\u00e9l\u00e8bre de la plan\u00e8te a \u00e9t\u00e9 \u00e9lev\u00e9e au rang d&rsquo;ic\u00f4ne. Une source d&rsquo;inspiration pour les artistes qu&rsquo;expose Artcurial. Des am\u00e9ricains du pop art, de Roy Lichtenstein \u00e0 Andy Warhol jusqu&rsquo;\u00e0 Keith Haring, aux contemporains qui, eux, ont la dent plus dure, avec Peter Saul, Serge Kliaving et Robert Combas qui l&rsquo;utilisent pour d\u00e9noncer une soci\u00e9t\u00e9 am\u00e9ricaine, consommatrice, raciste et ultraviolente. Le jeune collectif InterDuck choisit au contraire l&rsquo;humour, en introduisant la bande \u00e0 Mickey dans les ouvres majeures de l&rsquo;histoire de l&rsquo;art. Clin d&rsquo;oil fran\u00e7ais, on retrouve notamment Donald Duck qui brandit l&rsquo;\u00e9tendard de la Libert\u00e9 guidant le peuple de Delacroix.<\/p>\n<p>N.S.<\/p>\n<h6>\u00ab Mickey dans tous ses \u00e9tats \u00bb jusqu&rsquo;au 17 septembre.<\/h6>\n<h6>Artcurial, 7, Rond-Point des Champs-Elys\u00e9es, 75008 Paris<\/h6>\n<h6>image : \u00ab Unframed \u00bb, huile sur toile de Sara Schmidt<\/h6>\n<p>[\/vc_column_text][\/vc_column][vc_column width=\u00a0\u00bb1\/2&Prime;][vc_gallery interval=\u00a0\u00bb3&Prime; images=\u00a0\u00bb2137&Prime; img_size=\u00a0\u00bb1920 x 1000&Prime;][\/vc_column][\/vc_row]<\/p>\n<\/div>","protected":false},"excerpt":{"rendered":"<p>[vc_row][vc_column width=\u00a0\u00bb1\/2&Prime;][vc_column_text css_animation=\u00a0\u00bbleft-to-right\u00a0\u00bb] Paris, 9 Ao\u00fbt 2006 Militer avec Mickey Mouse Mickey, patrimoine de l&rsquo;humanit\u00e9 ? N\u00e9e en 1928, sous la plume de Walt Disney, la souris la plus c\u00e9l\u00e8bre de la plan\u00e8te a \u00e9t\u00e9 \u00e9lev\u00e9e au rang d&rsquo;ic\u00f4ne. Une&hellip; <\/p>\n","protected":false},"author":3,"featured_media":0,"parent":0,"menu_order":0,"comment_status":"closed","ping_status":"closed","template":"","meta":{"footnotes":""},"class_list":["post-2021","page","type-page","status-publish","hentry"],"yoast_head":"<!-- This site is optimized with the Yoast SEO plugin v26.7 - https:\/\/yoast.com\/wordpress\/plugins\/seo\/ -->\n<title>Presse - Point de vue - Sara Badr Schmidt<\/title>\n<meta name=\"robots\" content=\"index, follow, max-snippet:-1, max-image-preview:large, max-video-preview:-1\" \/>\n<link rel=\"canonical\" href=\"https:\/\/www.sarabadrschmidt.com\/fr\/point-de-vue\/\" \/>\n<meta property=\"og:locale\" content=\"fr_FR\" \/>\n<meta property=\"og:type\" content=\"article\" \/>\n<meta property=\"og:title\" content=\"Presse - Point de vue - Sara Badr Schmidt\" \/>\n<meta property=\"og:description\" content=\"[vc_row][vc_column width=\u00a0\u00bb1\/2&Prime;][vc_column_text css_animation=\u00a0\u00bbleft-to-right\u00a0\u00bb] Paris, 9 Ao\u00fbt 2006 Militer avec Mickey Mouse Mickey, patrimoine de l&rsquo;humanit\u00e9 ? N\u00e9e en 1928, sous la plume de Walt Disney, la souris la plus c\u00e9l\u00e8bre de la plan\u00e8te a \u00e9t\u00e9 \u00e9lev\u00e9e au rang d&rsquo;ic\u00f4ne. Une&hellip;\" \/>\n<meta property=\"og:url\" content=\"https:\/\/www.sarabadrschmidt.com\/fr\/point-de-vue\/\" \/>\n<meta property=\"og:site_name\" content=\"Sara Badr Schmidt\" \/>\n<meta property=\"article:modified_time\" content=\"2021-03-04T16:14:18+00:00\" \/>\n<meta name=\"twitter:card\" content=\"summary_large_image\" \/>\n<meta name=\"twitter:label1\" content=\"Dur\u00e9e de lecture estim\u00e9e\" \/>\n\t<meta name=\"twitter:data1\" content=\"1 minute\" \/>\n<script type=\"application\/ld+json\" class=\"yoast-schema-graph\">{\"@context\":\"https:\/\/schema.org\",\"@graph\":[{\"@type\":\"WebPage\",\"@id\":\"https:\/\/www.sarabadrschmidt.com\/fr\/point-de-vue\/\",\"url\":\"https:\/\/www.sarabadrschmidt.com\/fr\/point-de-vue\/\",\"name\":\"Presse - Point de vue - Sara Badr Schmidt\",\"isPartOf\":{\"@id\":\"https:\/\/www.sarabadrschmidt.com\/#website\"},\"datePublished\":\"2021-02-12T12:03:30+00:00\",\"dateModified\":\"2021-03-04T16:14:18+00:00\",\"breadcrumb\":{\"@id\":\"https:\/\/www.sarabadrschmidt.com\/fr\/point-de-vue\/#breadcrumb\"},\"inLanguage\":\"fr-FR\",\"potentialAction\":[{\"@type\":\"ReadAction\",\"target\":[\"https:\/\/www.sarabadrschmidt.com\/fr\/point-de-vue\/\"]}]},{\"@type\":\"BreadcrumbList\",\"@id\":\"https:\/\/www.sarabadrschmidt.com\/fr\/point-de-vue\/#breadcrumb\",\"itemListElement\":[{\"@type\":\"ListItem\",\"position\":1,\"name\":\"Accueil\",\"item\":\"https:\/\/www.sarabadrschmidt.com\/fr\/\"},{\"@type\":\"ListItem\",\"position\":2,\"name\":\"Presse &#8211; Point de vue\"}]},{\"@type\":\"WebSite\",\"@id\":\"https:\/\/www.sarabadrschmidt.com\/#website\",\"url\":\"https:\/\/www.sarabadrschmidt.com\/\",\"name\":\"Sara Badr Schmidt\",\"description\":\"\",\"publisher\":{\"@id\":\"https:\/\/www.sarabadrschmidt.com\/#\/schema\/person\/6aac59e946ed87a065ccaa38260c57ca\"},\"potentialAction\":[{\"@type\":\"SearchAction\",\"target\":{\"@type\":\"EntryPoint\",\"urlTemplate\":\"https:\/\/www.sarabadrschmidt.com\/?s={search_term_string}\"},\"query-input\":{\"@type\":\"PropertyValueSpecification\",\"valueRequired\":true,\"valueName\":\"search_term_string\"}}],\"inLanguage\":\"fr-FR\"},{\"@type\":[\"Person\",\"Organization\"],\"@id\":\"https:\/\/www.sarabadrschmidt.com\/#\/schema\/person\/6aac59e946ed87a065ccaa38260c57ca\",\"name\":\"sara\",\"image\":{\"@type\":\"ImageObject\",\"inLanguage\":\"fr-FR\",\"@id\":\"https:\/\/www.sarabadrschmidt.com\/#\/schema\/person\/image\/\",\"url\":\"https:\/\/www.sarabadrschmidt.com\/wp-content\/uploads\/2020\/10\/sarabadrschmidt_logo.png\",\"contentUrl\":\"https:\/\/www.sarabadrschmidt.com\/wp-content\/uploads\/2020\/10\/sarabadrschmidt_logo.png\",\"width\":426,\"height\":50,\"caption\":\"sara\"},\"logo\":{\"@id\":\"https:\/\/www.sarabadrschmidt.com\/#\/schema\/person\/image\/\"},\"sameAs\":[\"https:\/\/www.sarabadrschmidt.com\",\"https:\/\/www.instagram.com\/SaraBadrSchmidt\/\"]}]}<\/script>\n<!-- \/ Yoast SEO plugin. -->","yoast_head_json":{"title":"Presse - Point de vue - Sara Badr Schmidt","robots":{"index":"index","follow":"follow","max-snippet":"max-snippet:-1","max-image-preview":"max-image-preview:large","max-video-preview":"max-video-preview:-1"},"canonical":"https:\/\/www.sarabadrschmidt.com\/fr\/point-de-vue\/","og_locale":"fr_FR","og_type":"article","og_title":"Presse - Point de vue - Sara Badr Schmidt","og_description":"[vc_row][vc_column width=\u00a0\u00bb1\/2&Prime;][vc_column_text css_animation=\u00a0\u00bbleft-to-right\u00a0\u00bb] Paris, 9 Ao\u00fbt 2006 Militer avec Mickey Mouse Mickey, patrimoine de l&rsquo;humanit\u00e9 ? N\u00e9e en 1928, sous la plume de Walt Disney, la souris la plus c\u00e9l\u00e8bre de la plan\u00e8te a \u00e9t\u00e9 \u00e9lev\u00e9e au rang d&rsquo;ic\u00f4ne. Une&hellip;","og_url":"https:\/\/www.sarabadrschmidt.com\/fr\/point-de-vue\/","og_site_name":"Sara Badr Schmidt","article_modified_time":"2021-03-04T16:14:18+00:00","twitter_card":"summary_large_image","twitter_misc":{"Dur\u00e9e de lecture estim\u00e9e":"1 minute"},"schema":{"@context":"https:\/\/schema.org","@graph":[{"@type":"WebPage","@id":"https:\/\/www.sarabadrschmidt.com\/fr\/point-de-vue\/","url":"https:\/\/www.sarabadrschmidt.com\/fr\/point-de-vue\/","name":"Presse - Point de vue - Sara Badr Schmidt","isPartOf":{"@id":"https:\/\/www.sarabadrschmidt.com\/#website"},"datePublished":"2021-02-12T12:03:30+00:00","dateModified":"2021-03-04T16:14:18+00:00","breadcrumb":{"@id":"https:\/\/www.sarabadrschmidt.com\/fr\/point-de-vue\/#breadcrumb"},"inLanguage":"fr-FR","potentialAction":[{"@type":"ReadAction","target":["https:\/\/www.sarabadrschmidt.com\/fr\/point-de-vue\/"]}]},{"@type":"BreadcrumbList","@id":"https:\/\/www.sarabadrschmidt.com\/fr\/point-de-vue\/#breadcrumb","itemListElement":[{"@type":"ListItem","position":1,"name":"Accueil","item":"https:\/\/www.sarabadrschmidt.com\/fr\/"},{"@type":"ListItem","position":2,"name":"Presse &#8211; Point de vue"}]},{"@type":"WebSite","@id":"https:\/\/www.sarabadrschmidt.com\/#website","url":"https:\/\/www.sarabadrschmidt.com\/","name":"Sara Badr Schmidt","description":"","publisher":{"@id":"https:\/\/www.sarabadrschmidt.com\/#\/schema\/person\/6aac59e946ed87a065ccaa38260c57ca"},"potentialAction":[{"@type":"SearchAction","target":{"@type":"EntryPoint","urlTemplate":"https:\/\/www.sarabadrschmidt.com\/?s={search_term_string}"},"query-input":{"@type":"PropertyValueSpecification","valueRequired":true,"valueName":"search_term_string"}}],"inLanguage":"fr-FR"},{"@type":["Person","Organization"],"@id":"https:\/\/www.sarabadrschmidt.com\/#\/schema\/person\/6aac59e946ed87a065ccaa38260c57ca","name":"sara","image":{"@type":"ImageObject","inLanguage":"fr-FR","@id":"https:\/\/www.sarabadrschmidt.com\/#\/schema\/person\/image\/","url":"https:\/\/www.sarabadrschmidt.com\/wp-content\/uploads\/2020\/10\/sarabadrschmidt_logo.png","contentUrl":"https:\/\/www.sarabadrschmidt.com\/wp-content\/uploads\/2020\/10\/sarabadrschmidt_logo.png","width":426,"height":50,"caption":"sara"},"logo":{"@id":"https:\/\/www.sarabadrschmidt.com\/#\/schema\/person\/image\/"},"sameAs":["https:\/\/www.sarabadrschmidt.com","https:\/\/www.instagram.com\/SaraBadrSchmidt\/"]}]}},"_links":{"self":[{"href":"https:\/\/www.sarabadrschmidt.com\/fr\/wp-json\/wp\/v2\/pages\/2021","targetHints":{"allow":["GET"]}}],"collection":[{"href":"https:\/\/www.sarabadrschmidt.com\/fr\/wp-json\/wp\/v2\/pages"}],"about":[{"href":"https:\/\/www.sarabadrschmidt.com\/fr\/wp-json\/wp\/v2\/types\/page"}],"author":[{"embeddable":true,"href":"https:\/\/www.sarabadrschmidt.com\/fr\/wp-json\/wp\/v2\/users\/3"}],"replies":[{"embeddable":true,"href":"https:\/\/www.sarabadrschmidt.com\/fr\/wp-json\/wp\/v2\/comments?post=2021"}],"version-history":[{"count":0,"href":"https:\/\/www.sarabadrschmidt.com\/fr\/wp-json\/wp\/v2\/pages\/2021\/revisions"}],"wp:attachment":[{"href":"https:\/\/www.sarabadrschmidt.com\/fr\/wp-json\/wp\/v2\/media?parent=2021"}],"curies":[{"name":"wp","href":"https:\/\/api.w.org\/{rel}","templated":true}]}}