{"id":2019,"date":"2021-02-12T17:41:22","date_gmt":"2021-02-12T16:41:22","guid":{"rendered":"https:\/\/www.sarabadrschmidt.com\/?page_id=2019"},"modified":"2022-04-15T14:33:44","modified_gmt":"2022-04-15T12:33:44","slug":"hebdo-magazine","status":"publish","type":"page","link":"https:\/\/www.sarabadrschmidt.com\/fr\/hebdo-magazine\/","title":{"rendered":"Presse &#8211; L&rsquo;Hebdo Magazine"},"content":{"rendered":"<div class=\"wpb-content-wrapper\"><p>[vc_row][vc_column width=\u00a0\u00bb1\/2&Prime;][vc_column_text css_animation=\u00a0\u00bbleft-to-right\u00a0\u00bb]<\/p>\n<h4>L&rsquo;artiste volontaire<\/h4>\n<h5>Beyrouth &#8211; 17 mai 2002<\/h5>\n<p>I want ou je veux\u2026 Artiste et galeriste dynamique et active, Sara Badr veut\u2026 Elle veut beaucoup de choses, comme nous tous d\u2019ailleurs. Son \u00e9v\u00e9nement artistique, compos\u00e9 de toiles et d\u2019un film, \u00e9tait pr\u00e9sent\u00e9 \u00e0 la bo\u00eete de nuit Strange Fruit jusqu\u2019au 16 mai. Un message direct et clair.<\/p>\n<p>\u201cI want white and black, I want to cry laugh cry laugh cry laugh, I want things that all of you want. \u201d L\u2019exposition de Sara Badr est faite de paradoxes. \u201cLa vie est faite de paradoxes et l\u2019\u00eatre humain est toujours en qu\u00eate d\u2019un \u00e9quilibre. Il veut souvent beaucoup de choses et exactement leur contraire.\u201d Une partie des toiles sont en blanc et noir et les autres sont r\u00e9alis\u00e9es \u00e0 partir des couleurs primaires : le jaune, le bleu et le rose.<\/p>\n<p>\u201cA travers cette exposition, je recherche la libert\u00e9 instinctive que tout un chacun a perdue avec l\u2019apprentissage de la vie et ses acquis. Peu \u00e0 peu, l\u2019\u00eatre humain perd sa libert\u00e9 et son individualit\u00e9 et rentre dans un moule qu\u2019il n\u2019avait pas n\u00e9cessairement choisi. C\u2019est sur la reconqu\u00eate de cette libert\u00e9 primitive que j\u2019essaie de travailler.\u201d Le th\u00e8me de la libert\u00e9 est pr\u00e9sent dans toutes ses toiles, le derviche tourneur danse en essayant de s\u2019\u00e9lever, une autre femme essaie de voler. Une id\u00e9e originale de Sara est de vendre les toiles au m\u00e8tre, \u201ctoiles de ma\u00eetre au m\u00e8tre\u201d.<\/p>\n<p>Sara Badr a r\u00e9alis\u00e9 d\u2019\u00e9normes toiles avec le principe de la s\u00e9rigraphie. L\u2019int\u00e9ress\u00e9 peut couper un bout et n\u2019emporter que cette partie de la toile. L\u2019exposition se d\u00e9roule dans une bo\u00eete de nuit, \u201cpour casser les id\u00e9es re\u00e7ues. Je veux que les toiles soient vues par des gens qui ne viennent pas seulement pour voir les tableaux. Le film et le titre de l\u2019exposition sont en anglais parce que je trouve que dans cette langue, le message est plus direct\u201d.<\/p>\n<p>C.T.[\/vc_column_text][\/vc_column][vc_column width=\u00a0\u00bb1\/2&Prime;][vc_single_image image=\u00a0\u00bb2123&Prime; img_size=\u00a0\u00bblarge\u00a0\u00bb][\/vc_column][\/vc_row]<\/p>\n<\/div>","protected":false},"excerpt":{"rendered":"<p>[vc_row][vc_column width=\u00a0\u00bb1\/2&Prime;][vc_column_text css_animation=\u00a0\u00bbleft-to-right\u00a0\u00bb] L&rsquo;artiste volontaire Beyrouth &#8211; 17 mai 2002 I want ou je veux\u2026 Artiste et galeriste dynamique et active, Sara Badr veut\u2026 Elle veut beaucoup de choses, comme nous tous d\u2019ailleurs. Son \u00e9v\u00e9nement artistique, compos\u00e9 de toiles et&hellip; <\/p>\n","protected":false},"author":3,"featured_media":0,"parent":0,"menu_order":0,"comment_status":"closed","ping_status":"closed","template":"","meta":{"footnotes":""},"class_list":["post-2019","page","type-page","status-publish","hentry"],"yoast_head":"<!-- This site is optimized with the Yoast SEO plugin v26.7 - https:\/\/yoast.com\/wordpress\/plugins\/seo\/ -->\n<title>Presse - L&#039;Hebdo Magazine - Sara Badr Schmidt<\/title>\n<meta name=\"robots\" content=\"index, follow, max-snippet:-1, max-image-preview:large, max-video-preview:-1\" \/>\n<link rel=\"canonical\" href=\"https:\/\/www.sarabadrschmidt.com\/fr\/hebdo-magazine\/\" \/>\n<meta property=\"og:locale\" content=\"fr_FR\" \/>\n<meta property=\"og:type\" content=\"article\" \/>\n<meta property=\"og:title\" content=\"Presse - L&#039;Hebdo Magazine - Sara Badr Schmidt\" \/>\n<meta property=\"og:description\" content=\"[vc_row][vc_column width=\u00a0\u00bb1\/2&Prime;][vc_column_text css_animation=\u00a0\u00bbleft-to-right\u00a0\u00bb] L&rsquo;artiste volontaire Beyrouth &#8211; 17 mai 2002 I want ou je veux\u2026 Artiste et galeriste dynamique et active, Sara Badr veut\u2026 Elle veut beaucoup de choses, comme nous tous d\u2019ailleurs. Son \u00e9v\u00e9nement artistique, compos\u00e9 de toiles et&hellip;\" \/>\n<meta property=\"og:url\" content=\"https:\/\/www.sarabadrschmidt.com\/fr\/hebdo-magazine\/\" \/>\n<meta property=\"og:site_name\" content=\"Sara Badr Schmidt\" \/>\n<meta property=\"article:modified_time\" content=\"2022-04-15T12:33:44+00:00\" \/>\n<meta name=\"twitter:card\" content=\"summary_large_image\" \/>\n<meta name=\"twitter:label1\" content=\"Dur\u00e9e de lecture estim\u00e9e\" \/>\n\t<meta name=\"twitter:data1\" content=\"2 minutes\" \/>\n<script type=\"application\/ld+json\" class=\"yoast-schema-graph\">{\"@context\":\"https:\/\/schema.org\",\"@graph\":[{\"@type\":\"WebPage\",\"@id\":\"https:\/\/www.sarabadrschmidt.com\/fr\/hebdo-magazine\/\",\"url\":\"https:\/\/www.sarabadrschmidt.com\/fr\/hebdo-magazine\/\",\"name\":\"Presse - L'Hebdo Magazine - Sara Badr Schmidt\",\"isPartOf\":{\"@id\":\"https:\/\/www.sarabadrschmidt.com\/#website\"},\"datePublished\":\"2021-02-12T16:41:22+00:00\",\"dateModified\":\"2022-04-15T12:33:44+00:00\",\"breadcrumb\":{\"@id\":\"https:\/\/www.sarabadrschmidt.com\/fr\/hebdo-magazine\/#breadcrumb\"},\"inLanguage\":\"fr-FR\",\"potentialAction\":[{\"@type\":\"ReadAction\",\"target\":[\"https:\/\/www.sarabadrschmidt.com\/fr\/hebdo-magazine\/\"]}]},{\"@type\":\"BreadcrumbList\",\"@id\":\"https:\/\/www.sarabadrschmidt.com\/fr\/hebdo-magazine\/#breadcrumb\",\"itemListElement\":[{\"@type\":\"ListItem\",\"position\":1,\"name\":\"Accueil\",\"item\":\"https:\/\/www.sarabadrschmidt.com\/fr\/\"},{\"@type\":\"ListItem\",\"position\":2,\"name\":\"Presse &#8211; L&#8217;Hebdo Magazine\"}]},{\"@type\":\"WebSite\",\"@id\":\"https:\/\/www.sarabadrschmidt.com\/#website\",\"url\":\"https:\/\/www.sarabadrschmidt.com\/\",\"name\":\"Sara Badr Schmidt\",\"description\":\"\",\"publisher\":{\"@id\":\"https:\/\/www.sarabadrschmidt.com\/#\/schema\/person\/6aac59e946ed87a065ccaa38260c57ca\"},\"potentialAction\":[{\"@type\":\"SearchAction\",\"target\":{\"@type\":\"EntryPoint\",\"urlTemplate\":\"https:\/\/www.sarabadrschmidt.com\/?s={search_term_string}\"},\"query-input\":{\"@type\":\"PropertyValueSpecification\",\"valueRequired\":true,\"valueName\":\"search_term_string\"}}],\"inLanguage\":\"fr-FR\"},{\"@type\":[\"Person\",\"Organization\"],\"@id\":\"https:\/\/www.sarabadrschmidt.com\/#\/schema\/person\/6aac59e946ed87a065ccaa38260c57ca\",\"name\":\"sara\",\"image\":{\"@type\":\"ImageObject\",\"inLanguage\":\"fr-FR\",\"@id\":\"https:\/\/www.sarabadrschmidt.com\/#\/schema\/person\/image\/\",\"url\":\"https:\/\/www.sarabadrschmidt.com\/wp-content\/uploads\/2020\/10\/sarabadrschmidt_logo.png\",\"contentUrl\":\"https:\/\/www.sarabadrschmidt.com\/wp-content\/uploads\/2020\/10\/sarabadrschmidt_logo.png\",\"width\":426,\"height\":50,\"caption\":\"sara\"},\"logo\":{\"@id\":\"https:\/\/www.sarabadrschmidt.com\/#\/schema\/person\/image\/\"},\"sameAs\":[\"https:\/\/www.sarabadrschmidt.com\",\"https:\/\/www.instagram.com\/SaraBadrSchmidt\/\"]}]}<\/script>\n<!-- \/ Yoast SEO plugin. -->","yoast_head_json":{"title":"Presse - L'Hebdo Magazine - Sara Badr Schmidt","robots":{"index":"index","follow":"follow","max-snippet":"max-snippet:-1","max-image-preview":"max-image-preview:large","max-video-preview":"max-video-preview:-1"},"canonical":"https:\/\/www.sarabadrschmidt.com\/fr\/hebdo-magazine\/","og_locale":"fr_FR","og_type":"article","og_title":"Presse - L'Hebdo Magazine - Sara Badr Schmidt","og_description":"[vc_row][vc_column width=\u00a0\u00bb1\/2&Prime;][vc_column_text css_animation=\u00a0\u00bbleft-to-right\u00a0\u00bb] L&rsquo;artiste volontaire Beyrouth &#8211; 17 mai 2002 I want ou je veux\u2026 Artiste et galeriste dynamique et active, Sara Badr veut\u2026 Elle veut beaucoup de choses, comme nous tous d\u2019ailleurs. Son \u00e9v\u00e9nement artistique, compos\u00e9 de toiles et&hellip;","og_url":"https:\/\/www.sarabadrschmidt.com\/fr\/hebdo-magazine\/","og_site_name":"Sara Badr Schmidt","article_modified_time":"2022-04-15T12:33:44+00:00","twitter_card":"summary_large_image","twitter_misc":{"Dur\u00e9e de lecture estim\u00e9e":"2 minutes"},"schema":{"@context":"https:\/\/schema.org","@graph":[{"@type":"WebPage","@id":"https:\/\/www.sarabadrschmidt.com\/fr\/hebdo-magazine\/","url":"https:\/\/www.sarabadrschmidt.com\/fr\/hebdo-magazine\/","name":"Presse - L'Hebdo Magazine - Sara Badr Schmidt","isPartOf":{"@id":"https:\/\/www.sarabadrschmidt.com\/#website"},"datePublished":"2021-02-12T16:41:22+00:00","dateModified":"2022-04-15T12:33:44+00:00","breadcrumb":{"@id":"https:\/\/www.sarabadrschmidt.com\/fr\/hebdo-magazine\/#breadcrumb"},"inLanguage":"fr-FR","potentialAction":[{"@type":"ReadAction","target":["https:\/\/www.sarabadrschmidt.com\/fr\/hebdo-magazine\/"]}]},{"@type":"BreadcrumbList","@id":"https:\/\/www.sarabadrschmidt.com\/fr\/hebdo-magazine\/#breadcrumb","itemListElement":[{"@type":"ListItem","position":1,"name":"Accueil","item":"https:\/\/www.sarabadrschmidt.com\/fr\/"},{"@type":"ListItem","position":2,"name":"Presse &#8211; L&#8217;Hebdo Magazine"}]},{"@type":"WebSite","@id":"https:\/\/www.sarabadrschmidt.com\/#website","url":"https:\/\/www.sarabadrschmidt.com\/","name":"Sara Badr Schmidt","description":"","publisher":{"@id":"https:\/\/www.sarabadrschmidt.com\/#\/schema\/person\/6aac59e946ed87a065ccaa38260c57ca"},"potentialAction":[{"@type":"SearchAction","target":{"@type":"EntryPoint","urlTemplate":"https:\/\/www.sarabadrschmidt.com\/?s={search_term_string}"},"query-input":{"@type":"PropertyValueSpecification","valueRequired":true,"valueName":"search_term_string"}}],"inLanguage":"fr-FR"},{"@type":["Person","Organization"],"@id":"https:\/\/www.sarabadrschmidt.com\/#\/schema\/person\/6aac59e946ed87a065ccaa38260c57ca","name":"sara","image":{"@type":"ImageObject","inLanguage":"fr-FR","@id":"https:\/\/www.sarabadrschmidt.com\/#\/schema\/person\/image\/","url":"https:\/\/www.sarabadrschmidt.com\/wp-content\/uploads\/2020\/10\/sarabadrschmidt_logo.png","contentUrl":"https:\/\/www.sarabadrschmidt.com\/wp-content\/uploads\/2020\/10\/sarabadrschmidt_logo.png","width":426,"height":50,"caption":"sara"},"logo":{"@id":"https:\/\/www.sarabadrschmidt.com\/#\/schema\/person\/image\/"},"sameAs":["https:\/\/www.sarabadrschmidt.com","https:\/\/www.instagram.com\/SaraBadrSchmidt\/"]}]}},"_links":{"self":[{"href":"https:\/\/www.sarabadrschmidt.com\/fr\/wp-json\/wp\/v2\/pages\/2019","targetHints":{"allow":["GET"]}}],"collection":[{"href":"https:\/\/www.sarabadrschmidt.com\/fr\/wp-json\/wp\/v2\/pages"}],"about":[{"href":"https:\/\/www.sarabadrschmidt.com\/fr\/wp-json\/wp\/v2\/types\/page"}],"author":[{"embeddable":true,"href":"https:\/\/www.sarabadrschmidt.com\/fr\/wp-json\/wp\/v2\/users\/3"}],"replies":[{"embeddable":true,"href":"https:\/\/www.sarabadrschmidt.com\/fr\/wp-json\/wp\/v2\/comments?post=2019"}],"version-history":[{"count":0,"href":"https:\/\/www.sarabadrschmidt.com\/fr\/wp-json\/wp\/v2\/pages\/2019\/revisions"}],"wp:attachment":[{"href":"https:\/\/www.sarabadrschmidt.com\/fr\/wp-json\/wp\/v2\/media?parent=2019"}],"curies":[{"name":"wp","href":"https:\/\/api.w.org\/{rel}","templated":true}]}}