{"id":1597,"date":"2021-01-18T13:00:33","date_gmt":"2021-01-18T12:00:33","guid":{"rendered":"https:\/\/www.sarabadrschmidt.com\/?page_id=1597"},"modified":"2021-01-22T11:48:05","modified_gmt":"2021-01-22T10:48:05","slug":"lallegorie-engagee-par-pascal-bruckner-2","status":"publish","type":"page","link":"https:\/\/www.sarabadrschmidt.com\/fr\/lallegorie-engagee-par-pascal-bruckner-2\/","title":{"rendered":"L&rsquo;all\u00e9gorie engag\u00e9e"},"content":{"rendered":"<div class=\"wpb-content-wrapper\"><p>[vc_row][vc_column width=\u00a0\u00bb2\/3&Prime;][vc_column_text css_animation=\u00a0\u00bbleft-to-right\u00a0\u00bb]Prenez deux univers totalement \u00e9trangers l\u2019un \u00e0 l\u2019autre, les contes d\u2019Andersen et les guerres qui ravagent le Moyen Orient et cherchez leurs connections possibles. A priori il n\u2019y en a aucune. Mais Sara Badr Schmidt est une artiste qui \u00e9tablit des connexions l\u00e0 ou le commun des mortels ne voit que des murs ou des fronti\u00e8res. Tr\u00e8s marqu\u00e9e par les guerres du Liban qui ont ravag\u00e9 son enfance, elle l\u2019est encore plus de voir le spectre du conflit rattraper l\u2019Europe et faire peser sur nos rues une menace terrifiante. C\u2019est l\u2019enfant en elle et la m\u00e8re de deux enfants qui a inspir\u00e9 cette installation. En choisissant La princesse au petit pois, elle fait coup double\u00a0: elle \u00e9voque une merveilleuse histoire et la d\u00e9tourne pour la mettre au service de nos angoisses actuelles. Car la petite fille juch\u00e9e sur une pile de matelas est allong\u00e9e sous un obus vert comme un petit pois qui repose sur le sommier du lit. Le matelas, symbole du r\u00e9fugi\u00e9 ou du sans abri &#8211; \u00e0 d\u00e9faut d\u2019avoir un toit, il faut avoir au moins de quoi s\u2019allonger &#8211; est une protection d\u00e9risoire contre les bombes qui viennent du ciel ou des canons. Rien ne montre mieux la vuln\u00e9rabilit\u00e9 de l\u2019enfant que ce mannequin pos\u00e9 en hauteur et que menace un engin de mort en suspension.<\/p>\n<p>Mais quand la maison, l\u2019habitat ne prot\u00e8gent plus de la folie des hommes, il reste l\u2019\u00e9vasion par le regard tourn\u00e9 vers le ciel. Ces caissons lumineux\u00a0 au nombre de cinq sont des photos de Beyrouth prises au m\u00eame moment dans cinq quartiers diff\u00e9rents de la ville. Les hommes s\u2019entretuent alors qu\u2019ils partagent la m\u00eame plan\u00e8te, la m\u00eame nature, le m\u00eame climat. Quand les tueries se d\u00e9clenchent et d\u00e9g\u00e9n\u00e8rent en guerre civile, il faut commencer par rappeler l\u2019essentiel\u00a0: ce que les hommes partagent en commun, c\u2019est leur appartenance au vivant, aux \u00e9l\u00e9ments. Et le merveilleux tapis qui supporte les matelas, \u00e9l\u00e9ment essentiel de la maison libanaise, refl\u00e8te le ciel, les nuages, le cosmos comme une image invers\u00e9e. L\u00e0, le bleu est l\u2019image apaisante de la concorde quand le\u00a0 vert du boulet incarne la folie, la haine et le meurtre. La guerre arrive toujours dans ce ciel bleu par un petit nuage, d\u2019abord inoffensif et invisible et qui s\u2019assombrit puis crache bient\u00f4t sa mitraille. Les ferments de division, semble nous rappeler Sara, sont d\u2019abord minoritaires puis s\u00e8ment les germes de l\u2019hostilit\u00e9 dans l\u2019ensemble des soci\u00e9t\u00e9s. Ce pourquoi le substantif \u00ab\u00a0ensemble\u00a0\u00bb est devenu l\u2019un des mots les plus compliqu\u00e9s \u00e0 comprendre dans toutes les langues.<\/p>\n<p>Il se d\u00e9gage de cette installation un sentiment\u00a0 de paix profonde et presque de s\u00e9r\u00e9nit\u00e9. Les matelas, les tapis invitent au repos surtout quand il s\u2019agit d\u2019une petite fille immerg\u00e9e dans un de ces sommeils inalt\u00e9rables dont les enfants ont le secret. Mais le repos ni la m\u00e9ditation ne sont possibles quand la guerre menace. Sous nos paupi\u00e8res ferm\u00e9es r\u00f4de le spectre des meurtres de masse, de la folie du fanatisme, des conversions forc\u00e9es, des communaut\u00e9s hostiles pr\u00eates \u00e0 massacrer leurs voisins pour apaiser leur rage. Sara Badr Schmidt a fait ici un choix esth\u00e9tique paradoxal\u00a0: repr\u00e9senter la violence par la douceur, le rouge du sang par le bleu du ciel, la pluie des obus par le vol des oiseaux. Elle ne rivalise pas comme tant d\u2019artistes dans l\u2019\u00e9talage des cadavres, l\u2019exposition des ruines, la photographie des mutil\u00e9s, des bless\u00e9s. Elle \u00e9vite tout expressionnisme sanglant et reste dans un symbolisme de la sobri\u00e9t\u00e9. Elle recr\u00e9e la guerre par l\u2019image d\u2019un bonheur possible. C\u2019est ce parti pris qui fait la force de son travail\u00a0: l\u2019\u0153il est d\u2019abord d\u00e9sarm\u00e9. Croyant entrer dans un univers familier il d\u00e9couvre peu \u00e0 peu les r\u00e9alit\u00e9s cach\u00e9es par ce d\u00e9cor et comprend que les deux peuvent cohabiter en toute qui\u00e9tude. Un peu comme ces villages situ\u00e9s \u00e0 quelques centaines de m\u00e8tres de la ligne de front et ou la vie se poursuit, immuable alors que les combattants s\u2019\u00e9gorgent non loin. Mais cette douceur n\u2019en est que plus inqui\u00e9tante. Elle ne calme pas, elle montre la contamination des deux mondes par le m\u00eame virus de l\u2019aversion et des tueries. Nous devenons tous ainsi, par la magie\u00a0 de cette repr\u00e9sentation, des princesses au petit pois, impuissants et vuln\u00e9rables face au crime qui avance. Et quelle que soit la hauteur des matelas que nous empilons pour nous prot\u00e9ger, la mort s\u2019insinue, atroce, pr\u00eate \u00e0 frapper ses proies, insatiable et gourmande.<\/p>\n<h5><strong>Pascal Bruckner, philosophe et \u00e9crivain, Juin 2017<\/strong><\/h5>\n<p>[\/vc_column_text][\/vc_column][vc_column width=\u00a0\u00bb1\/3&Prime;][\/vc_column][\/vc_row]<\/p>\n<\/div>","protected":false},"excerpt":{"rendered":"<p>[vc_row][vc_column width=\u00a0\u00bb2\/3&Prime;][vc_column_text css_animation=\u00a0\u00bbleft-to-right\u00a0\u00bb]Prenez deux univers totalement \u00e9trangers l\u2019un \u00e0 l\u2019autre, les contes d\u2019Andersen et les guerres qui ravagent le Moyen Orient et cherchez leurs connections possibles. A priori il n\u2019y en a aucune. Mais Sara Badr Schmidt est une artiste&hellip; <\/p>\n","protected":false},"author":3,"featured_media":0,"parent":0,"menu_order":0,"comment_status":"closed","ping_status":"closed","template":"","meta":{"footnotes":""},"class_list":["post-1597","page","type-page","status-publish","hentry"],"yoast_head":"<!-- This site is optimized with the Yoast SEO plugin v26.7 - https:\/\/yoast.com\/wordpress\/plugins\/seo\/ -->\n<title>L&#039;all\u00e9gorie engag\u00e9e - Sara Badr Schmidt<\/title>\n<meta name=\"robots\" content=\"index, follow, max-snippet:-1, max-image-preview:large, max-video-preview:-1\" \/>\n<link rel=\"canonical\" href=\"https:\/\/www.sarabadrschmidt.com\/fr\/lallegorie-engagee-par-pascal-bruckner-2\/\" \/>\n<meta property=\"og:locale\" content=\"fr_FR\" \/>\n<meta property=\"og:type\" content=\"article\" \/>\n<meta property=\"og:title\" content=\"L&#039;all\u00e9gorie engag\u00e9e - Sara Badr Schmidt\" \/>\n<meta property=\"og:description\" content=\"[vc_row][vc_column width=\u00a0\u00bb2\/3&Prime;][vc_column_text css_animation=\u00a0\u00bbleft-to-right\u00a0\u00bb]Prenez deux univers totalement \u00e9trangers l\u2019un \u00e0 l\u2019autre, les contes d\u2019Andersen et les guerres qui ravagent le Moyen Orient et cherchez leurs connections possibles. A priori il n\u2019y en a aucune. Mais Sara Badr Schmidt est une artiste&hellip;\" \/>\n<meta property=\"og:url\" content=\"https:\/\/www.sarabadrschmidt.com\/fr\/lallegorie-engagee-par-pascal-bruckner-2\/\" \/>\n<meta property=\"og:site_name\" content=\"Sara Badr Schmidt\" \/>\n<meta property=\"article:modified_time\" content=\"2021-01-22T10:48:05+00:00\" \/>\n<meta name=\"twitter:card\" content=\"summary_large_image\" \/>\n<meta name=\"twitter:label1\" content=\"Dur\u00e9e de lecture estim\u00e9e\" \/>\n\t<meta name=\"twitter:data1\" content=\"4 minutes\" \/>\n<script type=\"application\/ld+json\" class=\"yoast-schema-graph\">{\"@context\":\"https:\/\/schema.org\",\"@graph\":[{\"@type\":\"WebPage\",\"@id\":\"https:\/\/www.sarabadrschmidt.com\/fr\/lallegorie-engagee-par-pascal-bruckner-2\/\",\"url\":\"https:\/\/www.sarabadrschmidt.com\/fr\/lallegorie-engagee-par-pascal-bruckner-2\/\",\"name\":\"L'all\u00e9gorie engag\u00e9e - Sara Badr Schmidt\",\"isPartOf\":{\"@id\":\"https:\/\/www.sarabadrschmidt.com\/#website\"},\"datePublished\":\"2021-01-18T12:00:33+00:00\",\"dateModified\":\"2021-01-22T10:48:05+00:00\",\"breadcrumb\":{\"@id\":\"https:\/\/www.sarabadrschmidt.com\/fr\/lallegorie-engagee-par-pascal-bruckner-2\/#breadcrumb\"},\"inLanguage\":\"fr-FR\",\"potentialAction\":[{\"@type\":\"ReadAction\",\"target\":[\"https:\/\/www.sarabadrschmidt.com\/fr\/lallegorie-engagee-par-pascal-bruckner-2\/\"]}]},{\"@type\":\"BreadcrumbList\",\"@id\":\"https:\/\/www.sarabadrschmidt.com\/fr\/lallegorie-engagee-par-pascal-bruckner-2\/#breadcrumb\",\"itemListElement\":[{\"@type\":\"ListItem\",\"position\":1,\"name\":\"Accueil\",\"item\":\"https:\/\/www.sarabadrschmidt.com\/fr\/\"},{\"@type\":\"ListItem\",\"position\":2,\"name\":\"L&rsquo;all\u00e9gorie engag\u00e9e\"}]},{\"@type\":\"WebSite\",\"@id\":\"https:\/\/www.sarabadrschmidt.com\/#website\",\"url\":\"https:\/\/www.sarabadrschmidt.com\/\",\"name\":\"Sara Badr Schmidt\",\"description\":\"\",\"publisher\":{\"@id\":\"https:\/\/www.sarabadrschmidt.com\/#\/schema\/person\/6aac59e946ed87a065ccaa38260c57ca\"},\"potentialAction\":[{\"@type\":\"SearchAction\",\"target\":{\"@type\":\"EntryPoint\",\"urlTemplate\":\"https:\/\/www.sarabadrschmidt.com\/?s={search_term_string}\"},\"query-input\":{\"@type\":\"PropertyValueSpecification\",\"valueRequired\":true,\"valueName\":\"search_term_string\"}}],\"inLanguage\":\"fr-FR\"},{\"@type\":[\"Person\",\"Organization\"],\"@id\":\"https:\/\/www.sarabadrschmidt.com\/#\/schema\/person\/6aac59e946ed87a065ccaa38260c57ca\",\"name\":\"sara\",\"image\":{\"@type\":\"ImageObject\",\"inLanguage\":\"fr-FR\",\"@id\":\"https:\/\/www.sarabadrschmidt.com\/#\/schema\/person\/image\/\",\"url\":\"https:\/\/www.sarabadrschmidt.com\/wp-content\/uploads\/2020\/10\/sarabadrschmidt_logo.png\",\"contentUrl\":\"https:\/\/www.sarabadrschmidt.com\/wp-content\/uploads\/2020\/10\/sarabadrschmidt_logo.png\",\"width\":426,\"height\":50,\"caption\":\"sara\"},\"logo\":{\"@id\":\"https:\/\/www.sarabadrschmidt.com\/#\/schema\/person\/image\/\"},\"sameAs\":[\"https:\/\/www.sarabadrschmidt.com\",\"https:\/\/www.instagram.com\/SaraBadrSchmidt\/\"]}]}<\/script>\n<!-- \/ Yoast SEO plugin. -->","yoast_head_json":{"title":"L'all\u00e9gorie engag\u00e9e - Sara Badr Schmidt","robots":{"index":"index","follow":"follow","max-snippet":"max-snippet:-1","max-image-preview":"max-image-preview:large","max-video-preview":"max-video-preview:-1"},"canonical":"https:\/\/www.sarabadrschmidt.com\/fr\/lallegorie-engagee-par-pascal-bruckner-2\/","og_locale":"fr_FR","og_type":"article","og_title":"L'all\u00e9gorie engag\u00e9e - Sara Badr Schmidt","og_description":"[vc_row][vc_column width=\u00a0\u00bb2\/3&Prime;][vc_column_text css_animation=\u00a0\u00bbleft-to-right\u00a0\u00bb]Prenez deux univers totalement \u00e9trangers l\u2019un \u00e0 l\u2019autre, les contes d\u2019Andersen et les guerres qui ravagent le Moyen Orient et cherchez leurs connections possibles. A priori il n\u2019y en a aucune. Mais Sara Badr Schmidt est une artiste&hellip;","og_url":"https:\/\/www.sarabadrschmidt.com\/fr\/lallegorie-engagee-par-pascal-bruckner-2\/","og_site_name":"Sara Badr Schmidt","article_modified_time":"2021-01-22T10:48:05+00:00","twitter_card":"summary_large_image","twitter_misc":{"Dur\u00e9e de lecture estim\u00e9e":"4 minutes"},"schema":{"@context":"https:\/\/schema.org","@graph":[{"@type":"WebPage","@id":"https:\/\/www.sarabadrschmidt.com\/fr\/lallegorie-engagee-par-pascal-bruckner-2\/","url":"https:\/\/www.sarabadrschmidt.com\/fr\/lallegorie-engagee-par-pascal-bruckner-2\/","name":"L'all\u00e9gorie engag\u00e9e - Sara Badr Schmidt","isPartOf":{"@id":"https:\/\/www.sarabadrschmidt.com\/#website"},"datePublished":"2021-01-18T12:00:33+00:00","dateModified":"2021-01-22T10:48:05+00:00","breadcrumb":{"@id":"https:\/\/www.sarabadrschmidt.com\/fr\/lallegorie-engagee-par-pascal-bruckner-2\/#breadcrumb"},"inLanguage":"fr-FR","potentialAction":[{"@type":"ReadAction","target":["https:\/\/www.sarabadrschmidt.com\/fr\/lallegorie-engagee-par-pascal-bruckner-2\/"]}]},{"@type":"BreadcrumbList","@id":"https:\/\/www.sarabadrschmidt.com\/fr\/lallegorie-engagee-par-pascal-bruckner-2\/#breadcrumb","itemListElement":[{"@type":"ListItem","position":1,"name":"Accueil","item":"https:\/\/www.sarabadrschmidt.com\/fr\/"},{"@type":"ListItem","position":2,"name":"L&rsquo;all\u00e9gorie engag\u00e9e"}]},{"@type":"WebSite","@id":"https:\/\/www.sarabadrschmidt.com\/#website","url":"https:\/\/www.sarabadrschmidt.com\/","name":"Sara Badr Schmidt","description":"","publisher":{"@id":"https:\/\/www.sarabadrschmidt.com\/#\/schema\/person\/6aac59e946ed87a065ccaa38260c57ca"},"potentialAction":[{"@type":"SearchAction","target":{"@type":"EntryPoint","urlTemplate":"https:\/\/www.sarabadrschmidt.com\/?s={search_term_string}"},"query-input":{"@type":"PropertyValueSpecification","valueRequired":true,"valueName":"search_term_string"}}],"inLanguage":"fr-FR"},{"@type":["Person","Organization"],"@id":"https:\/\/www.sarabadrschmidt.com\/#\/schema\/person\/6aac59e946ed87a065ccaa38260c57ca","name":"sara","image":{"@type":"ImageObject","inLanguage":"fr-FR","@id":"https:\/\/www.sarabadrschmidt.com\/#\/schema\/person\/image\/","url":"https:\/\/www.sarabadrschmidt.com\/wp-content\/uploads\/2020\/10\/sarabadrschmidt_logo.png","contentUrl":"https:\/\/www.sarabadrschmidt.com\/wp-content\/uploads\/2020\/10\/sarabadrschmidt_logo.png","width":426,"height":50,"caption":"sara"},"logo":{"@id":"https:\/\/www.sarabadrschmidt.com\/#\/schema\/person\/image\/"},"sameAs":["https:\/\/www.sarabadrschmidt.com","https:\/\/www.instagram.com\/SaraBadrSchmidt\/"]}]}},"_links":{"self":[{"href":"https:\/\/www.sarabadrschmidt.com\/fr\/wp-json\/wp\/v2\/pages\/1597","targetHints":{"allow":["GET"]}}],"collection":[{"href":"https:\/\/www.sarabadrschmidt.com\/fr\/wp-json\/wp\/v2\/pages"}],"about":[{"href":"https:\/\/www.sarabadrschmidt.com\/fr\/wp-json\/wp\/v2\/types\/page"}],"author":[{"embeddable":true,"href":"https:\/\/www.sarabadrschmidt.com\/fr\/wp-json\/wp\/v2\/users\/3"}],"replies":[{"embeddable":true,"href":"https:\/\/www.sarabadrschmidt.com\/fr\/wp-json\/wp\/v2\/comments?post=1597"}],"version-history":[{"count":0,"href":"https:\/\/www.sarabadrschmidt.com\/fr\/wp-json\/wp\/v2\/pages\/1597\/revisions"}],"wp:attachment":[{"href":"https:\/\/www.sarabadrschmidt.com\/fr\/wp-json\/wp\/v2\/media?parent=1597"}],"curies":[{"name":"wp","href":"https:\/\/api.w.org\/{rel}","templated":true}]}}