{"id":1305,"date":"2020-11-05T09:56:38","date_gmt":"2020-11-05T08:56:38","guid":{"rendered":"https:\/\/www.sarabadrschmidt.com\/?page_id=1305"},"modified":"2025-10-23T12:54:11","modified_gmt":"2025-10-23T10:54:11","slug":"multi-media-2","status":"publish","type":"page","link":"https:\/\/www.sarabadrschmidt.com\/fr\/multi-media-2\/","title":{"rendered":"Expositions"},"content":{"rendered":"<div class=\"wpb-content-wrapper\"><p>[vc_row notification=\u00a0\u00bb\u00a0\u00bb][vc_column][vc_column_text el_class=\u00a0\u00bbtext-grand\u00a0\u00bb]<\/p>\n<h5>Dans son travail, Sara Badr Schmidt m\u00e8le diff\u00e9rents\u00a0supports et\u00a0techniques, de la peinture \u00e0 la photographie, en passant par la vid\u00e9o, le textile et la s\u00e9rigraphie.<span class=\"Apple-converted-space\">\u00a0<\/span><\/h5>\n<h5>Images et textes, lumi\u00e8re et mati\u00e8re, son et toucher s\u2019imbriquent sous forme d\u2019installations. Elle m\u00e8ne une reflexion sur la cohabitation entre cultures, sur le probl\u00e8me non r\u00e9solu d\u2019appartenance territoriale, sur l\u2019identit\u00e9 politique et sociale des lieux, sur la possibilit\u00e9 ou le r\u00eave d\u2019un \u00e9quilibre et d\u2019une cohabitation entre peuples, ind\u00e9pendamment des fronti\u00e8res viol\u00e9es. Ainsi ses projets questionnent les limites des fronti\u00e8res mais aussi l\u2019enrichissement que constituent les diff\u00e9rentes cultures. Elle propose une autre lecture des fronti\u00e8res, g\u00e9ographiques et temporelles, entre les pays \u00e0 travers leurs ciels et leurs langues.<\/h5>\n<h5>Ses \u0153uvres soulignent la r\u00e9alit\u00e9 et l\u2019absurdit\u00e9 des fronti\u00e8res. Elles abordent \u00e9galement les limites du corps et de son environnement, questionnant ainsi la place de chaque individu. \u00c0 la fois po\u00e9tiques et politiques, les \u0153uvres de Sara Badr Schmidt tentent de retransmettre la relation bipolaire entre la beaut\u00e9 et la trag\u00e9die.<span class=\"Apple-converted-space\">\u00a0<\/span><\/h5>\n<p>[\/vc_column_text][\/vc_column][\/vc_row][vc_row][vc_column width=\u00a0\u00bb5\/12&Prime;][vc_column_text css_animation=\u00a0\u00bbleft-to-right\u00a0\u00bb css=\u00a0\u00bb\u00a0\u00bb]<\/p>\n<h4>Totem &#8211; Page Blanche \/ WeDesign, Beyrouth<\/h4>\n<p>[\/vc_column_text][vc_raw_html css=\u00a0\u00bb.vc_custom_1761216195524{border-top-width: 2px !important;border-right-width: 2px !important;border-bottom-width: 2px !important;border-left-width: 2px !important;border-left-style: solid !important;border-right-style: solid !important;border-top-style: solid !important;border-bottom-style: solid !important;border-color: #cccccc !important;}\u00a0\u00bb]JTNDYSUyMGNsYXNzJTNEJTIyZm9vJTIyJTIwaHJlZiUzRCUyMmh0dHBzJTNBJTJGJTJGd3d3LnNhcmFiYWRyc2NobWlkdC5jb20lMkZmciUyRnBhZ2UtYmxhbmNoZS10b3RlbS1iZXlyb3V0aCUyRiUyRiUyMiUzRSUwQSUzQ2ltZyUyMHNyYyUzRCUyMmh0dHBzJTNBJTJGJTJGd3d3LnNhcmFiYWRyc2NobWlkdC5jb20lMkZ3cC1jb250ZW50JTJGdXBsb2FkcyUyRnNhcmFiYWRyc2NobWlkdC1hcnQtZXhoaWJpdGlvbi10b3RlbS1wYWdlLWJsYW5jaGUtMi0xJTIyJTIwJTJGJTNFJTBBJTIwJTIwJTIwJTIwJTIwJTIwJTIwJTIwJTNDaW1nJTIwc3JjJTNEJTIyaHR0cHMlM0ElMkYlMkZ3d3cuc2FyYWJhZHJzY2htaWR0LmNvbSUyRndwLWNvbnRlbnQlMkZ1cGxvYWRzJTJGc2FyYWJhZHJzY2htaWR0LWFydC10b3RlbS1wYWdlLWJsYW5jaGUtNC5qcGclMjIlMjAlMkYlM0UlMEElMjAlMjAlMjAlMjAlM0MlMkZhJTNFJTBB[\/vc_raw_html][vc_empty_space][vc_column_text css_animation=\u00a0\u00bbleft-to-right\u00a0\u00bb css=\u00a0\u00bb\u00a0\u00bb]<\/p>\n<h4>We left home&#8230; but what is home \/ Fragmenta<\/h4>\n<p>[\/vc_column_text][vc_raw_html css=\u00a0\u00bb\u00a0\u00bb]JTNDYSUyMGNsYXNzJTNEJTIyZm9vJTIyJTIwaHJlZiUzRCUyMmh0dHBzJTNBJTJGJTJGd3d3LnNhcmFiYWRyc2NobWlkdC5jb20lMkZmciUyRndlLWxlZnQtaG9tZS1idXQtd2hhdC1pcy1ob21lLXBvbHlwaG9ueS1iZXlyb3V0aCUyRiUyMiUzRSUwQSUyMCUyMCUyMCUyMCUyMCUyMCUyMCUzQ2ltZyUyMHNyYyUzRCUyMmh0dHBzJTNBJTJGJTJGd3d3LnNhcmFiYWRyc2NobWlkdC5jb20lMkZ3cC1jb250ZW50JTJGdXBsb2FkcyUyRnNhcmFiYWRyc2NobWlkdC1hcnQtaG9tZS1mcmFnbWVudGEtOS5qcGclMjIlMjAlMkYlM0UlMEElMjAlMjAlMjAlMjAlMjAlMjAlMjAlMjAlM0NpbWclMjBzcmMlM0QlMjJodHRwcyUzQSUyRiUyRnd3dy5zYXJhYmFkcnNjaG1pZHQuY29tJTJGd3AtY29udGVudCUyRnVwbG9hZHMlMkZzYXJhYmFkcnNjaG1pZHQtYXJ0LWhvbWUtZnJhZ21lbnRhLTEwLmpwZyUyMiUyMCUyRiUzRSUwQSUyMCUyMCUyMCUyMCUzQyUyRmElM0U=[\/vc_raw_html][vc_empty_space][vc_column_text css_animation=\u00a0\u00bbleft-to-right\u00a0\u00bb css=\u00a0\u00bb\u00a0\u00bb]<\/p>\n<h4>We left home&#8230; but what is home \/ Galerie Saleh Barakat Agial<\/h4>\n<p>[\/vc_column_text][vc_raw_html css=\u00a0\u00bb\u00a0\u00bb]JTNDYSUyMGNsYXNzJTNEJTIyZm9vJTIyJTIwaHJlZiUzRCUyMmh0dHBzJTNBJTJGJTJGd3d3LnNhcmFiYWRyc2NobWlkdC5jb20lMkZmciUyRndlLWxlZnQtaG9tZS1idXQtd2hhdC1pcy1ob21lLXNhbGVoLWJhcmFrYXQtYWdpYWwtZ2FsbGVyeS1iZXlyb3V0aCUyRiUyMiUzRSUwQSUyMCUyMCUyMCUyMCUyMCUyMCUyMCUzQ2ltZyUyMHNyYyUzRCUyMmh0dHBzJTNBJTJGJTJGd3d3LnNhcmFiYWRyc2NobWlkdC5jb20lMkZ3cC1jb250ZW50JTJGdXBsb2FkcyUyRnNhcmFiYWRyc2NobWlkdC1hcnQtaG9tZS0xMC5qcGclMjIlMjAlMkYlM0UlMEElMjAlMjAlMjAlMjAlMjAlMjAlMjAlMjAlM0NpbWclMjBzcmMlM0QlMjJodHRwcyUzQSUyRiUyRnd3dy5zYXJhYmFkcnNjaG1pZHQuY29tJTJGd3AtY29udGVudCUyRnVwbG9hZHMlMkZzYXJhYmFkcnNjaG1pZHQtYXJ0LWhvbWUtNC5qcGclMjIlMjAlMkYlM0UlMEElMjAlMjAlMjAlMjAlM0MlMkZhJTNF[\/vc_raw_html][vc_empty_space][vc_column_text css_animation=\u00a0\u00bbleft-to-right\u00a0\u00bb]<\/p>\n<h4>Il \u00e9tait une fois un petit pois<\/h4>\n<p>[\/vc_column_text][vc_raw_html]JTNDYSUyMGNsYXNzJTNEJTIyZm9vJTIyJTIwaHJlZiUzRCUyMmh0dHBzJTNBJTJGJTJGd3d3LnNhcmFiYWRyc2NobWlkdC5jb20lMkZmciUyRnBldGl0cG9pcyUyRiUyMiUzRSUwQSUyMCUyMCUyMCUyMCUyMCUyMCUyMCUyMCUzQ2ltZyUyMHNyYyUzRCUyMmh0dHBzJTNBJTJGJTJGd3d3LnNhcmFiYWRyc2NobWlkdC5jb20lMkZ3cC1jb250ZW50JTJGdXBsb2FkcyUyRnNhcmFiYWRyc2NobWlkdC1hcnQtcGV0aXRwb2lzLTIuanBnJTIyJTIwJTJGJTNFJTBBJTIwJTIwJTIwJTIwJTIwJTIwJTIwJTIwJTNDaW1nJTIwc3JjJTNEJTIyaHR0cHMlM0ElMkYlMkZ3d3cuc2FyYWJhZHJzY2htaWR0LmNvbSUyRndwLWNvbnRlbnQlMkZ1cGxvYWRzJTJGc2FyYWJhZHJzY2htaWR0LWFydC1wZXRpdHBvaXMtMy5qcGclMjIlMjAlMkYlM0UlMEElMjAlMjAlMjAlMjAlM0MlMkZhJTNFJTBBJTBBJTBBJTBBJTBB[\/vc_raw_html][vc_empty_space][vc_column_text css_animation=\u00a0\u00bbleft-to-right\u00a0\u00bb]<\/p>\n<h4>Borderless &#8211; Milan<\/h4>\n<p>[\/vc_column_text][vc_raw_html]JTNDYSUyMGNsYXNzJTNEJTIyZm9vJTIyJTIwaHJlZiUzRCUyMmh0dHBzJTNBJTJGJTJGd3d3LnNhcmFiYWRyc2NobWlkdC5jb20lMkZmciUyRm1pbGFubyUyRiUyMiUzRSUwQSUyMCUyMCUyMCUyMCUyMCUyMCUyMCUyMCUzQ2ltZyUyMHNyYyUzRCUyMmh0dHBzJTNBJTJGJTJGd3d3LnNhcmFiYWRyc2NobWlkdC5jb20lMkZ3cC1jb250ZW50JTJGdXBsb2FkcyUyRjIwMjAlMkYxMSUyRnNhcmFiYWRyc2NobWlkdC1hcnQtYm9yZGVybGVzcy1taWxhbi01LmpwZyUyMiUyMCUyRiUzRSUwQSUyMCUyMCUyMCUyMCUyMCUyMCUyMCUyMCUzQ2ltZyUyMHNyYyUzRCUyMmh0dHBzJTNBJTJGJTJGd3d3LnNhcmFiYWRyc2NobWlkdC5jb20lMkZ3cC1jb250ZW50JTJGdXBsb2FkcyUyRnNhcmFiYWRyc2NobWlkdC1hcnQtYm9yZGVybGVzcy1taWxhbi02LmpwZyUyMiUyMCUyRiUzRSUwQSUyMCUyMCUyMCUyMCUzQyUyRmElM0UlMEE=[\/vc_raw_html][vc_empty_space][vc_column_text css_animation=\u00a0\u00bbleft-to-right\u00a0\u00bb]<\/p>\n<h4>L&rsquo;\u00e9chapp\u00e9e belle<\/h4>\n<p>[\/vc_column_text][vc_raw_html]JTNDYSUyMGNsYXNzJTNEJTIyZm9vJTIyJTIwaHJlZiUzRCUyMmh0dHBzJTNBJTJGJTJGd3d3LnNhcmFiYWRyc2NobWlkdC5jb20lMkZmciUyRmxlY2hhcHBlZS1iZWxsZSUyRiUyMiUzRSUwQSUzQ2ltZyUyMHNyYyUzRCUyMmh0dHBzJTNBJTJGJTJGd3d3LnNhcmFiYWRyc2NobWlkdC5jb20lMkZ3cC1jb250ZW50JTJGdXBsb2FkcyUyRnNhcmFiYWRyc2NobWlkdC1hcnQtcHJlc3NzdGFyLWVjaGFwcGVlLTMuanBnJTIyJTIwJTJGJTNFJTBBJTIwJTIwJTIwJTIwJTIwJTIwJTIwJTIwJTNDaW1nJTIwc3JjJTNEJTIyaHR0cHMlM0ElMkYlMkZ3d3cuc2FyYWJhZHJzY2htaWR0LmNvbSUyRndwLWNvbnRlbnQlMkZ1cGxvYWRzJTJGc2FyYWJhZHJzY2htaWR0LWFydC1wcmVzc3N0YXItZWNoYXBwZWUtMWJpcy1ob21lLmpwZyUyMiUyMCUyRiUzRSUwQSUyMCUyMCUyMCUyMCUzQyUyRmElM0U=[\/vc_raw_html][vc_empty_space][vc_column_text css_animation=\u00a0\u00bbleft-to-right\u00a0\u00bb]<\/p>\n<h4>Once upon a time<\/h4>\n<p>[\/vc_column_text][vc_raw_html]JTNDYSUyMGNsYXNzJTNEJTIyZm9vJTIyJTIwaHJlZiUzRCUyMmh0dHBzJTNBJTJGJTJGd3d3LnNhcmFiYWRyc2NobWlkdC5jb20lMkZmciUyRnBhcmNvdXJzLXNhaW50LWdlcm1haW4lMkYlMjIlM0UlMEElMjAlMjAlMjAlMjAlMjAlMjAlMjAlMjAlMjAlM0NpbWclMjBzcmMlM0QlMjJodHRwcyUzQSUyRiUyRnd3dy5zYXJhYmFkcnNjaG1pZHQuY29tJTJGd3AtY29udGVudCUyRnVwbG9hZHMlMkZzYXJhYmFkcnNjaG1pZHQuY29tLWFydC1wYXJjb3Vycy1zYWludC1nZXJtYWluLWJhcmNsYXlzMi5qcGcuanBnJTIyJTIwJTJGJTNFJTBBJTIwJTIwJTIwJTIwJTIwJTIwJTIwJTIwJTNDaW1nJTIwc3JjJTNEJTIyaHR0cHMlM0ElMkYlMkZ3d3cuc2FyYWJhZHJzY2htaWR0LmNvbSUyRndwLWNvbnRlbnQlMkZ1cGxvYWRzJTJGc2FyYWJhZHJzY2htaWR0LmNvbS1hcnQtcGFyY291cnMtc2FpbnQtZ2VybWFpbi1sb3ZlLTEuanBnJTIyJTIwJTJGJTNFJTBBJTIwJTIwJTIwJTIwJTNDJTJGYSUzRSUwQQ==[\/vc_raw_html][vc_empty_space][vc_column_text css_animation=\u00a0\u00bbleft-to-right\u00a0\u00bb]<\/p>\n<h4>Mickey dans tous ses \u00e9tats<\/h4>\n<p>[\/vc_column_text][vc_raw_html]JTNDYSUyMGNsYXNzJTNEJTIyZm9vJTIyJTIwaHJlZiUzRCUyMmh0dHBzJTNBJTJGJTJGd3d3LnNhcmFiYWRyc2NobWlkdC5jb20lMkZmciUyRnVuZnJhbWVkJTJGJTIyJTNFJTBBJTNDaW1nJTIwc3JjJTNEJTIyaHR0cHMlM0ElMkYlMkZ3d3cuc2FyYWJhZHJzY2htaWR0LmNvbSUyRndwLWNvbnRlbnQlMkZ1cGxvYWRzJTJGc2FyYWJhZHJzY2htaWR0LWFydC1taWNrZXktdW5mcmFtZWQtY2F0YWxvZ3VlMi5qcGclMjIlMjAlMkYlM0UlMEElMjAlMjAlMjAlMjAlMjAlMjAlMjAlMjAlM0NpbWclMjBzcmMlM0QlMjJodHRwcyUzQSUyRiUyRnd3dy5zYXJhYmFkcnNjaG1pZHQuY29tJTJGd3AtY29udGVudCUyRnVwbG9hZHMlMkZzYXJhYmFkcnNjaG1pZHQtYXJ0LW1pY2tleS11bmZyYW1lZC1kZXRhaWwuanBnJTIyJTIwJTJGJTNFJTBBJTIwJTIwJTIwJTIwJTNDJTJGYSUzRSUwQQ==[\/vc_raw_html][vc_empty_space][vc_empty_space][\/vc_column][vc_column width=\u00a0\u00bb2\/12&Prime;][\/vc_column][vc_column width=\u00a0\u00bb5\/12&Prime;][vc_column_text css_animation=\u00a0\u00bbleft-to-right\u00a0\u00bb]<\/p>\n<h4>Borderless &#8211; New York<\/h4>\n<p>[\/vc_column_text][vc_raw_html]JTNDYSUyMGNsYXNzJTNEJTIyZm9vJTIyJTIwaHJlZiUzRCUyMiUyMGh0dHBzJTNBJTJGJTJGd3d3LnNhcmFiYWRyc2NobWlkdC5jb20lMkZmciUyRm5ldy15b3JrJTJGJTIyJTNFJTBBJTNDaW1nJTIwc3JjJTNEJTIyaHR0cHMlM0ElMkYlMkZ3d3cuc2FyYWJhZHJzY2htaWR0LmNvbSUyRndwLWNvbnRlbnQlMkZ1cGxvYWRzJTJGc2FyYWJhZHJzY2htaWR0LWFydC1ib3JkZXJsZXNzLU5ZLTYuanBnJTIyJTIwJTJGJTNFJTBBJTIwJTIwJTIwJTIwJTIwJTIwJTIwJTIwJTNDaW1nJTIwc3JjJTNEJTIyaHR0cHMlM0ElMkYlMkZ3d3cuc2FyYWJhZHJzY2htaWR0LmNvbSUyRndwLWNvbnRlbnQlMkZ1cGxvYWRzJTJGMjAyMCUyRjExJTJGc2FyYWJhZHJzY2htaWR0LWFydC1ib3JkZXJsZXNzLU5ZLTUuanBnJTIyJTIwJTJGJTNFJTBBJTIwJTIwJTIwJTIwJTNDJTJGYSUzRSUwQQ==[\/vc_raw_html][vc_empty_space][vc_column_text css_animation=\u00a0\u00bbleft-to-right\u00a0\u00bb]<\/p>\n<h4>Oltre La Cena<\/h4>\n<p>[\/vc_column_text][vc_raw_html]JTNDYSUyMGNsYXNzJTNEJTIyZm9vJTIyJTIwaHJlZiUzRCUyMiUyMGh0dHBzJTNBJTJGJTJGd3d3LnNhcmFiYWRyc2NobWlkdC5jb20lMkZmciUyRm9sdHJlbGFjZW5hJTJGJTIyJTNFJTBBJTIwJTIwJTIwJTIwJTIwJTIwJTIwJTIwJTNDaW1nJTIwc3JjJTNEJTIyaHR0cHMlM0ElMkYlMkZ3d3cuc2FyYWJhZHJzY2htaWR0LmNvbSUyRndwLWNvbnRlbnQlMkZ1cGxvYWRzJTJGc2FyYWJhZHJzY2htaWR0LWFydC1pbHNvbGUtMS4uanBnJTIyJTIwJTJGJTNFJTBBJTIwJTIwJTIwJTIwJTIwJTIwJTIwJTIwJTNDaW1nJTIwc3JjJTNEJTIyaHR0cHMlM0ElMkYlMkZ3d3cuc2FyYWJhZHJzY2htaWR0LmNvbSUyRndwLWNvbnRlbnQlMkZ1cGxvYWRzJTJGc2FyYWJhZHJzY2htaWR0LWFydC1pbHNvbGUtMy5qcGclMjIlMjAlMkYlM0UlMEElMjAlMjAlMjAlMjAlM0MlMkZhJTNFJTBBJTBBJTBBJTBB[\/vc_raw_html][vc_empty_space][vc_column_text css_animation=\u00a0\u00bbleft-to-right\u00a0\u00bb]<\/p>\n<h4>Borderless &#8211; Beyrouth<\/h4>\n<p>[\/vc_column_text][vc_raw_html]JTNDYSUyMGNsYXNzJTNEJTIyZm9vJTIyJTIwaHJlZiUzRCUyMmh0dHBzJTNBJTJGJTJGd3d3LnNhcmFiYWRyc2NobWlkdC5jb20lMkZmciUyRmJvcmRlcmxlc3MtYmV5cm91dGglMkYlMjIlM0UlMEElM0NpbWclMjBzcmMlM0QlMjJodHRwcyUzQSUyRiUyRnd3dy5zYXJhYmFkcnNjaG1pZHQuY29tJTJGd3AtY29udGVudCUyRnVwbG9hZHMlMkZzYXJhYmFkcnNjaG1pZHQtYXJ0LWJvcmRlcmxlc3MtYmVpcnV0LTEuanBnJTIyJTIwJTJGJTNFJTBBJTNDaW1nJTIwc3JjJTNEJTIyaHR0cHMlM0ElMkYlMkZ3d3cuc2FyYWJhZHJzY2htaWR0LmNvbSUyRndwLWNvbnRlbnQlMkZ1cGxvYWRzJTJGMjAyMCUyRjExJTJGc2FyYWJhZHJzY2htaWR0LWFydC1ib3JkZXJsZXNzLWJlaXJ1dC0yLmpwZyUyMiUyMCUyRiUzRSUyMCUyMCUwQSUyMCUyMCUyMCUyMCUzQyUyRmElM0UlMEElMEE=[\/vc_raw_html][vc_empty_space][vc_column_text css_animation=\u00a0\u00bbleft-to-right\u00a0\u00bb]<\/p>\n<h4>Renaissance<\/h4>\n<p>[\/vc_column_text][vc_raw_html]JTNDYSUyMGNsYXNzJTNEJTIyZm9vJTIyJTIwaHJlZiUzRCUyMmh0dHBzJTNBJTJGJTJGd3d3LnNhcmFiYWRyc2NobWlkdC5jb20lMkZmciUyRnJlbmFpc3NhbmNlJTJGJTIyJTNFJTBBJTNDaW1nJTIwc3JjJTNEJTIyaHR0cHMlM0ElMkYlMkZ3d3cuc2FyYWJhZHJzY2htaWR0LmNvbSUyRndwLWNvbnRlbnQlMkZ1cGxvYWRzJTJGc2FyYWJhZHJzY2htaWR0LWFydC1yZW5haXNzYW5jZS1zcHJpbmctMy0xLmpwZyUyMiUyMCUyRiUzRSUwQSUyMCUyMCUyMCUyMCUyMCUyMCUyMCUyMCUzQ2ltZyUyMHNyYyUzRCUyMmh0dHBzJTNBJTJGJTJGd3d3LnNhcmFiYWRyc2NobWlkdC5jb20lMkZ3cC1jb250ZW50JTJGdXBsb2FkcyUyRnNhcmFiYWRyc2NobWlkdC1hcnQtcmVuYWlzc2FuY2UtY2hhaXJsZXNzLTItMS5qcGclMjIlMjAlMkYlM0UlMEElMjAlMjAlMjAlMjAlM0MlMkZhJTNFJTBB[\/vc_raw_html][vc_empty_space][vc_column_text css_animation=\u00a0\u00bbleft-to-right\u00a0\u00bb]<\/p>\n<h4>I want<\/h4>\n<p>[\/vc_column_text][vc_raw_html]JTNDYSUyMGNsYXNzJTNEJTIyZm9vJTIyJTIwaHJlZiUzRCUyMmh0dHBzJTNBJTJGJTJGd3d3LnNhcmFiYWRyc2NobWlkdC5jb20lMkZmciUyRmktd2FudCUyRiUyMiUzRSUwQSUyMCUyMCUyMCUyMCUyMCUyMCUyMCUyMCUzQ2ltZyUyMHNyYyUzRCUyMmh0dHBzJTNBJTJGJTJGd3d3LnNhcmFiYWRyc2NobWlkdC5jb20lMkZ3cC1jb250ZW50JTJGdXBsb2FkcyUyRnNhcmFiYWRyc2NobWlkdC1hcnQtaXdhbnQtZXhwby0yLmpwZyUyMiUyMCUyRiUzRSUwQSUyMCUyMCUyMCUyMCUyMCUyMCUyMCUyMCUzQ2ltZyUyMHNyYyUzRCUyMmh0dHBzJTNBJTJGJTJGd3d3LnNhcmFiYWRyc2NobWlkdC5jb20lMkZ3cC1jb250ZW50JTJGdXBsb2FkcyUyRnNhcmFiYWRyc2NobWlkdC1hcnQtSXdhbnQtMi5qcGclMjIlMjAlMkYlM0UlMEElMjAlMjAlMjAlMjAlM0MlMkZhJTNF[\/vc_raw_html][vc_empty_space][vc_column_text css_animation=\u00a0\u00bbleft-to-right\u00a0\u00bb]<\/p>\n<h4>Circuit invisible<\/h4>\n<p>[\/vc_column_text][vc_raw_html]JTNDYSUyMGNsYXNzJTNEJTIyZm9vJTIyJTIwaHJlZiUzRCUyMmh0dHBzJTNBJTJGJTJGd3d3LnNhcmFiYWRyc2NobWlkdC5jb20lMkZmciUyRmNpcmN1aXQtaW52aXNpYmxlJTJGJTIyJTNFJTBBJTNDaW1nJTIwc3JjJTNEJTIyaHR0cHMlM0ElMkYlMkZ3d3cuc2FyYWJhZHJzY2htaWR0LmNvbSUyRndwLWNvbnRlbnQlMkZ1cGxvYWRzJTJGMjAyMCUyRjExJTJGc2FyYWJhZHJzY2htaWR0LWFydC1jaXJjdWl0aW52aXNpYmxlLTMuanBnJTIyJTIwJTJGJTNFJTBBJTIwJTIwJTIwJTIwJTIwJTIwJTIwJTIwJTNDaW1nJTIwc3JjJTNEJTIyaHR0cHMlM0ElMkYlMkZ3d3cuc2FyYWJhZHJzY2htaWR0LmNvbSUyRndwLWNvbnRlbnQlMkZ1cGxvYWRzJTJGMjAyMCUyRjExJTJGc2FyYWJhZHJzY2htaWR0LWFydC1jaXJjdWl0aW52aXNpYmxlLTUuanBnJTIyJTIwJTJGJTNFJTBBJTIwJTIwJTIwJTIwJTNDJTJGYSUzRSUwQQ==[\/vc_raw_html][vc_empty_space][\/vc_column][\/vc_row]<\/p>\n<\/div>","protected":false},"excerpt":{"rendered":"<p>[vc_row notification=\u00a0\u00bb\u00a0\u00bb][vc_column][vc_column_text el_class=\u00a0\u00bbtext-grand\u00a0\u00bb] Dans son travail, Sara Badr Schmidt m\u00e8le diff\u00e9rents\u00a0supports et\u00a0techniques, de la peinture \u00e0 la photographie, en passant par la vid\u00e9o, le textile et la s\u00e9rigraphie.\u00a0 Images et textes, lumi\u00e8re et mati\u00e8re, son et toucher s\u2019imbriquent sous forme&hellip; <\/p>\n","protected":false},"author":3,"featured_media":0,"parent":0,"menu_order":0,"comment_status":"closed","ping_status":"closed","template":"","meta":{"footnotes":""},"class_list":["post-1305","page","type-page","status-publish","hentry"],"yoast_head":"<!-- This site is optimized with the Yoast SEO plugin v26.7 - https:\/\/yoast.com\/wordpress\/plugins\/seo\/ -->\n<title>Expositions - Sara Badr Schmidt<\/title>\n<meta name=\"robots\" content=\"index, follow, max-snippet:-1, max-image-preview:large, max-video-preview:-1\" \/>\n<link rel=\"canonical\" href=\"https:\/\/www.sarabadrschmidt.com\/multi-media-2\/\" \/>\n<meta property=\"og:locale\" content=\"fr_FR\" \/>\n<meta property=\"og:type\" content=\"article\" \/>\n<meta property=\"og:title\" content=\"Expositions - Sara Badr Schmidt\" \/>\n<meta property=\"og:description\" content=\"[vc_row notification=\u00a0\u00bb\u00a0\u00bb][vc_column][vc_column_text el_class=\u00a0\u00bbtext-grand\u00a0\u00bb] Dans son travail, Sara Badr Schmidt m\u00e8le diff\u00e9rents\u00a0supports et\u00a0techniques, de la peinture \u00e0 la photographie, en passant par la vid\u00e9o, le textile et la s\u00e9rigraphie.\u00a0 Images et textes, lumi\u00e8re et mati\u00e8re, son et toucher s\u2019imbriquent sous forme&hellip;\" \/>\n<meta property=\"og:url\" content=\"https:\/\/www.sarabadrschmidt.com\/multi-media-2\/\" \/>\n<meta property=\"og:site_name\" content=\"Sara Badr Schmidt\" \/>\n<meta property=\"article:modified_time\" content=\"2025-10-23T10:54:11+00:00\" \/>\n<meta name=\"twitter:card\" content=\"summary_large_image\" \/>\n<meta name=\"twitter:label1\" content=\"Dur\u00e9e de lecture estim\u00e9e\" \/>\n\t<meta name=\"twitter:data1\" content=\"2 minutes\" \/>\n<script type=\"application\/ld+json\" class=\"yoast-schema-graph\">{\"@context\":\"https:\/\/schema.org\",\"@graph\":[{\"@type\":\"WebPage\",\"@id\":\"https:\/\/www.sarabadrschmidt.com\/multi-media-2\/\",\"url\":\"https:\/\/www.sarabadrschmidt.com\/multi-media-2\/\",\"name\":\"Expositions - Sara Badr Schmidt\",\"isPartOf\":{\"@id\":\"https:\/\/www.sarabadrschmidt.com\/#website\"},\"datePublished\":\"2020-11-05T08:56:38+00:00\",\"dateModified\":\"2025-10-23T10:54:11+00:00\",\"breadcrumb\":{\"@id\":\"https:\/\/www.sarabadrschmidt.com\/multi-media-2\/#breadcrumb\"},\"inLanguage\":\"fr-FR\",\"potentialAction\":[{\"@type\":\"ReadAction\",\"target\":[\"https:\/\/www.sarabadrschmidt.com\/multi-media-2\/\"]}]},{\"@type\":\"BreadcrumbList\",\"@id\":\"https:\/\/www.sarabadrschmidt.com\/multi-media-2\/#breadcrumb\",\"itemListElement\":[{\"@type\":\"ListItem\",\"position\":1,\"name\":\"Accueil\",\"item\":\"https:\/\/www.sarabadrschmidt.com\/fr\/\"},{\"@type\":\"ListItem\",\"position\":2,\"name\":\"Expositions\"}]},{\"@type\":\"WebSite\",\"@id\":\"https:\/\/www.sarabadrschmidt.com\/#website\",\"url\":\"https:\/\/www.sarabadrschmidt.com\/\",\"name\":\"Sara Badr Schmidt\",\"description\":\"\",\"publisher\":{\"@id\":\"https:\/\/www.sarabadrschmidt.com\/#\/schema\/person\/6aac59e946ed87a065ccaa38260c57ca\"},\"potentialAction\":[{\"@type\":\"SearchAction\",\"target\":{\"@type\":\"EntryPoint\",\"urlTemplate\":\"https:\/\/www.sarabadrschmidt.com\/?s={search_term_string}\"},\"query-input\":{\"@type\":\"PropertyValueSpecification\",\"valueRequired\":true,\"valueName\":\"search_term_string\"}}],\"inLanguage\":\"fr-FR\"},{\"@type\":[\"Person\",\"Organization\"],\"@id\":\"https:\/\/www.sarabadrschmidt.com\/#\/schema\/person\/6aac59e946ed87a065ccaa38260c57ca\",\"name\":\"sara\",\"image\":{\"@type\":\"ImageObject\",\"inLanguage\":\"fr-FR\",\"@id\":\"https:\/\/www.sarabadrschmidt.com\/#\/schema\/person\/image\/\",\"url\":\"https:\/\/www.sarabadrschmidt.com\/wp-content\/uploads\/2020\/10\/sarabadrschmidt_logo.png\",\"contentUrl\":\"https:\/\/www.sarabadrschmidt.com\/wp-content\/uploads\/2020\/10\/sarabadrschmidt_logo.png\",\"width\":426,\"height\":50,\"caption\":\"sara\"},\"logo\":{\"@id\":\"https:\/\/www.sarabadrschmidt.com\/#\/schema\/person\/image\/\"},\"sameAs\":[\"https:\/\/www.sarabadrschmidt.com\",\"https:\/\/www.instagram.com\/SaraBadrSchmidt\/\"]}]}<\/script>\n<!-- \/ Yoast SEO plugin. -->","yoast_head_json":{"title":"Expositions - Sara Badr Schmidt","robots":{"index":"index","follow":"follow","max-snippet":"max-snippet:-1","max-image-preview":"max-image-preview:large","max-video-preview":"max-video-preview:-1"},"canonical":"https:\/\/www.sarabadrschmidt.com\/multi-media-2\/","og_locale":"fr_FR","og_type":"article","og_title":"Expositions - Sara Badr Schmidt","og_description":"[vc_row notification=\u00a0\u00bb\u00a0\u00bb][vc_column][vc_column_text el_class=\u00a0\u00bbtext-grand\u00a0\u00bb] Dans son travail, Sara Badr Schmidt m\u00e8le diff\u00e9rents\u00a0supports et\u00a0techniques, de la peinture \u00e0 la photographie, en passant par la vid\u00e9o, le textile et la s\u00e9rigraphie.\u00a0 Images et textes, lumi\u00e8re et mati\u00e8re, son et toucher s\u2019imbriquent sous forme&hellip;","og_url":"https:\/\/www.sarabadrschmidt.com\/multi-media-2\/","og_site_name":"Sara Badr Schmidt","article_modified_time":"2025-10-23T10:54:11+00:00","twitter_card":"summary_large_image","twitter_misc":{"Dur\u00e9e de lecture estim\u00e9e":"2 minutes"},"schema":{"@context":"https:\/\/schema.org","@graph":[{"@type":"WebPage","@id":"https:\/\/www.sarabadrschmidt.com\/multi-media-2\/","url":"https:\/\/www.sarabadrschmidt.com\/multi-media-2\/","name":"Expositions - Sara Badr Schmidt","isPartOf":{"@id":"https:\/\/www.sarabadrschmidt.com\/#website"},"datePublished":"2020-11-05T08:56:38+00:00","dateModified":"2025-10-23T10:54:11+00:00","breadcrumb":{"@id":"https:\/\/www.sarabadrschmidt.com\/multi-media-2\/#breadcrumb"},"inLanguage":"fr-FR","potentialAction":[{"@type":"ReadAction","target":["https:\/\/www.sarabadrschmidt.com\/multi-media-2\/"]}]},{"@type":"BreadcrumbList","@id":"https:\/\/www.sarabadrschmidt.com\/multi-media-2\/#breadcrumb","itemListElement":[{"@type":"ListItem","position":1,"name":"Accueil","item":"https:\/\/www.sarabadrschmidt.com\/fr\/"},{"@type":"ListItem","position":2,"name":"Expositions"}]},{"@type":"WebSite","@id":"https:\/\/www.sarabadrschmidt.com\/#website","url":"https:\/\/www.sarabadrschmidt.com\/","name":"Sara Badr Schmidt","description":"","publisher":{"@id":"https:\/\/www.sarabadrschmidt.com\/#\/schema\/person\/6aac59e946ed87a065ccaa38260c57ca"},"potentialAction":[{"@type":"SearchAction","target":{"@type":"EntryPoint","urlTemplate":"https:\/\/www.sarabadrschmidt.com\/?s={search_term_string}"},"query-input":{"@type":"PropertyValueSpecification","valueRequired":true,"valueName":"search_term_string"}}],"inLanguage":"fr-FR"},{"@type":["Person","Organization"],"@id":"https:\/\/www.sarabadrschmidt.com\/#\/schema\/person\/6aac59e946ed87a065ccaa38260c57ca","name":"sara","image":{"@type":"ImageObject","inLanguage":"fr-FR","@id":"https:\/\/www.sarabadrschmidt.com\/#\/schema\/person\/image\/","url":"https:\/\/www.sarabadrschmidt.com\/wp-content\/uploads\/2020\/10\/sarabadrschmidt_logo.png","contentUrl":"https:\/\/www.sarabadrschmidt.com\/wp-content\/uploads\/2020\/10\/sarabadrschmidt_logo.png","width":426,"height":50,"caption":"sara"},"logo":{"@id":"https:\/\/www.sarabadrschmidt.com\/#\/schema\/person\/image\/"},"sameAs":["https:\/\/www.sarabadrschmidt.com","https:\/\/www.instagram.com\/SaraBadrSchmidt\/"]}]}},"_links":{"self":[{"href":"https:\/\/www.sarabadrschmidt.com\/fr\/wp-json\/wp\/v2\/pages\/1305","targetHints":{"allow":["GET"]}}],"collection":[{"href":"https:\/\/www.sarabadrschmidt.com\/fr\/wp-json\/wp\/v2\/pages"}],"about":[{"href":"https:\/\/www.sarabadrschmidt.com\/fr\/wp-json\/wp\/v2\/types\/page"}],"author":[{"embeddable":true,"href":"https:\/\/www.sarabadrschmidt.com\/fr\/wp-json\/wp\/v2\/users\/3"}],"replies":[{"embeddable":true,"href":"https:\/\/www.sarabadrschmidt.com\/fr\/wp-json\/wp\/v2\/comments?post=1305"}],"version-history":[{"count":0,"href":"https:\/\/www.sarabadrschmidt.com\/fr\/wp-json\/wp\/v2\/pages\/1305\/revisions"}],"wp:attachment":[{"href":"https:\/\/www.sarabadrschmidt.com\/fr\/wp-json\/wp\/v2\/media?parent=1305"}],"curies":[{"name":"wp","href":"https:\/\/api.w.org\/{rel}","templated":true}]}}